{"id":1087,"date":"2016-09-26T15:55:28","date_gmt":"2016-09-26T15:55:28","guid":{"rendered":"http:\/\/www.itsa.es\/ca\/?page_id=1087"},"modified":"2016-09-26T15:55:28","modified_gmt":"2016-09-26T15:55:28","slug":"pimc","status":"publish","type":"page","link":"https:\/\/www.itsa.es\/ca\/produccio\/pimc\/","title":{"rendered":"PIMC"},"content":{"rendered":"<h1>Aplicaci\u00f3 Robotitzada de PIMC<\/h1>\n<a href=\"http:\/\/www.itsa.es\/wp-content\/uploads\/2016\/08\/03_pimc.jpg\"><img loading=\"lazy\" decoding=\"async\" class=\"alignnone wp-image-383 size-medium\" src=\"http:\/\/www.itsa.es\/wp-content\/uploads\/2016\/08\/03_pimc-780x440.jpg\" width=\"780\" height=\"440\" srcset=\"https:\/\/www.itsa.es\/wp-content\/uploads\/2016\/08\/03_pimc.jpg 780w, https:\/\/www.itsa.es\/wp-content\/uploads\/2016\/08\/03_pimc-768x433.jpg 768w\" sizes=\"auto, (max-width: 780px) 100vw, 780px\" \/><\/a>\n<p>Aplicaci\u00f3 de pintura en pols directament en el proc\u00e9s de fabricaci\u00f3 per a un acabat de pe\u00e7a de major resist\u00e8ncia al ratllat que les pintures convencionals.<\/p>\n","protected":false},"excerpt":{"rendered":"<p>Aplicaci\u00f3 Robotitzada de PIMC Aplicaci\u00f3 de pintura en pols directament en el proc\u00e9s de fabricaci\u00f3 per a un acabat de pe\u00e7a de major resist\u00e8ncia al ratllat que les pintures convencionals.<\/p>\n","protected":false},"author":1,"featured_media":0,"parent":501,"menu_order":137,"comment_status":"closed","ping_status":"closed","template":"page-production.php","meta":{"_monsterinsights_skip_tracking":false,"_monsterinsights_sitenote_active":false,"_monsterinsights_sitenote_note":"","_monsterinsights_sitenote_category":0,"footnotes":""},"class_list":["post-1087","page","type-page","status-publish","hentry"],"_links":{"self":[{"href":"https:\/\/www.itsa.es\/ca\/wp-json\/wp\/v2\/pages\/1087","targetHints":{"allow":["GET"]}}],"collection":[{"href":"https:\/\/www.itsa.es\/ca\/wp-json\/wp\/v2\/pages"}],"about":[{"href":"https:\/\/www.itsa.es\/ca\/wp-json\/wp\/v2\/types\/page"}],"author":[{"embeddable":true,"href":"https:\/\/www.itsa.es\/ca\/wp-json\/wp\/v2\/users\/1"}],"replies":[{"embeddable":true,"href":"https:\/\/www.itsa.es\/ca\/wp-json\/wp\/v2\/comments?post=1087"}],"version-history":[{"count":1,"href":"https:\/\/www.itsa.es\/ca\/wp-json\/wp\/v2\/pages\/1087\/revisions"}],"predecessor-version":[{"id":1090,"href":"https:\/\/www.itsa.es\/ca\/wp-json\/wp\/v2\/pages\/1087\/revisions\/1090"}],"up":[{"embeddable":true,"href":"https:\/\/www.itsa.es\/ca\/wp-json\/wp\/v2\/pages\/501"}],"wp:attachment":[{"href":"https:\/\/www.itsa.es\/ca\/wp-json\/wp\/v2\/media?parent=1087"}],"curies":[{"name":"wp","href":"https:\/\/api.w.org\/{rel}","templated":true}]}}