{"id":1093,"date":"2016-09-26T15:56:54","date_gmt":"2016-09-26T15:56:54","guid":{"rendered":"http:\/\/www.itsa.es\/ca\/?page_id=1093"},"modified":"2016-09-26T15:56:54","modified_gmt":"2016-09-26T15:56:54","slug":"rtm","status":"publish","type":"page","link":"https:\/\/www.itsa.es\/ca\/produccio\/rtm\/","title":{"rendered":"RTM"},"content":{"rendered":"<h1>RTM<\/h1>\n<a href=\"http:\/\/www.itsa.es\/wp-content\/uploads\/2016\/08\/04_rtm.jpg\"><img loading=\"lazy\" decoding=\"async\" class=\"alignnone wp-image-385 size-medium\" src=\"http:\/\/www.itsa.es\/wp-content\/uploads\/2016\/08\/04_rtm-780x440.jpg\" width=\"780\" height=\"440\" srcset=\"https:\/\/www.itsa.es\/wp-content\/uploads\/2016\/08\/04_rtm.jpg 780w, https:\/\/www.itsa.es\/wp-content\/uploads\/2016\/08\/04_rtm-768x433.jpg 768w\" sizes=\"auto, (max-width: 780px) 100vw, 780px\" \/><\/a>\n<p>Mitjan\u00e7ant un equip de mescla \/ aplicaci\u00f3 autom\u00e0tica de resines, el proc\u00e9s de RTM ens permet fabricar peces de poli\u00e8ster per a projectes de baixa-mitjana s\u00e8rie sense necessitat de realitzar grans inversions.<\/p>\n<p>Treballem amb materials que compleixen les m\u00e9s estrictes normatives de Foc i Fum.<\/p>\n","protected":false},"excerpt":{"rendered":"<p>RTM Mitjan\u00e7ant un equip de mescla \/ aplicaci\u00f3 autom\u00e0tica de resines, el proc\u00e9s de RTM ens permet fabricar peces de poli\u00e8ster per a projectes de baixa-mitjana s\u00e8rie sense necessitat de realitzar grans inversions. Treballem amb materials que compleixen les m\u00e9s estrictes normatives de Foc i Fum.<\/p>\n","protected":false},"author":1,"featured_media":0,"parent":501,"menu_order":167,"comment_status":"closed","ping_status":"closed","template":"page-production.php","meta":{"_monsterinsights_skip_tracking":false,"_monsterinsights_sitenote_active":false,"_monsterinsights_sitenote_note":"","_monsterinsights_sitenote_category":0,"footnotes":""},"class_list":["post-1093","page","type-page","status-publish","hentry"],"_links":{"self":[{"href":"https:\/\/www.itsa.es\/ca\/wp-json\/wp\/v2\/pages\/1093","targetHints":{"allow":["GET"]}}],"collection":[{"href":"https:\/\/www.itsa.es\/ca\/wp-json\/wp\/v2\/pages"}],"about":[{"href":"https:\/\/www.itsa.es\/ca\/wp-json\/wp\/v2\/types\/page"}],"author":[{"embeddable":true,"href":"https:\/\/www.itsa.es\/ca\/wp-json\/wp\/v2\/users\/1"}],"replies":[{"embeddable":true,"href":"https:\/\/www.itsa.es\/ca\/wp-json\/wp\/v2\/comments?post=1093"}],"version-history":[{"count":1,"href":"https:\/\/www.itsa.es\/ca\/wp-json\/wp\/v2\/pages\/1093\/revisions"}],"predecessor-version":[{"id":1096,"href":"https:\/\/www.itsa.es\/ca\/wp-json\/wp\/v2\/pages\/1093\/revisions\/1096"}],"up":[{"embeddable":true,"href":"https:\/\/www.itsa.es\/ca\/wp-json\/wp\/v2\/pages\/501"}],"wp:attachment":[{"href":"https:\/\/www.itsa.es\/ca\/wp-json\/wp\/v2\/media?parent=1093"}],"curies":[{"name":"wp","href":"https:\/\/api.w.org\/{rel}","templated":true}]}}