{"id":1099,"date":"2016-09-26T16:01:47","date_gmt":"2016-09-26T16:01:47","guid":{"rendered":"http:\/\/www.itsa.es\/ca\/?page_id=1099"},"modified":"2016-09-26T16:01:47","modified_gmt":"2016-09-26T16:01:47","slug":"pintura","status":"publish","type":"page","link":"https:\/\/www.itsa.es\/ca\/produccio\/pintura\/","title":{"rendered":"Pintura"},"content":{"rendered":"<h1>Pintura<\/h1>\n<a href=\"http:\/\/www.itsa.es\/wp-content\/uploads\/2016\/08\/05_painting.jpg\"><img loading=\"lazy\" decoding=\"async\" class=\"alignnone wp-image-387 size-medium\" src=\"http:\/\/www.itsa.es\/wp-content\/uploads\/2016\/08\/05_painting-780x440.jpg\" width=\"780\" height=\"440\" srcset=\"https:\/\/www.itsa.es\/wp-content\/uploads\/2016\/08\/05_painting.jpg 780w, https:\/\/www.itsa.es\/wp-content\/uploads\/2016\/08\/05_painting-768x433.jpg 768w\" sizes=\"auto, (max-width: 780px) 100vw, 780px\" \/><\/a>\n<p><strong>Cabina de poliment i mecanitzat<\/strong><br \/>\nDues cabines totalment equipades, ens proporcionen una superf\u00edcie de 60m2 per a la preparaci\u00f3 i mecanitzaci\u00f3 de peces.<\/p>\n<p><strong>Cabina din\u00e0mica de pintura<\/strong><br \/>\nAplicaci\u00f3 de diferents tipus de pintures (base aigua i base dissolvent) i de textures.<br \/>\nTractament superficial de pl\u00e0stics per garantir l&#8217;adher\u00e8ncia de les pintures (com ara PP o PE).<\/p>\n<p><strong>Cabina est\u00e0tica de pintura<\/strong><br \/>\nCabina i forn de grans dimensions, que ens permet pintar peces de fins a 5m de llarg i de 2m d\u2019al\u00e7ada.<\/p>\n","protected":false},"excerpt":{"rendered":"<p>Pintura Cabina de poliment i mecanitzat Dues cabines totalment equipades, ens proporcionen una superf\u00edcie de 60m2 per a la preparaci\u00f3 i mecanitzaci\u00f3 de peces. Cabina din\u00e0mica de pintura Aplicaci\u00f3 de diferents tipus de pintures (base aigua i base dissolvent) i de textures. Tractament superficial de pl\u00e0stics per garantir l&#8217;adher\u00e8ncia de les pintures (com ara PP&#8230;  <a class=\"excerpt-read-more\" href=\"https:\/\/www.itsa.es\/ca\/produccio\/pintura\/\" title=\"Read Pintura\">Read more &raquo;<\/a><\/p>\n","protected":false},"author":1,"featured_media":0,"parent":501,"menu_order":131,"comment_status":"closed","ping_status":"closed","template":"page-production.php","meta":{"_monsterinsights_skip_tracking":false,"_monsterinsights_sitenote_active":false,"_monsterinsights_sitenote_note":"","_monsterinsights_sitenote_category":0,"footnotes":""},"class_list":["post-1099","page","type-page","status-publish","hentry"],"_links":{"self":[{"href":"https:\/\/www.itsa.es\/ca\/wp-json\/wp\/v2\/pages\/1099","targetHints":{"allow":["GET"]}}],"collection":[{"href":"https:\/\/www.itsa.es\/ca\/wp-json\/wp\/v2\/pages"}],"about":[{"href":"https:\/\/www.itsa.es\/ca\/wp-json\/wp\/v2\/types\/page"}],"author":[{"embeddable":true,"href":"https:\/\/www.itsa.es\/ca\/wp-json\/wp\/v2\/users\/1"}],"replies":[{"embeddable":true,"href":"https:\/\/www.itsa.es\/ca\/wp-json\/wp\/v2\/comments?post=1099"}],"version-history":[{"count":1,"href":"https:\/\/www.itsa.es\/ca\/wp-json\/wp\/v2\/pages\/1099\/revisions"}],"predecessor-version":[{"id":1102,"href":"https:\/\/www.itsa.es\/ca\/wp-json\/wp\/v2\/pages\/1099\/revisions\/1102"}],"up":[{"embeddable":true,"href":"https:\/\/www.itsa.es\/ca\/wp-json\/wp\/v2\/pages\/501"}],"wp:attachment":[{"href":"https:\/\/www.itsa.es\/ca\/wp-json\/wp\/v2\/media?parent=1099"}],"curies":[{"name":"wp","href":"https:\/\/api.w.org\/{rel}","templated":true}]}}