{"id":1111,"date":"2016-09-26T16:15:41","date_gmt":"2016-09-26T16:15:41","guid":{"rendered":"http:\/\/www.itsa.es\/ca\/?page_id=1111"},"modified":"2016-09-26T16:15:41","modified_gmt":"2016-09-26T16:15:41","slug":"encolat-i-muntatge","status":"publish","type":"page","link":"https:\/\/www.itsa.es\/ca\/produccio\/encolat-i-muntatge\/","title":{"rendered":"Encolat i muntatge"},"content":{"rendered":"<h1>\u00c0rea d\u2019acabats<\/h1>\n<a href=\"http:\/\/www.itsa.es\/wp-content\/uploads\/2016\/08\/07_bonding_assembly.jpg\"><img loading=\"lazy\" decoding=\"async\" class=\"alignnone wp-image-391 size-medium\" src=\"http:\/\/www.itsa.es\/wp-content\/uploads\/2016\/08\/07_bonding_assembly-780x440.jpg\" width=\"780\" height=\"440\" srcset=\"https:\/\/www.itsa.es\/wp-content\/uploads\/2016\/08\/07_bonding_assembly.jpg 780w, https:\/\/www.itsa.es\/wp-content\/uploads\/2016\/08\/07_bonding_assembly-768x433.jpg 768w\" sizes=\"auto, (max-width: 780px) 100vw, 780px\" \/><\/a>\n<p>ITSA ha estat atorgada amb les certificacions d&#8217;encolat DIN 6701-2 A2 i de soldadura UNE &#8211; EN 15085-2 * CL4, per oferir peces i conjunts totalment equipats i acabats.<\/p>\n<p>Els capacitats treballadors d\u2019ITSA tenen una \u00e0mplia experi\u00e8ncia en conjunts de components el\u00e8ctrics i mec\u00e0nics, est\u00e0tics i din\u00e0mics.<\/p>\n<p>L&#8217;equip de compres de ITSA desenvolupa i controla un panell de sub-prove\u00efdors experts en totes les seves tecnologies.<\/p>\n","protected":false},"excerpt":{"rendered":"<p>\u00c0rea d\u2019acabats ITSA ha estat atorgada amb les certificacions d&#8217;encolat DIN 6701-2 A2 i de soldadura UNE &#8211; EN 15085-2 * CL4, per oferir peces i conjunts totalment equipats i acabats. Els capacitats treballadors d\u2019ITSA tenen una \u00e0mplia experi\u00e8ncia en conjunts de components el\u00e8ctrics i mec\u00e0nics, est\u00e0tics i din\u00e0mics. L&#8217;equip de compres de ITSA desenvolupa&#8230;  <a class=\"excerpt-read-more\" href=\"https:\/\/www.itsa.es\/ca\/produccio\/encolat-i-muntatge\/\" title=\"Read Encolat i muntatge\">Read more &raquo;<\/a><\/p>\n","protected":false},"author":1,"featured_media":0,"parent":501,"menu_order":40,"comment_status":"closed","ping_status":"closed","template":"page-production.php","meta":{"_monsterinsights_skip_tracking":false,"_monsterinsights_sitenote_active":false,"_monsterinsights_sitenote_note":"","_monsterinsights_sitenote_category":0,"footnotes":""},"class_list":["post-1111","page","type-page","status-publish","hentry"],"_links":{"self":[{"href":"https:\/\/www.itsa.es\/ca\/wp-json\/wp\/v2\/pages\/1111","targetHints":{"allow":["GET"]}}],"collection":[{"href":"https:\/\/www.itsa.es\/ca\/wp-json\/wp\/v2\/pages"}],"about":[{"href":"https:\/\/www.itsa.es\/ca\/wp-json\/wp\/v2\/types\/page"}],"author":[{"embeddable":true,"href":"https:\/\/www.itsa.es\/ca\/wp-json\/wp\/v2\/users\/1"}],"replies":[{"embeddable":true,"href":"https:\/\/www.itsa.es\/ca\/wp-json\/wp\/v2\/comments?post=1111"}],"version-history":[{"count":1,"href":"https:\/\/www.itsa.es\/ca\/wp-json\/wp\/v2\/pages\/1111\/revisions"}],"predecessor-version":[{"id":1114,"href":"https:\/\/www.itsa.es\/ca\/wp-json\/wp\/v2\/pages\/1111\/revisions\/1114"}],"up":[{"embeddable":true,"href":"https:\/\/www.itsa.es\/ca\/wp-json\/wp\/v2\/pages\/501"}],"wp:attachment":[{"href":"https:\/\/www.itsa.es\/ca\/wp-json\/wp\/v2\/media?parent=1111"}],"curies":[{"name":"wp","href":"https:\/\/api.w.org\/{rel}","templated":true}]}}