{"id":1117,"date":"2016-09-26T16:16:50","date_gmt":"2016-09-26T16:16:50","guid":{"rendered":"http:\/\/www.itsa.es\/ca\/?page_id=1117"},"modified":"2016-09-26T16:16:50","modified_gmt":"2016-09-26T16:16:50","slug":"embalatge-i-entregues","status":"publish","type":"page","link":"https:\/\/www.itsa.es\/ca\/produccio\/embalatge-i-entregues\/","title":{"rendered":"Embalatge i entregues"},"content":{"rendered":"<h1>Embalatge i entregues<\/h1>\n<a href=\"http:\/\/www.itsa.es\/wp-content\/uploads\/2016\/08\/08_packaging_deliveries.jpg\"><img loading=\"lazy\" decoding=\"async\" class=\"alignnone wp-image-393 size-medium\" src=\"http:\/\/www.itsa.es\/wp-content\/uploads\/2016\/08\/08_packaging_deliveries-780x440.jpg\" width=\"780\" height=\"440\" srcset=\"https:\/\/www.itsa.es\/wp-content\/uploads\/2016\/08\/08_packaging_deliveries.jpg 780w, https:\/\/www.itsa.es\/wp-content\/uploads\/2016\/08\/08_packaging_deliveries-768x433.jpg 768w\" sizes=\"auto, (max-width: 780px) 100vw, 780px\" \/><\/a>\n<p>A ITSA tenim una \u00e0mplia experi\u00e8ncia en el disseny d&#8217;embalatges adaptats a les necessitats i especificacions dels nostres clients: Retornable o no, el nostre embalatge est\u00e0 dissenyat per a facilitar la manipulaci\u00f3 del producte i reduir costos, a m\u00e9s de minimitzar l&#8217;impacte mediambiental.<\/p>\n<p>Gr\u00e0cies a les nostres activitats d&#8217;importaci\u00f3 i exportaci\u00f3 hem desenvolupat fortes connexions de transport tant a nivell nacional com internacional, la qual cosa ens permet respondre a les necessitats dels nostres clients pel que fa a lliuraments de producte. El nostre equip de vendes i atenci\u00f3 al client compta amb \u00e0mplia experi\u00e8ncia en la realitzaci\u00f3 de gestions administratives i duaneres.<\/p>\n<p>Dels enviaments regulars a lliuraments Express 24h, des d&#8217;una pe\u00e7a fins a contenidors complets, proposem als nostres clients una log\u00edstica just-in-time amb l&#8217;objectiu de reduir els seus costos d&#8217;emmagatzematge.<\/p>\n","protected":false},"excerpt":{"rendered":"<p>Embalatge i entregues A ITSA tenim una \u00e0mplia experi\u00e8ncia en el disseny d&#8217;embalatges adaptats a les necessitats i especificacions dels nostres clients: Retornable o no, el nostre embalatge est\u00e0 dissenyat per a facilitar la manipulaci\u00f3 del producte i reduir costos, a m\u00e9s de minimitzar l&#8217;impacte mediambiental. Gr\u00e0cies a les nostres activitats d&#8217;importaci\u00f3 i exportaci\u00f3 hem&#8230;  <a class=\"excerpt-read-more\" href=\"https:\/\/www.itsa.es\/ca\/produccio\/embalatge-i-entregues\/\" title=\"Read Embalatge i entregues\">Read more &raquo;<\/a><\/p>\n","protected":false},"author":1,"featured_media":0,"parent":501,"menu_order":125,"comment_status":"closed","ping_status":"closed","template":"page-production.php","meta":{"_monsterinsights_skip_tracking":false,"_monsterinsights_sitenote_active":false,"_monsterinsights_sitenote_note":"","_monsterinsights_sitenote_category":0,"footnotes":""},"class_list":["post-1117","page","type-page","status-publish","hentry"],"_links":{"self":[{"href":"https:\/\/www.itsa.es\/ca\/wp-json\/wp\/v2\/pages\/1117","targetHints":{"allow":["GET"]}}],"collection":[{"href":"https:\/\/www.itsa.es\/ca\/wp-json\/wp\/v2\/pages"}],"about":[{"href":"https:\/\/www.itsa.es\/ca\/wp-json\/wp\/v2\/types\/page"}],"author":[{"embeddable":true,"href":"https:\/\/www.itsa.es\/ca\/wp-json\/wp\/v2\/users\/1"}],"replies":[{"embeddable":true,"href":"https:\/\/www.itsa.es\/ca\/wp-json\/wp\/v2\/comments?post=1117"}],"version-history":[{"count":1,"href":"https:\/\/www.itsa.es\/ca\/wp-json\/wp\/v2\/pages\/1117\/revisions"}],"predecessor-version":[{"id":1118,"href":"https:\/\/www.itsa.es\/ca\/wp-json\/wp\/v2\/pages\/1117\/revisions\/1118"}],"up":[{"embeddable":true,"href":"https:\/\/www.itsa.es\/ca\/wp-json\/wp\/v2\/pages\/501"}],"wp:attachment":[{"href":"https:\/\/www.itsa.es\/ca\/wp-json\/wp\/v2\/media?parent=1117"}],"curies":[{"name":"wp","href":"https:\/\/api.w.org\/{rel}","templated":true}]}}