{"id":1128,"date":"2016-09-26T16:23:37","date_gmt":"2016-09-26T16:23:37","guid":{"rendered":"http:\/\/www.itsa.es\/ca\/?page_id=1128"},"modified":"2025-01-17T15:39:19","modified_gmt":"2025-01-17T15:39:19","slug":"qualitat-i-medi-ambient","status":"publish","type":"page","link":"https:\/\/www.itsa.es\/ca\/qualitat\/qualitat-i-medi-ambient\/","title":{"rendered":"Qualitat i Medi Ambient"},"content":{"rendered":"\n<h1 class=\"wp-block-heading\">Qualitat basada en la professionalitat del nostre equip i un excel\u00b7lent sistema de gesti\u00f3. Segurs, sostenibles i respectuosos amb el medi ambient<\/h1>\n\n\n\n<figure class=\"wp-block-image\"><a href=\"http:\/\/www.itsa.es\/wp-content\/uploads\/2016\/08\/01_quality_environment.jpg\"><img loading=\"lazy\" decoding=\"async\" width=\"780\" height=\"440\" src=\"http:\/\/www.itsa.es\/wp-content\/uploads\/2016\/08\/01_quality_environment-780x440.jpg\" alt=\"\" class=\"wp-image-398\" srcset=\"https:\/\/www.itsa.es\/wp-content\/uploads\/2016\/08\/01_quality_environment.jpg 780w, https:\/\/www.itsa.es\/wp-content\/uploads\/2016\/08\/01_quality_environment-768x433.jpg 768w\" sizes=\"auto, (max-width: 780px) 100vw, 780px\" \/><\/a><\/figure>\n\n\n\n<p>La qualitat \u00e9s la pedra angular de la nostra relaci\u00f3 amb tots els nostres clients, prove\u00efdors i socis, i est\u00e0 involucrada en tots els processos de treball de ITSA: des del disseny fins a la fabricaci\u00f3 i lliurament del producte acabat.<\/p>\n\n\n\n<p>Conscients de la import\u00e0ncia de cuidar el nostre planeta i la nostra qualitat de vida, ITSA es compromet a fer el seu negoci amb el m\u00e0xim respecte i protecci\u00f3 del medi ambient, aix\u00ed com a reduir al m\u00ednim l&#8217;impacte generat per les seves instal\u00b7lacions i productes, en conformitat amb la legislaci\u00f3 vigent.<\/p>\n\n\n\n<p>A ITSA tenim com a objectiu establir una relaci\u00f3 d&#8217;estreta col\u00b7laboraci\u00f3 amb els nostres clients, que doni resposta a les seves necessitats i ens permeti cr\u00e9ixer junts. Criteris de sostenibilitat econ\u00f2mica, social i ecol\u00f2gica s\u00f3n la base de les nostres relacions.<\/p>\n\n\n\n<p>Optimitzem els recursos i processos en cada fase del desenvolupament del producte per satisfer les necessitats dels nostres clients, oferint-los flexibilitat i garanties de qualitat al mateix temps que actuem de manera respectuosa amb el medi ambient.<\/p>\n\n\n\n<p><a href=\"https:\/\/www.itsa.es\/wp-content\/uploads\/2025\/01\/DC-002-rev-09-Politica-de-la-Calidad-signada-OK-1.pdf\">POLITICA DE QUALITAT, MEDI AMBIENT I SEGURETAT, RSC I SALUT LABORAL<\/a><\/p>\n","protected":false},"excerpt":{"rendered":"<p>Qualitat basada en la professionalitat del nostre equip i un excel\u00b7lent sistema de gesti\u00f3. Segurs, sostenibles i respectuosos amb el medi ambient La qualitat \u00e9s la pedra angular de la nostra relaci\u00f3 amb tots els nostres clients, prove\u00efdors i socis, i est\u00e0 involucrada en tots els processos de treball de ITSA: des del disseny fins&#8230;  <a class=\"excerpt-read-more\" href=\"https:\/\/www.itsa.es\/ca\/qualitat\/qualitat-i-medi-ambient\/\" title=\"Read Qualitat i Medi Ambient\">Read more &raquo;<\/a><\/p>\n","protected":false},"author":1,"featured_media":0,"parent":507,"menu_order":156,"comment_status":"closed","ping_status":"closed","template":"page-quality.php","meta":{"_monsterinsights_skip_tracking":false,"_monsterinsights_sitenote_active":false,"_monsterinsights_sitenote_note":"","_monsterinsights_sitenote_category":0,"footnotes":""},"class_list":["post-1128","page","type-page","status-publish","hentry"],"_links":{"self":[{"href":"https:\/\/www.itsa.es\/ca\/wp-json\/wp\/v2\/pages\/1128","targetHints":{"allow":["GET"]}}],"collection":[{"href":"https:\/\/www.itsa.es\/ca\/wp-json\/wp\/v2\/pages"}],"about":[{"href":"https:\/\/www.itsa.es\/ca\/wp-json\/wp\/v2\/types\/page"}],"author":[{"embeddable":true,"href":"https:\/\/www.itsa.es\/ca\/wp-json\/wp\/v2\/users\/1"}],"replies":[{"embeddable":true,"href":"https:\/\/www.itsa.es\/ca\/wp-json\/wp\/v2\/comments?post=1128"}],"version-history":[{"count":14,"href":"https:\/\/www.itsa.es\/ca\/wp-json\/wp\/v2\/pages\/1128\/revisions"}],"predecessor-version":[{"id":4708,"href":"https:\/\/www.itsa.es\/ca\/wp-json\/wp\/v2\/pages\/1128\/revisions\/4708"}],"up":[{"embeddable":true,"href":"https:\/\/www.itsa.es\/ca\/wp-json\/wp\/v2\/pages\/507"}],"wp:attachment":[{"href":"https:\/\/www.itsa.es\/ca\/wp-json\/wp\/v2\/media?parent=1128"}],"curies":[{"name":"wp","href":"https:\/\/api.w.org\/{rel}","templated":true}]}}