{"id":1151,"date":"2016-09-26T16:36:35","date_gmt":"2016-09-26T16:36:35","guid":{"rendered":"http:\/\/www.itsa.es\/ca\/?page_id=1151"},"modified":"2016-10-13T09:38:58","modified_gmt":"2016-10-13T09:38:58","slug":"politica-de-cookies","status":"publish","type":"page","link":"https:\/\/www.itsa.es\/ca\/politica-de-cookies\/","title":{"rendered":"Pol\u00edtica de cookies"},"content":{"rendered":"<p>&nbsp;<\/p>\n<p>Una\u00a0<em>cookie<\/em> \u00e9s un petit fitxer de text que s&#8217;emmagatzema en el seu navegador quan visita gaireb\u00e9 qualsevol p\u00e0gina web. La seva utilitat \u00e9s que el web sigui capa\u00e7 de recordar la seva visita quan torni a navegar per aquesta p\u00e0gina. Les<em>Cookies<\/em> solen emmagatzemar informaci\u00f3 de car\u00e0cter t\u00e8cnic, prefer\u00e8ncies personals, personalitzaci\u00f3 de continguts, estad\u00edstiques d&#8217;\u00fas, enlla\u00e7os a xarxes socials, acc\u00e9s a comptes d&#8217;usuari, etc. L&#8217;objectiu de la <em>cookie<\/em> \u00e9s adaptar el contingut del web al seu perfil i necessitats, sense <em>cookies<\/em> els serveis oferts per qualsevol p\u00e0gina es veurien minvats notablement. Si desitja consultar m\u00e9s informaci\u00f3 sobre qu\u00e8 s\u00f3n les <em>cookies<\/em>, qu\u00e8 emmagatzemen, com eliminar-les, desactivar-les, etc., <a href=\"https:\/\/www.itsa.es\/ca\/mes-informacio-sobre-cookies\/\">li preguem s&#8217;adreci a aquest enlla\u00e7.<\/a><\/p>\n<h2><strong>Cookies utilitzades en aquest lloc web<\/strong><\/h2>\n<p>Seguint les directrius de l&#8217;Ag\u00e8ncia Espanyola de Protecci\u00f3 de Dades procedim a detallar l&#8217;\u00fas de galetes que fa aquesta web per tal d&#8217;informar-lo amb la m\u00e0xima exactitud possible.<\/p>\n<p>Aquest lloc web utilitza les seg\u00fcents <strong> cookies pr\u00f2pies<\/strong>:<\/p>\n<ol>\n<li>Cookies de sessi\u00f3, per garantir que els usuaris que escriguin comentaris al blog siguin humans i no aplicacions automatitzades. D&#8217;aquesta manera es combat el <em>correu brossa<\/em>.<\/li>\n<li>Aquest lloc web utilitza les seg\u00fcents <strong>cookies de tercers<\/strong>:<\/li>\n<li>Analytics: Emmagatzema cookies per a poder elaborar estad\u00edstiques sobre el tr\u00e0nsit i volum de visites d&#8217;aquesta web. En utilitzar aquest lloc web est\u00e0 consentint el tractament d&#8217;informaci\u00f3 sobre vost\u00e8 per Google. Per tant, l&#8217;exercici de qualsevol dret en aquest sentit haur\u00e0 de fer comunicant directament amb Google.<\/li>\n<li>Xarxes socials: Cada xarxa social utilitza les seves pr\u00f2pies <em>cookies<\/em> per tu punxar en botons del tipus <em>M&#8217;agrada<\/em>o\u00a0<em>Compartir<\/em>.<\/li>\n<\/ol>\n<h2><strong>Desactivaci\u00f3 o eliminaci\u00f3 de cookies<\/strong><\/h2>\n<p>En qualsevol moment podr\u00e0 exercir el seu dret de desactivaci\u00f3 o eliminaci\u00f3 de cookies d&#8217;aquest lloc web. Aquestes accions es realitzen de forma diferent en funci\u00f3 del navegador que esteu utilitzant. <a href=\"https:\/\/www.itsa.es\/ca\/mes-informacio-sobre-cookies\/#navegadores\">Aqu\u00ed li deixem una guia r\u00e0pida per als navegadors m\u00e9s populars<\/a>.<\/p>\n<h2><strong>Notes addicionals<\/strong><\/h2>\n<ul>\n<li>Ni aquesta web ni els seus representants legals es fan responsables ni del contingut ni de la veracitat de les pol\u00edtiques de privacitat que puguin tenir els tercers esmentats en aquesta pol\u00edtica de<em> cookies<\/em><\/li>\n<li>Els navegadors web s\u00f3n les eines encarregades d&#8217;emmagatzemar les <em>cookies<\/em>i des d&#8217;aquest lloc d&#8217;efectuar el seu dret a eliminaci\u00f3 o desactivaci\u00f3 de les mateixes. Ni aquesta web ni els seus representants legals poden garantir la correcta o incorrecta manipulaci\u00f3 de les <em>cookies<\/em> per part dels esmentats navegadors.<\/li>\n<li>En alguns casos \u00e9s necessari instal\u00b7lar <em>cookies<\/em> perqu\u00e8 el navegador no oblidi la seva decisi\u00f3 de no acceptaci\u00f3 de les mateixes.<\/li>\n<li>En el cas de les <em>cookies<\/em>de Google Analytics, aquesta empresa emmagatzema les <em>cookies<\/em> en els servidors als Estats Units i es compromet a no compartir-la amb tercers, excepte en els casos en qu\u00e8 sigui necessari per al funcionament del sistema o quan la llei obligui a aquest efecte. Segons Google no guarda la seva adre\u00e7a IP. Google Inc \u00e9s una companyia adherida a l&#8217;Acord de Port Segur que garanteix que totes les dades transferides seran tractades amb un nivell de protecci\u00f3 d&#8217;acord amb la normativa europea. Podeu consultar informaci\u00f3 detallada referent a aix\u00f2 <a href=\"http:\/\/safeharbor.export.gov\/companyinfo.aspx?id=16626\" target=\"_blank\">en aquest enlla\u00e7<\/a>. Si desitja informaci\u00f3 sobre l&#8217;\u00fas que Google d\u00f3na a les cookies <a href=\"https:\/\/developers.google.com\/analytics\/devguides\/collection\/analyticsjs\/cookie-usage?hl=en&amp;csw=1\" target=\"_blank\"> li adjuntem aquest altre enlla\u00e7.<\/a>.<\/li>\n<\/ul>\n<p>Per a qualsevol dubte o consulta sobre aquesta pol\u00edtica de cookies no dubti en comunicar-se amb nosaltres a trav\u00e9s de la secci\u00f3 de contacte.<\/p>\n","protected":false},"excerpt":{"rendered":"<p>&nbsp; Una\u00a0cookie \u00e9s un petit fitxer de text que s&#8217;emmagatzema en el seu navegador quan visita gaireb\u00e9 qualsevol p\u00e0gina web. La seva utilitat \u00e9s que el web sigui capa\u00e7 de recordar la seva visita quan torni a navegar per aquesta p\u00e0gina. LesCookies solen emmagatzemar informaci\u00f3 de car\u00e0cter t\u00e8cnic, prefer\u00e8ncies personals, personalitzaci\u00f3 de continguts, estad\u00edstiques d&#8217;\u00fas,&#8230;  <a class=\"excerpt-read-more\" href=\"https:\/\/www.itsa.es\/ca\/politica-de-cookies\/\" title=\"Read Pol\u00edtica de cookies\">Read more &raquo;<\/a><\/p>\n","protected":false},"author":1,"featured_media":0,"parent":0,"menu_order":9,"comment_status":"closed","ping_status":"closed","template":"","meta":{"_monsterinsights_skip_tracking":false,"_monsterinsights_sitenote_active":false,"_monsterinsights_sitenote_note":"","_monsterinsights_sitenote_category":0,"footnotes":""},"class_list":["post-1151","page","type-page","status-publish","hentry"],"_links":{"self":[{"href":"https:\/\/www.itsa.es\/ca\/wp-json\/wp\/v2\/pages\/1151","targetHints":{"allow":["GET"]}}],"collection":[{"href":"https:\/\/www.itsa.es\/ca\/wp-json\/wp\/v2\/pages"}],"about":[{"href":"https:\/\/www.itsa.es\/ca\/wp-json\/wp\/v2\/types\/page"}],"author":[{"embeddable":true,"href":"https:\/\/www.itsa.es\/ca\/wp-json\/wp\/v2\/users\/1"}],"replies":[{"embeddable":true,"href":"https:\/\/www.itsa.es\/ca\/wp-json\/wp\/v2\/comments?post=1151"}],"version-history":[{"count":12,"href":"https:\/\/www.itsa.es\/ca\/wp-json\/wp\/v2\/pages\/1151\/revisions"}],"predecessor-version":[{"id":1466,"href":"https:\/\/www.itsa.es\/ca\/wp-json\/wp\/v2\/pages\/1151\/revisions\/1466"}],"wp:attachment":[{"href":"https:\/\/www.itsa.es\/ca\/wp-json\/wp\/v2\/media?parent=1151"}],"curies":[{"name":"wp","href":"https:\/\/api.w.org\/{rel}","templated":true}]}}