{"id":1156,"date":"2016-09-26T16:37:33","date_gmt":"2016-09-26T16:37:33","guid":{"rendered":"http:\/\/www.itsa.es\/ca\/?page_id=1156"},"modified":"2016-10-13T09:39:57","modified_gmt":"2016-10-13T09:39:57","slug":"mes-informacio-sobre-cookies","status":"publish","type":"page","link":"https:\/\/www.itsa.es\/ca\/mes-informacio-sobre-cookies\/","title":{"rendered":"M\u00e9s informaci\u00f3 sobre cookies"},"content":{"rendered":"<h2>Qu\u00e8 \u00e9s una cookie?<\/h2>\n<p>Una\u00a0<em>cookie<\/em> \u00e9s un fitxer de text <strong>inofensiu<\/strong> que s&#8217;emmagatzema en el seu navegador quan visita gaireb\u00e9 qualsevol p\u00e0gina web. La utilitat de la cookie \u00e9s que el web sigui capa\u00e7 de recordar la seva visita quan torni a navegar per aquesta p\u00e0gina. Encara que molta gent no ho sap les cookies es porten utilitzant des de fa 20 anys, quan van apar\u00e8ixer els primers navegadors per a la World Wide Web. <\/p>\n<h2>Qu\u00e8 NO \u00c9S una cookie?<\/h2>\n<p>No \u00e9s un virus, ni un troi\u00e0, ni un cuc, ni spam, ni spyware, ni obre finestres pop-up. <\/p>\n<h2>Quina informaci\u00f3 emmagatzema una<em>cookie<\/em>?<\/h2>\n<p>Les <em>Cookies<\/em> no solen emmagatzemar informaci\u00f3 sensible sobre vost\u00e8, com targetes de cr\u00e8dit o dades banc\u00e0ries, fotografies, el seu DNI o informaci\u00f3 personal, etc. Les dades que guarden s\u00f3n de car\u00e0cter t\u00e8cnic, prefer\u00e8ncies personals, personalitzaci\u00f3 de continguts, etc.<\/p>\n<p>El servidor web no li associa a vost\u00e8 com a persona si no al seu navegador web. De fet, si vost\u00e8 navega habitualment amb Internet Explorer i prova a navegar per la mateixa web amb Firefox o Chrome veur\u00e0 que el web no s&#8217;adona que \u00e9s vost\u00e8 la mateixa persona perqu\u00e8 en realitat est\u00e0 associant al navegador, no a la persona. <\/p>\n<h2>Quin tipus de <em>cookies <\/em>existeixen?<\/h2>\n<ul>\n<li><em>Cookies <\/em><em>t\u00e8cniques<\/em>: S\u00f3n les m\u00e9s elementals i permeten, entre altres coses, saber quan est\u00e0 navegant un hum\u00e0 o una aplicaci\u00f3 automatitzada, quan navega un usuari an\u00f2nim i un registrat, tasques b\u00e0siques per al funcionament de qualsevol web din\u00e0mica.<\/li>\n<li><em>Cookies <\/em><em>d&#8217;an\u00e0lisi<\/em>: Recullen informaci\u00f3 sobre el tipus de navegaci\u00f3 que est\u00e0 realitzant, les seccions que m\u00e9s utilitza, productes consultats, franja hor\u00e0ria d&#8217;\u00fas, idioma, etc.<\/li>\n<li><em>Cookies <\/em><em>publicit\u00e0ries<\/em>: Mostren publicitat en funci\u00f3 de la seva navegaci\u00f3, el seu pa\u00eds de proced\u00e8ncia, idioma, etc.<\/li>\n<\/ul>\n<h2>Qu\u00e8 s\u00f3n les <em>cookies<\/em> propies i les de tercers?<\/h2>\n<p>Les <em>cookies<\/em> pr\u00f2pies s\u00f3n les generades per la p\u00e0gina que est\u00e0 visitant i les de tercers s\u00f3n les generades per serveis o prove\u00efdors externs com Facebook, Twitter, Google, etc. <\/p>\n<h2>Qu\u00e8 passa si desactivo les <em>cookies<\/em>?<\/h2>\n<p>Perqu\u00e8 entengui l&#8217;abast que pot tenir desactivar les <em>cookies<\/em> li mostrem uns exemples:<\/p>\n<p>No podr\u00e0 compartir continguts d&#8217;aquesta web a Facebook, Twitter o qualsevol altra xarxa social.<br \/>\nEl lloc web no podr\u00e0 adaptar els continguts a les seves prefer\u00e8ncies personals, com sol passar a les botigues en l\u00ednia.<br \/>\nNo podr\u00e0 accedir a l&#8217;\u00e0rea personal d&#8217;aquesta web, com per exemple <em>El meu compte<\/em>, o <em>El meu perfil<\/em> o\u00a0<em>Les meves comandes<\/em>.<\/p>\n<ul>\n<li>Botigues en l\u00ednia: Li ser\u00e0 impossible realitzar compres en l\u00ednia, hauran de ser telef\u00f2niques o visitant la botiga f\u00edsica si \u00e9s que disposa d&#8217;ella.<\/li>\n<li>No ser\u00e0 possible personalitzar les seves prefer\u00e8ncies geogr\u00e0fiques com a franja hor\u00e0ria, divisa o idioma.<\/li>\n<li>El lloc web no podr\u00e0 realitzar anal\u00edtiques web sobre visitants i tr\u00e0nsit a la web, el que dificultar\u00e0 que el web sigui competitiva.<\/li>\n<li>No podr\u00e0 escriure al bloc, no podr\u00e0 pujar fotos, publicar comentaris, valorar o puntuar continguts. El web tampoc podr\u00e0 saber si vost\u00e8 \u00e9s un hum\u00e0 o una aplicaci\u00f3 automatitzada que publica spam.<\/li>\n<li>No es podr\u00e0 mostrar publicitat sectoritzada, el que reduir\u00e0 els ingressos publicitaris del web.<\/li>\n<\/ul>\n<p>Totes les xarxes socials fan servir cookies, si les desactiva no podr\u00e0 utilitzar cap xarxa social.<\/p>\n<h2>Es poden eliminar les <em>cookies<\/em>?<\/h2>\n<p>S\u00ed. No nom\u00e9s eliminar, tamb\u00e9 bloquejar, de forma general o particular per a un domini espec\u00edfic.<\/p>\n<p>Per eliminar les cookies d&#8217;un lloc web ha d&#8217;anar a la configuraci\u00f3 del seu navegador i all\u00e0 podr\u00e0 buscar les associades al domini en q\u00fcesti\u00f3 i procedir a la seva eliminaci\u00f3. <\/p>\n<h2 id=\"navegadores\">Configuraci\u00f3 de <em>Cookies<\/em> pels navegadors m\u00e9s populars<\/h2>\n<p>A continuaci\u00f3 us expliquem com accedir a una <em>cookie<\/em> determinada del navegador <strong>Chrome<\/strong>. Nota: aquests passos poden variar en funci\u00f3 de la versi\u00f3 del navegador:<\/p>\n<ol>\n<li>Aneu a Configuraci\u00f3 o Prefer\u00e8ncies mitjan\u00e7ant el men\u00fa Arxiu o b\u00e9 clicant la icona de personalitzaci\u00f3 que apareix a dalt a la dreta.<\/li>\n<li>Veureu diferents seccions, punxi l&#8217;opci\u00f3 <em>Mostra opcions avan\u00e7ades<\/em>.<\/li>\n<li>Aneu a <em>Privacitat<\/em>,\u00a0<em>Configuraci\u00f3 de contingut<\/em>.<\/li>\n<li>Seleccioneu <em>Totes les cookies i dades del lloc.<\/em> <\/li>\n<li>Apareixer\u00e0 un llistat amb totes les <em>cookies<\/em> ordenades per domini. Perqu\u00e8 li sigui m\u00e9s f\u00e0cil trobar les <em>cookies<\/em>, d&#8217;un determinat domini introdueixi parcialment o totalment la direcci\u00f3 al camp <em>Cerca cookies<\/em><\/li>\n<li>Despr\u00e9s de realitzar aquest filtre apareixeran en pantalla una o diverses l\u00ednies amb les <em>cookies<\/em> del web sol\u00b7licitada. Ara nom\u00e9s ha de seleccionar-la i pr\u00e9mer la <em>X<\/em> per procedir a la seva eliminaci\u00f3.<\/li>\n<\/ol>\n<p>Per accedir a la configuraci\u00f3 de <em>cookies<\/em> del navegador <strong>Internet Explorer<\/strong> feu el seg\u00fcent (poden variar en funci\u00f3 de la versi\u00f3 del navegador):<\/p>\n<ol>\n<li>Aneu a <em>Eines<\/em>, <em>Opcions d&#8217;Internet<\/em><\/li>\n<li>Feu click a <em>Privacitat<\/em>.<\/li>\n<li>Moveu el bot\u00f3 lliscant fins a ajustar el nivell de privacitat que vulgui.<\/li>\n<\/ol>\n<p>Per accedir a la configuraci\u00f3 de cookies del navegador <em>cookies<\/em> del navegador <b>Firefox<\/b> feu el seg\u00fcent (poden variar en funci\u00f3 de la versi\u00f3 del navegador):<\/p>\n<ol>\n<li>Aneu a <em>Opcions<\/em> o <em>Preferencies<\/em> segons el seu sistema operatiu.<\/li>\n<li>Feu click a <em>Privacitat<\/em>.<\/li>\n<li>A <em>hist\u00f2ric<\/em> trii <em>Utilitza una configuraci\u00f3 personalitzada per l&#8217;historial.<\/em>.<\/li>\n<li>Ara veur\u00e0 l&#8217;opci\u00f3  <em>Acceptar cookies<\/em>, pot activar-la o desactivar-la segons les seves prefer\u00e8ncies.<\/li>\n<\/ol>\n<p>Per accedir a la configuraci\u00f3 de <em>cookies<\/em> del navegador <b>Safari per OSX<\/b> feu el seg\u00fcent (poden variar en funci\u00f3 de la versi\u00f3 del navegador):<\/p>\n<ol>\n<li>Aneu a <em>Preferencies<\/em>, i despr\u00e9s a<em>Privacitat<\/em>.<\/li>\n<li>En aquest lloc veur\u00e0 l&#8217;opci\u00f3  <em>Bloquejar cookies<\/em> perqu\u00e8 ajusti el tipus de bloqueig que desitja realitzar.<\/li>\n<\/ol>\n<p>Per accedir a la configuraci\u00f3 de <em>cookies<\/em> del navegador <b>Safari para iOS<\/b> feu el seg\u00fcent (poden variar en funci\u00f3 de la versi\u00f3 del navegador):<\/p>\n<ol>\n<li>Aneu a <em>Ajustos<\/em>, despr\u00e9s <em>Safari<\/em>.<\/li>\n<li>Aneu a <em>Privacitat i Seguretat<\/em>, veur\u00e0 l&#8217;opci\u00f3  <em>Bloquejar cookies<\/em> perqu\u00e8 ajusti el tipus de bloqueig que desitja realitzar.<\/li>\n<\/ol>\n<p>Per accedir a la configuraci\u00f3 de <em>cookies<\/em> del navegador per a  dispositius <b>Android<\/b> feu el seg\u00fcent (poden variar en funci\u00f3 de la versi\u00f3 del navegador):<\/p>\n<ol>\n<li>Executeu el navegador i premeu la tecla <em>Men\u00fa<\/em>, despr\u00e9s <em>Configuraci\u00f3<\/em>.<\/li>\n<li>Aneu a <em>Seguretat i Privadesa<\/em>, veur\u00e0 l&#8217;opci\u00f3 <em>Accepta cookies <\/em> perqu\u00e8 activi o desactivi la casella..<\/li>\n<\/ol>\n<p>Per accedir a la configuraci\u00f3 de <em>cookies<\/em> del navegador per a dispositius <b>Windows Phone<\/b> feu el seg\u00fcent (poden variar en funci\u00f3 de la versi\u00f3 del navegador):<\/p>\n<ol>\n<li>Obriu <em>Internet Explorer<\/em>, despr\u00e9s <em>M\u00e9s<\/em>, despr\u00e9s <em>Configuraci\u00f3<\/em><\/li>\n<li>Ara pot activar o desactivar la casella <em>Permetre cookies<\/em>.<\/li>\n<\/ol>\n","protected":false},"excerpt":{"rendered":"<p>Qu\u00e8 \u00e9s una cookie? Una\u00a0cookie \u00e9s un fitxer de text inofensiu que s&#8217;emmagatzema en el seu navegador quan visita gaireb\u00e9 qualsevol p\u00e0gina web. La utilitat de la cookie \u00e9s que el web sigui capa\u00e7 de recordar la seva visita quan torni a navegar per aquesta p\u00e0gina. Encara que molta gent no ho sap les cookies&#8230;  <a class=\"excerpt-read-more\" href=\"https:\/\/www.itsa.es\/ca\/mes-informacio-sobre-cookies\/\" title=\"Read M\u00e9s informaci\u00f3 sobre cookies\">Read more &raquo;<\/a><\/p>\n","protected":false},"author":1,"featured_media":0,"parent":0,"menu_order":14,"comment_status":"closed","ping_status":"closed","template":"","meta":{"_monsterinsights_skip_tracking":false,"_monsterinsights_sitenote_active":false,"_monsterinsights_sitenote_note":"","_monsterinsights_sitenote_category":0,"footnotes":""},"class_list":["post-1156","page","type-page","status-publish","hentry"],"_links":{"self":[{"href":"https:\/\/www.itsa.es\/ca\/wp-json\/wp\/v2\/pages\/1156","targetHints":{"allow":["GET"]}}],"collection":[{"href":"https:\/\/www.itsa.es\/ca\/wp-json\/wp\/v2\/pages"}],"about":[{"href":"https:\/\/www.itsa.es\/ca\/wp-json\/wp\/v2\/types\/page"}],"author":[{"embeddable":true,"href":"https:\/\/www.itsa.es\/ca\/wp-json\/wp\/v2\/users\/1"}],"replies":[{"embeddable":true,"href":"https:\/\/www.itsa.es\/ca\/wp-json\/wp\/v2\/comments?post=1156"}],"version-history":[{"count":18,"href":"https:\/\/www.itsa.es\/ca\/wp-json\/wp\/v2\/pages\/1156\/revisions"}],"predecessor-version":[{"id":1467,"href":"https:\/\/www.itsa.es\/ca\/wp-json\/wp\/v2\/pages\/1156\/revisions\/1467"}],"wp:attachment":[{"href":"https:\/\/www.itsa.es\/ca\/wp-json\/wp\/v2\/media?parent=1156"}],"curies":[{"name":"wp","href":"https:\/\/api.w.org\/{rel}","templated":true}]}}