{"id":485,"date":"2016-09-23T11:47:26","date_gmt":"2016-09-23T11:47:26","guid":{"rendered":"http:\/\/www.itsa.es\/ca\/?page_id=485"},"modified":"2016-09-26T09:20:48","modified_gmt":"2016-09-26T09:20:48","slug":"empresa","status":"publish","type":"page","link":"https:\/\/www.itsa.es\/ca\/empresa\/","title":{"rendered":"Empresa"},"content":{"rendered":"<h1>Especialista en la creaci\u00f3 de productes t\u00e8cnics de pl\u00e0stic i composite<\/h1>\n<pre>A ITSA gestionem projectes globals: des del disseny de sol\u00b7lucions innovadores adaptades a les necessitats  dels nostres clients, fins a la fabricaci\u00f3 i entrega de productes d\u2019alt valor afegit. Incorporem nous processos d\u2019industrialitzaci\u00f3 a la vangu\u00e0rdia dels sectors m\u00e9s exigents. <\/pre>\n","protected":false},"excerpt":{"rendered":"<p>Especialista en la creaci\u00f3 de productes t\u00e8cnics de pl\u00e0stic i composite A ITSA gestionem projectes globals: des del disseny de sol\u00b7lucions innovadores adaptades a les necessitats dels nostres clients, fins a la fabricaci\u00f3 i entrega de productes d\u2019alt valor afegit. Incorporem nous processos d\u2019industrialitzaci\u00f3 a la vangu\u00e0rdia dels sectors m\u00e9s exigents.<\/p>\n","protected":false},"author":1,"featured_media":0,"parent":0,"menu_order":50,"comment_status":"closed","ping_status":"closed","template":"page-company.php","meta":{"_monsterinsights_skip_tracking":false,"_monsterinsights_sitenote_active":false,"_monsterinsights_sitenote_note":"","_monsterinsights_sitenote_category":0,"footnotes":""},"class_list":["post-485","page","type-page","status-publish","hentry"],"_links":{"self":[{"href":"https:\/\/www.itsa.es\/ca\/wp-json\/wp\/v2\/pages\/485","targetHints":{"allow":["GET"]}}],"collection":[{"href":"https:\/\/www.itsa.es\/ca\/wp-json\/wp\/v2\/pages"}],"about":[{"href":"https:\/\/www.itsa.es\/ca\/wp-json\/wp\/v2\/types\/page"}],"author":[{"embeddable":true,"href":"https:\/\/www.itsa.es\/ca\/wp-json\/wp\/v2\/users\/1"}],"replies":[{"embeddable":true,"href":"https:\/\/www.itsa.es\/ca\/wp-json\/wp\/v2\/comments?post=485"}],"version-history":[{"count":3,"href":"https:\/\/www.itsa.es\/ca\/wp-json\/wp\/v2\/pages\/485\/revisions"}],"predecessor-version":[{"id":566,"href":"https:\/\/www.itsa.es\/ca\/wp-json\/wp\/v2\/pages\/485\/revisions\/566"}],"wp:attachment":[{"href":"https:\/\/www.itsa.es\/ca\/wp-json\/wp\/v2\/media?parent=485"}],"curies":[{"name":"wp","href":"https:\/\/api.w.org\/{rel}","templated":true}]}}