{"id":489,"date":"2016-09-23T11:48:04","date_gmt":"2016-09-23T11:48:04","guid":{"rendered":"http:\/\/www.itsa.es\/ca\/?page_id=489"},"modified":"2016-09-26T13:37:53","modified_gmt":"2016-09-26T13:37:53","slug":"sectors","status":"publish","type":"page","link":"https:\/\/www.itsa.es\/ca\/sectors\/","title":{"rendered":"Sectors"},"content":{"rendered":"<h1>Tecnologia, coneixement, actitud<\/h1>\n<pre>Un excel\u00b7lent servei al client vol dir ni m\u00e9s ni menys que complir amb les expectatives del client oferint un servei flexible, professional i proper. \r\n\r\nGr\u00e0cies a la nostra \u00e0mplia gamma de maquin\u00e0ria, amb el suport de la m\u00e9s moderna tecnologia, fabriquem productes d'alta qualitat i excel\u00b7lent rendiment.<\/pre>\n","protected":false},"excerpt":{"rendered":"<p>Tecnologia, coneixement, actitud Un excel\u00b7lent servei al client vol dir ni m\u00e9s ni menys que complir amb les expectatives del client oferint un servei flexible, professional i proper. Gr\u00e0cies a la nostra \u00e0mplia gamma de maquin\u00e0ria, amb el suport de la m\u00e9s moderna tecnologia, fabriquem productes d&#8217;alta qualitat i excel\u00b7lent rendiment.<\/p>\n","protected":false},"author":1,"featured_media":0,"parent":0,"menu_order":175,"comment_status":"closed","ping_status":"closed","template":"page-sectors.php","meta":{"_monsterinsights_skip_tracking":false,"_monsterinsights_sitenote_active":false,"_monsterinsights_sitenote_note":"","_monsterinsights_sitenote_category":0,"footnotes":""},"class_list":["post-489","page","type-page","status-publish","hentry"],"_links":{"self":[{"href":"https:\/\/www.itsa.es\/ca\/wp-json\/wp\/v2\/pages\/489","targetHints":{"allow":["GET"]}}],"collection":[{"href":"https:\/\/www.itsa.es\/ca\/wp-json\/wp\/v2\/pages"}],"about":[{"href":"https:\/\/www.itsa.es\/ca\/wp-json\/wp\/v2\/types\/page"}],"author":[{"embeddable":true,"href":"https:\/\/www.itsa.es\/ca\/wp-json\/wp\/v2\/users\/1"}],"replies":[{"embeddable":true,"href":"https:\/\/www.itsa.es\/ca\/wp-json\/wp\/v2\/comments?post=489"}],"version-history":[{"count":3,"href":"https:\/\/www.itsa.es\/ca\/wp-json\/wp\/v2\/pages\/489\/revisions"}],"predecessor-version":[{"id":1029,"href":"https:\/\/www.itsa.es\/ca\/wp-json\/wp\/v2\/pages\/489\/revisions\/1029"}],"wp:attachment":[{"href":"https:\/\/www.itsa.es\/ca\/wp-json\/wp\/v2\/media?parent=489"}],"curies":[{"name":"wp","href":"https:\/\/api.w.org\/{rel}","templated":true}]}}