{"id":495,"date":"2016-09-23T11:49:04","date_gmt":"2016-09-23T11:49:04","guid":{"rendered":"http:\/\/www.itsa.es\/ca\/?page_id=495"},"modified":"2016-09-26T15:37:22","modified_gmt":"2016-09-26T15:37:22","slug":"disseny-enginyeria","status":"publish","type":"page","link":"https:\/\/www.itsa.es\/ca\/disseny-enginyeria\/","title":{"rendered":"Disseny &#038; Enginyeria"},"content":{"rendered":"<h2>La nostra potent enginyeria, juntament amb la capacitat industrial d\u2019ITSA, impacta positivament en la reducci\u00f3 dels temps de desenvolupament de projectes i en els costos finals<\/h2>\n<pre>El nostre equip d'enginyers altament capacitat gestiona els projectes de forma global, desenvolupant productes d'alta complexitat t\u00e8cnica recolzant-se en els \u00faltims aven\u00e7os tecnol\u00f2gics i m\u00e8todes de treball segons els est\u00e0ndards de gesti\u00f3 de les certificacions ISO i IRIS.<\/pre>\n<hr \/>\n<p>Identifiquem les necessitats dels nostres clients i analitzem el conjunt del disseny per proposar sol\u00b7lucions robustes i funcionals que integrin elements existents i nous sense oblidar el valor est\u00e8tic del conjunt per tal de garantir la qualitat i \u00f2ptimes prestacions del producte final.<\/p>\n<p>Finalment, l&#8217;Enginyeria d\u2019ITSA desenvolupa la sol\u00b7luci\u00f3 t\u00e8cnicament fent \u00fas de les \u00faltimes tecnologies per garantir la sol\u00b7luci\u00f3 \u00f2ptima per a cada client:<\/p>\n<ul>\n<li>C\u00e0lcul per elements finits (FEM)<\/li>\n<li>Desenvolupament de 3D , 2D i BOM en diferents programes<\/li>\n<li>Mould flow<\/li>\n<li>Static tests<\/li>\n<li>Product rendering<\/li>\n<li>Impressi\u00f3 3D<\/li>\n<li>Sketching<\/li>\n<\/ul>\n<p>L&#8217;Oficina T\u00e8cnica d&#8217;ITSA porta a terme el disseny i enginyeria de productes, disseny i fabricaci\u00f3 de motlles, utillatges i prototips concedint el m\u00e0xim valor al compliment de les normatives i especificacions t\u00e8cniques internacionals aix\u00ed com els terminis marcats pel client.<\/p>\n","protected":false},"excerpt":{"rendered":"<p>La nostra potent enginyeria, juntament amb la capacitat industrial d\u2019ITSA, impacta positivament en la reducci\u00f3 dels temps de desenvolupament de projectes i en els costos finals El nostre equip d&#8217;enginyers altament capacitat gestiona els projectes de forma global, desenvolupant productes d&#8217;alta complexitat t\u00e8cnica recolzant-se en els \u00faltims aven\u00e7os tecnol\u00f2gics i m\u00e8todes de treball segons els&#8230;  <a class=\"excerpt-read-more\" href=\"https:\/\/www.itsa.es\/ca\/disseny-enginyeria\/\" title=\"Read Disseny &#038; Enginyeria\">Read more &raquo;<\/a><\/p>\n","protected":false},"author":1,"featured_media":0,"parent":0,"menu_order":56,"comment_status":"closed","ping_status":"closed","template":"","meta":{"_monsterinsights_skip_tracking":false,"_monsterinsights_sitenote_active":false,"_monsterinsights_sitenote_note":"","_monsterinsights_sitenote_category":0,"footnotes":""},"class_list":["post-495","page","type-page","status-publish","hentry"],"_links":{"self":[{"href":"https:\/\/www.itsa.es\/ca\/wp-json\/wp\/v2\/pages\/495","targetHints":{"allow":["GET"]}}],"collection":[{"href":"https:\/\/www.itsa.es\/ca\/wp-json\/wp\/v2\/pages"}],"about":[{"href":"https:\/\/www.itsa.es\/ca\/wp-json\/wp\/v2\/types\/page"}],"author":[{"embeddable":true,"href":"https:\/\/www.itsa.es\/ca\/wp-json\/wp\/v2\/users\/1"}],"replies":[{"embeddable":true,"href":"https:\/\/www.itsa.es\/ca\/wp-json\/wp\/v2\/comments?post=495"}],"version-history":[{"count":3,"href":"https:\/\/www.itsa.es\/ca\/wp-json\/wp\/v2\/pages\/495\/revisions"}],"predecessor-version":[{"id":1065,"href":"https:\/\/www.itsa.es\/ca\/wp-json\/wp\/v2\/pages\/495\/revisions\/1065"}],"wp:attachment":[{"href":"https:\/\/www.itsa.es\/ca\/wp-json\/wp\/v2\/media?parent=495"}],"curies":[{"name":"wp","href":"https:\/\/api.w.org\/{rel}","templated":true}]}}