{"id":501,"date":"2016-09-23T11:49:42","date_gmt":"2016-09-23T11:49:42","guid":{"rendered":"http:\/\/www.itsa.es\/ca\/?page_id=501"},"modified":"2016-09-26T15:41:09","modified_gmt":"2016-09-26T15:41:09","slug":"produccio","status":"publish","type":"page","link":"https:\/\/www.itsa.es\/ca\/produccio\/","title":{"rendered":"Producci\u00f3"},"content":{"rendered":"<h1>Combinem amb \u00e8xit capacitat multi-tecnologia i fabricaci\u00f3 d&#8217;altes prestacions amb processos eficients i flexibles&#8230; tot sota un mateix sostre<\/h1>\n<pre>A ITSA disposem d'un complet parc tecnol\u00f2gic de m\u00e0quines de mig i alt tonatge per a la compressi\u00f3 de termoestables i la injecci\u00f3 de termopl\u00e0stics, que garanteixen una fabricaci\u00f3 amb altes prestacions, gran flexibilitat, contenci\u00f3 de costos i una \u00f2ptima qualitat del producte final.\r\n\r\nOferim, a m\u00e9s, un ampli ventall de possibilitats d'acabat de peces que va des del pintat i mecanitzat, fins el muntatge de sistemes complets pel lliurament de productes clau en m\u00e0.<\/pre>\n","protected":false},"excerpt":{"rendered":"<p>Combinem amb \u00e8xit capacitat multi-tecnologia i fabricaci\u00f3 d&#8217;altes prestacions amb processos eficients i flexibles&#8230; tot sota un mateix sostre A ITSA disposem d&#8217;un complet parc tecnol\u00f2gic de m\u00e0quines de mig i alt tonatge per a la compressi\u00f3 de termoestables i la injecci\u00f3 de termopl\u00e0stics, que garanteixen una fabricaci\u00f3 amb altes prestacions, gran flexibilitat, contenci\u00f3 de&#8230;  <a class=\"excerpt-read-more\" href=\"https:\/\/www.itsa.es\/ca\/produccio\/\" title=\"Read Producci\u00f3\">Read more &raquo;<\/a><\/p>\n","protected":false},"author":1,"featured_media":0,"parent":0,"menu_order":144,"comment_status":"closed","ping_status":"closed","template":"page-production.php","meta":{"_monsterinsights_skip_tracking":false,"_monsterinsights_sitenote_active":false,"_monsterinsights_sitenote_note":"","_monsterinsights_sitenote_category":0,"footnotes":""},"class_list":["post-501","page","type-page","status-publish","hentry"],"_links":{"self":[{"href":"https:\/\/www.itsa.es\/ca\/wp-json\/wp\/v2\/pages\/501","targetHints":{"allow":["GET"]}}],"collection":[{"href":"https:\/\/www.itsa.es\/ca\/wp-json\/wp\/v2\/pages"}],"about":[{"href":"https:\/\/www.itsa.es\/ca\/wp-json\/wp\/v2\/types\/page"}],"author":[{"embeddable":true,"href":"https:\/\/www.itsa.es\/ca\/wp-json\/wp\/v2\/users\/1"}],"replies":[{"embeddable":true,"href":"https:\/\/www.itsa.es\/ca\/wp-json\/wp\/v2\/comments?post=501"}],"version-history":[{"count":3,"href":"https:\/\/www.itsa.es\/ca\/wp-json\/wp\/v2\/pages\/501\/revisions"}],"predecessor-version":[{"id":1072,"href":"https:\/\/www.itsa.es\/ca\/wp-json\/wp\/v2\/pages\/501\/revisions\/1072"}],"wp:attachment":[{"href":"https:\/\/www.itsa.es\/ca\/wp-json\/wp\/v2\/media?parent=501"}],"curies":[{"name":"wp","href":"https:\/\/api.w.org\/{rel}","templated":true}]}}