{"id":507,"date":"2016-09-23T11:50:20","date_gmt":"2016-09-23T11:50:20","guid":{"rendered":"http:\/\/www.itsa.es\/ca\/?page_id=507"},"modified":"2026-02-24T12:06:17","modified_gmt":"2026-02-24T12:06:17","slug":"qualitat","status":"publish","type":"page","link":"https:\/\/www.itsa.es\/ca\/qualitat\/","title":{"rendered":"Qualitat i Canal \u00c8tic"},"content":{"rendered":"\n<h1 class=\"wp-block-heading\">Implementaci\u00f3 de la Resposabilitat Social Corporativa i Canal \u00c8tic<\/h1>\n\n\n\n<pre class=\"wp-block-preformatted\">El Sistema Intern d'Informaci\u00f3 \u00e9s una eina per enfortir la cultura de la informaci\u00f3 o la comunicaci\u00f3 per a la prevenci\u00f3, la detecci\u00f3 i la correcci\u00f3 d'amenaces a l'inter\u00e8s p\u00fablic i d'incompliments normatius. Amb els nostres grups d'inter\u00e8s, tant interns com externs, animant-los a tots a comunicar qualsevol inquietud sobre comportaments poc \u00e8tics i\/o incompliments de la normativa (interna i\/o externa) en el marc de la nostra activitat professional, i garantint la protecci\u00f3 de els informants davant de possibles repres\u00e0lies.<br><br>La Pol\u00edtica del Sistema Intern d'Informaci\u00f3 i Gesti\u00f3 del Canal \u00c8tic demostra el comprom\u00eds d'Industrial de Transformados, S.A. amb un comportament \u00e8tic, basat en el nostre Codi \u00c8tic i Pr\u00e0ctiques Responsables definit a la nostra Pol\u00edtica de Responsabilitat Social Corporativa (RSC) i la normativa interna i\/o externa d'aplicaci\u00f3.<br><br><\/pre>\n\n\n\n<p><a href=\"https:\/\/www.itsa.es\/wp-content\/uploads\/2025\/01\/Canal-etico-y-practicas-responsables-OK.pdf\">CODI \u00c8TIC I PR\u00c0CTIQUES RESPONSABLES<\/a><\/p>\n\n\n\n<p><a href=\"https:\/\/www.itsa.es\/wp-content\/uploads\/2026\/02\/POLITICA-DEL-SISTEMA-INTERNO-DE-INFORMACION-Y-GESTION-DEL-CANAL-ETICO.pdf\">POL\u00cdTICA DEL SISTEMA INTERN D&#8217;INFORMACI\u00d3 I GESTI\u00d3 DEL CANAL \u00c8TIC<\/a><\/p>\n","protected":false},"excerpt":{"rendered":"<p>Implementaci\u00f3 de la Resposabilitat Social Corporativa i Canal \u00c8tic El Sistema Intern d&#8217;Informaci\u00f3 \u00e9s una eina per enfortir la cultura de la informaci\u00f3 o la comunicaci\u00f3 per a la prevenci\u00f3, la detecci\u00f3 i la correcci\u00f3 d&#8217;amenaces a l&#8217;inter\u00e8s p\u00fablic i d&#8217;incompliments normatius. Amb els nostres grups d&#8217;inter\u00e8s, tant interns com externs, animant-los a tots a&#8230;  <a class=\"excerpt-read-more\" href=\"https:\/\/www.itsa.es\/ca\/qualitat\/\" title=\"Read Qualitat i Canal \u00c8tic\">Read more &raquo;<\/a><\/p>\n","protected":false},"author":1,"featured_media":0,"parent":0,"menu_order":152,"comment_status":"closed","ping_status":"closed","template":"page-quality.php","meta":{"_monsterinsights_skip_tracking":false,"_monsterinsights_sitenote_active":false,"_monsterinsights_sitenote_note":"","_monsterinsights_sitenote_category":0,"footnotes":""},"class_list":["post-507","page","type-page","status-publish","hentry"],"_links":{"self":[{"href":"https:\/\/www.itsa.es\/ca\/wp-json\/wp\/v2\/pages\/507","targetHints":{"allow":["GET"]}}],"collection":[{"href":"https:\/\/www.itsa.es\/ca\/wp-json\/wp\/v2\/pages"}],"about":[{"href":"https:\/\/www.itsa.es\/ca\/wp-json\/wp\/v2\/types\/page"}],"author":[{"embeddable":true,"href":"https:\/\/www.itsa.es\/ca\/wp-json\/wp\/v2\/users\/1"}],"replies":[{"embeddable":true,"href":"https:\/\/www.itsa.es\/ca\/wp-json\/wp\/v2\/comments?post=507"}],"version-history":[{"count":15,"href":"https:\/\/www.itsa.es\/ca\/wp-json\/wp\/v2\/pages\/507\/revisions"}],"predecessor-version":[{"id":5050,"href":"https:\/\/www.itsa.es\/ca\/wp-json\/wp\/v2\/pages\/507\/revisions\/5050"}],"wp:attachment":[{"href":"https:\/\/www.itsa.es\/ca\/wp-json\/wp\/v2\/media?parent=507"}],"curies":[{"name":"wp","href":"https:\/\/api.w.org\/{rel}","templated":true}]}}