{"id":528,"date":"2016-09-26T08:10:08","date_gmt":"2016-09-26T08:10:08","guid":{"rendered":"http:\/\/www.itsa.es\/ca\/?page_id=528"},"modified":"2021-06-16T13:33:09","modified_gmt":"2021-06-16T13:33:09","slug":"automocio","status":"publish","type":"page","link":"https:\/\/www.itsa.es\/ca\/sectors\/automocio\/","title":{"rendered":"Automoci\u00f3"},"content":{"rendered":"<h1>ITSA, l\u00edder europeu en la fabricaci\u00f3 de frontals d\u2019automoci\u00f3<\/h1>\n<a href=\"http:\/\/www.itsa.es\/wp-content\/uploads\/2016\/08\/01_automotive.jpg\"><img loading=\"lazy\" decoding=\"async\" class=\"alignnone wp-image-367 size-medium\" src=\"http:\/\/www.itsa.es\/wp-content\/uploads\/2016\/08\/01_automotive-780x440.jpg\" width=\"780\" height=\"440\" srcset=\"https:\/\/www.itsa.es\/wp-content\/uploads\/2016\/08\/01_automotive.jpg 780w, https:\/\/www.itsa.es\/wp-content\/uploads\/2016\/08\/01_automotive-768x433.jpg 768w\" sizes=\"auto, (max-width: 780px) 100vw, 780px\" \/><\/a>\n<p>Amb m\u00e9s de 30 anys d&#8217;experi\u00e8ncia en el mercat de peces pl\u00e0stiques de carrosseria de recanvi lliure, ITSA se situa com el prove\u00efdor de refer\u00e8ncia en la fabricaci\u00f3 i distribuci\u00f3 de frontals per a autom\u00f2bils pels seus productes d&#8217;alta qualitat i el seu servei a nivell mundial.<\/p>\n<ul>\n<li>Extensa gamma de frontals equivalents a OEM que abasta el 80% del parc de vehicles europeu<\/li>\n<li>Els frontals ITSA garanteixen facilitat i rapidesa de muntatge<\/li>\n<li>Disponibilitat d&#8217;estoc per un lliurament r\u00e0pid i efica\u00e7<\/li>\n<li>Enginyeria pr\u00f2pia amb \u00e0mplia experi\u00e8ncia en mercats de primer equip, i tamb\u00e9 en el sector ferroviari, un dels m\u00e9s exigents a nivell t\u00e8cnic i de disseny<\/li>\n<li>Mat\u00e8ries primeres i components d&#8217;alta qualitat<\/li>\n<\/ul>\n<hr \/>\n<div id=\"automotive-products\"><\/div>\n<h2>Productes<\/h2>\n<p>El cat\u00e0leg ITSA recull la m\u00e9s extensa gamma de frontals del mercat europeu: M\u00e9s de 200 refer\u00e8ncies actives i 20 marques que abasten el 80% del parc automobil\u00edstic europeu actual, amb representaci\u00f3 dels principals fabricants europeus, japonesos i coreans.<\/p>\n<p>El nostres productes garanteixen:<\/p>\n<ul>\n<li>M\u00e0xima exig\u00e8ncia de fabricaci\u00f3<\/li>\n<li>Constants controls de qualitat<\/li>\n<li>Equival\u00e8ncia a OEM\u00a0 <em><strong>(1)<\/strong><\/em><\/li>\n<li>Funcionalitat: Proves de muntatge segons toler\u00e0ncies OEM<\/li>\n<li>Certificaci\u00f3 de peces emeses per empreses de renom segons la qual:\n<ul>\n<li>Els frontals ITSA s\u00f3n equivalents a l\u2019original<\/li>\n<li>Utilitzaci\u00f3 de materials d\u2019alta qualitat<\/li>\n<li>Excel\u00b7lent disseny de productes<\/li>\n<li>Excel\u00b7lent muntatge dels frontals ITSA<\/li>\n<li>Processos de fabricaci\u00f3 \u00f2ptims<\/li>\n<\/ul>\n<\/ul>\n<p>&nbsp;<\/p>\n<h6><em><strong>(1) Les marques citades per descriure els nostres productes s\u00f3n propietat dels fabricants esmentats. El seu \u00fas nom\u00e9s serveix per identificar el model de vehicle on es poden muntar els productes ITSA. Els nostres productes, encara que no s\u00f3n originals, s\u00f3n perfectament adaptables als vehicles esmentats.<\/strong><\/em><\/h6>\n<hr \/>\n<div id=\"automotive-services\"><\/div>\n<h2>Serveis<\/h2>\n<p>A ITSA estem compromesos amb els nostres clients:<\/p>\n<ul>\n<li>Comprom\u00eds d\u2019entrega en 48h a qualsevol punt d\u2019Europa i Servei Expr\u00e9s 24h a Espanya i It\u00e0lia<\/li>\n<li>Total disponibilitat d\u2019estoc<\/li>\n<li>Optimitzaci\u00f3 de costos log\u00edstics (embalatges, transport, etc)<\/li>\n<li>Frontals certificats amb bossa marcada pel logotip de l\u2019organisme certificador<\/li>\n<\/ul>\n","protected":false},"excerpt":{"rendered":"<p>ITSA, l\u00edder europeu en la fabricaci\u00f3 de frontals d\u2019automoci\u00f3 Amb m\u00e9s de 30 anys d&#8217;experi\u00e8ncia en el mercat de peces pl\u00e0stiques de carrosseria de recanvi lliure, ITSA se situa com el prove\u00efdor de refer\u00e8ncia en la fabricaci\u00f3 i distribuci\u00f3 de frontals per a autom\u00f2bils pels seus productes d&#8217;alta qualitat i el seu servei a nivell&#8230;  <a class=\"excerpt-read-more\" href=\"https:\/\/www.itsa.es\/ca\/sectors\/automocio\/\" title=\"Read Automoci\u00f3\">Read more &raquo;<\/a><\/p>\n","protected":false},"author":1,"featured_media":0,"parent":489,"menu_order":26,"comment_status":"closed","ping_status":"closed","template":"page-sectors.php","meta":{"_monsterinsights_skip_tracking":false,"_monsterinsights_sitenote_active":false,"_monsterinsights_sitenote_note":"","_monsterinsights_sitenote_category":0,"footnotes":""},"class_list":["post-528","page","type-page","status-publish","hentry"],"_links":{"self":[{"href":"https:\/\/www.itsa.es\/ca\/wp-json\/wp\/v2\/pages\/528","targetHints":{"allow":["GET"]}}],"collection":[{"href":"https:\/\/www.itsa.es\/ca\/wp-json\/wp\/v2\/pages"}],"about":[{"href":"https:\/\/www.itsa.es\/ca\/wp-json\/wp\/v2\/types\/page"}],"author":[{"embeddable":true,"href":"https:\/\/www.itsa.es\/ca\/wp-json\/wp\/v2\/users\/1"}],"replies":[{"embeddable":true,"href":"https:\/\/www.itsa.es\/ca\/wp-json\/wp\/v2\/comments?post=528"}],"version-history":[{"count":5,"href":"https:\/\/www.itsa.es\/ca\/wp-json\/wp\/v2\/pages\/528\/revisions"}],"predecessor-version":[{"id":3759,"href":"https:\/\/www.itsa.es\/ca\/wp-json\/wp\/v2\/pages\/528\/revisions\/3759"}],"up":[{"embeddable":true,"href":"https:\/\/www.itsa.es\/ca\/wp-json\/wp\/v2\/pages\/489"}],"wp:attachment":[{"href":"https:\/\/www.itsa.es\/ca\/wp-json\/wp\/v2\/media?parent=528"}],"curies":[{"name":"wp","href":"https:\/\/api.w.org\/{rel}","templated":true}]}}