{"id":534,"date":"2016-09-26T08:10:47","date_gmt":"2016-09-26T08:10:47","guid":{"rendered":"http:\/\/www.itsa.es\/ca\/?page_id=534"},"modified":"2021-09-17T09:23:04","modified_gmt":"2021-09-17T09:23:04","slug":"ferroviari","status":"publish","type":"page","link":"https:\/\/www.itsa.es\/ca\/sectors\/ferroviari\/","title":{"rendered":"Ferroviari"},"content":{"rendered":"<div id=\"automotive-designing\"><\/div>\n<h1>Dissenyem per a les persones, fabriquem qualitat<\/h1>\n<a href=\"http:\/\/www.itsa.es\/wp-content\/uploads\/2016\/08\/02_railway_industry.jpg\"><img loading=\"lazy\" decoding=\"async\" class=\"alignnone wp-image-369 size-medium\" src=\"http:\/\/www.itsa.es\/wp-content\/uploads\/2016\/08\/02_railway_industry-780x440.jpg\" width=\"780\" height=\"440\" srcset=\"https:\/\/www.itsa.es\/wp-content\/uploads\/2016\/08\/02_railway_industry.jpg 780w, https:\/\/www.itsa.es\/wp-content\/uploads\/2016\/08\/02_railway_industry-768x433.jpg 768w\" sizes=\"auto, (max-width: 780px) 100vw, 780px\" \/><\/a>\n<p>ITSA \u00e9s especialista en el disseny, enginyeria i fabricaci\u00f3 de components clau en m\u00e0 d\u2019interiorisme ferroviari. Oferim components, sol\u00b7lucions i serveis a projectes arreu del m\u00f3n.<\/p>\n<p>Per a la transformaci\u00f3 de mat\u00e8ries primeres ITSA realitza una \u00e0mplia gamma de processos en les seves pr\u00f2pies instal\u00b7lacions: FRP SMC, SMC + PIMC, RTM i injecci\u00f3 de pl\u00e0stic. A m\u00e9s, ITSA desenvolupa processos de pultrusi\u00f3, laminat a m\u00e0, termoconformat, transformaci\u00f3 de metall i processos de subcomponents a trav\u00e9s de prove\u00efdors especialitzats.<\/p>\n<p>El nostre posicionament es basa en una col\u00b7laboraci\u00f3 a llarg termini amb els l\u00edders del mercat i en el nostre know-how i experi\u00e8ncia a nivell t\u00e8cnic, adquirit no nom\u00e9s en el mercat ferroviari sin\u00f3 tamb\u00e9 en altres sectors d&#8217;alta tecnologia (fotovoltaica, aeron\u00e0utica, automoci\u00f3 i senyalitzaci\u00f3 vi\u00e0ria).<\/p>\n<hr \/>\n<div id=\"railway-products\"><\/div>\n<h2>Productes<\/h2>\n<p>ITSA crea, dissenya i fabrica components espec\u00edfics per al sector ferroviari. Innovadores propostes llestes per ensamblar, que conjuguen funcionalitat i disseny.<\/p>\n<p>Entre les nostres solucions s&#8217;inclouen:<\/p>\n<ul>\n<li>Panells laterals<\/li>\n<li>Sostres<\/li>\n<li>Llumin\u00e0ries<\/li>\n<li>Seients<\/li>\n<li>Terres<\/li>\n<li>Portes d\u2019acc\u00e9s<\/li>\n<\/ul>\n<hr \/>\n<div id=\"railway-services\"><\/div>\n<h2>Serveis<\/h2>\n<p>Gestionem totes les fases del projecte:<\/p>\n<ul>\n<li>Enginyeria<\/li>\n<li>Disseny de motllos i utillatge<\/li>\n<li>Fabricaci\u00f3<\/li>\n<li>Acabat i muntatge<\/li>\n<li>Embalatge i entrega<\/li>\n<li>Atenci\u00f3 al client<\/li>\n<\/ul>\n<hr \/>\n<div id=\"railway-design\"><\/div>\n<h2>Disseny i Enginyeria<\/h2>\n<p>Reducci\u00f3 de costos a trav\u00e9s del\u00a0disseny i la innovaci\u00f3.<\/p>\n<p>ITSA disposa d&#8217;un alt nivell d&#8217;enginyeria i capacitat t\u00e8cnica en la gesti\u00f3 de projectes d&#8217;interiorisme ferroviari (tren, alta velocitat, metro i tramvia). La reducci\u00f3 de costos, pesos i subcomponents \u00e9s un objectiu assolible gr\u00e0cies a un efica\u00e7 disseny i la funcionalitat dels seus components la industrialitzaci\u00f3 dels quals s&#8217;optimitza.<\/p>\n<p>L&#8217;experi\u00e8ncia i l&#8217;alta qualificaci\u00f3 del nostre equip d&#8217;enginyers cobreixen tots els nivells des del disseny d&#8217;esbossos, fins al desenvolupament d&#8217;utillatges i la seva fabricaci\u00f3.<\/p>\n<hr \/>\n<div id=\"railway-clients\"><\/div>\n<h2>Clients<\/h2>\n<div id=\"logos-clients\"><a href=\"http:\/\/www.bombardier.com\/en\/transportation.html\" target=\"_blank\"><img loading=\"lazy\" decoding=\"async\" class=\"alignnone wp-image-352 size-full\" src=\"http:\/\/www.itsa.es\/wp-content\/uploads\/2016\/08\/over_0004_Objeto-inteligente-vectorial.jpg\" width=\"254\" height=\"150\" \/><\/a><a href=\"http:\/\/www.caf.net\" target=\"_blank\"><img loading=\"lazy\" decoding=\"async\" class=\"alignnone wp-image-353 size-full\" src=\"http:\/\/www.itsa.es\/wp-content\/uploads\/2016\/08\/over_0003_Objeto-inteligente-vectorial.jpg\" width=\"254\" height=\"150\" \/><\/a><a href=\"https:\/\/www.siemens.com\" target=\"_blank\"><img loading=\"lazy\" decoding=\"async\" class=\"alignnone wp-image-355 size-full\" src=\"http:\/\/www.itsa.es\/wp-content\/uploads\/2016\/08\/over_0002_Objeto-inteligente-vectorial.jpg\" width=\"254\" height=\"150\" \/><\/a><a href=\"http:\/\/www.stadlerrail.com\/\" target=\"_blank\"><img loading=\"lazy\" decoding=\"async\" class=\"alignnone wp-image-356 size-full\" src=\"http:\/\/www.itsa.es\/wp-content\/uploads\/2016\/08\/over_0001_Objeto-inteligente-vectorial.jpg\" width=\"254\" height=\"150\" \/><\/a><a href=\"http:\/\/ulkm.ru\/\" target=\"_blank\"><img loading=\"lazy\" decoding=\"async\" class=\"alignnone wp-image-357 size-full\" src=\"http:\/\/www.itsa.es\/wp-content\/uploads\/2016\/08\/over_0000_Objeto-inteligente-vectorial.jpg\" width=\"254\" height=\"150\" \/><\/a><a href=\"https:\/\/www.skoda.cz\/en\/\"><img loading=\"lazy\" decoding=\"async\" class=\"alignnone size-full wp-image-3648\" src=\"https:\/\/www.itsa.es\/wp-content\/uploads\/2016\/08\/SKODA-logo-e1614595120388.jpg\" width=\"254\" height=\"150\" \/><\/a><\/div>\n<hr \/>\n","protected":false},"excerpt":{"rendered":"<p>Dissenyem per a les persones, fabriquem qualitat ITSA \u00e9s especialista en el disseny, enginyeria i fabricaci\u00f3 de components clau en m\u00e0 d\u2019interiorisme ferroviari. Oferim components, sol\u00b7lucions i serveis a projectes arreu del m\u00f3n. Per a la transformaci\u00f3 de mat\u00e8ries primeres ITSA realitza una \u00e0mplia gamma de processos en les seves pr\u00f2pies instal\u00b7lacions: FRP SMC, SMC&#8230;  <a class=\"excerpt-read-more\" href=\"https:\/\/www.itsa.es\/ca\/sectors\/ferroviari\/\" title=\"Read Ferroviari\">Read more &raquo;<\/a><\/p>\n","protected":false},"author":1,"featured_media":0,"parent":489,"menu_order":163,"comment_status":"closed","ping_status":"closed","template":"page-sectors.php","meta":{"_monsterinsights_skip_tracking":false,"_monsterinsights_sitenote_active":false,"_monsterinsights_sitenote_note":"","_monsterinsights_sitenote_category":0,"footnotes":""},"class_list":["post-534","page","type-page","status-publish","hentry"],"_links":{"self":[{"href":"https:\/\/www.itsa.es\/ca\/wp-json\/wp\/v2\/pages\/534","targetHints":{"allow":["GET"]}}],"collection":[{"href":"https:\/\/www.itsa.es\/ca\/wp-json\/wp\/v2\/pages"}],"about":[{"href":"https:\/\/www.itsa.es\/ca\/wp-json\/wp\/v2\/types\/page"}],"author":[{"embeddable":true,"href":"https:\/\/www.itsa.es\/ca\/wp-json\/wp\/v2\/users\/1"}],"replies":[{"embeddable":true,"href":"https:\/\/www.itsa.es\/ca\/wp-json\/wp\/v2\/comments?post=534"}],"version-history":[{"count":5,"href":"https:\/\/www.itsa.es\/ca\/wp-json\/wp\/v2\/pages\/534\/revisions"}],"predecessor-version":[{"id":3663,"href":"https:\/\/www.itsa.es\/ca\/wp-json\/wp\/v2\/pages\/534\/revisions\/3663"}],"up":[{"embeddable":true,"href":"https:\/\/www.itsa.es\/ca\/wp-json\/wp\/v2\/pages\/489"}],"wp:attachment":[{"href":"https:\/\/www.itsa.es\/ca\/wp-json\/wp\/v2\/media?parent=534"}],"curies":[{"name":"wp","href":"https:\/\/api.w.org\/{rel}","templated":true}]}}