{"id":540,"date":"2016-09-26T08:11:57","date_gmt":"2016-09-26T08:11:57","guid":{"rendered":"http:\/\/www.itsa.es\/ca\/?page_id=540"},"modified":"2023-06-30T08:22:57","modified_gmt":"2023-06-30T08:22:57","slug":"urban","status":"publish","type":"page","link":"https:\/\/www.itsa.es\/ca\/sectors\/urban\/","title":{"rendered":"Urban"},"content":{"rendered":"<h1>El seu partner en senyalitzaci\u00f3 vial<\/h1>\n<a href=\"http:\/\/www.itsa.es\/wp-content\/uploads\/2016\/08\/03_urban_products.jpg\"><img loading=\"lazy\" decoding=\"async\" class=\"alignnone wp-image-371 size-medium\" src=\"http:\/\/www.itsa.es\/wp-content\/uploads\/2016\/08\/03_urban_products-780x440.jpg\" width=\"780\" height=\"440\" srcset=\"https:\/\/www.itsa.es\/wp-content\/uploads\/2016\/08\/03_urban_products.jpg 780w, https:\/\/www.itsa.es\/wp-content\/uploads\/2016\/08\/03_urban_products-768x433.jpg 768w\" sizes=\"auto, (max-width: 780px) 100vw, 780px\" \/><\/a>\n<p>ITSA desenvolupa la seva gamma de productes i serveis de senyalitzaci\u00f3 vial gr\u00e0cies a l\u2019experi\u00e8ncia adquirida en sectors punters com el ferroviari i l\u2019automoci\u00f3.<\/p>\n<p>Evoluci\u00f3 de la gamma:<\/p>\n<ul class=\"evolution\">\n<li><span class=\"year\">2007<\/span> Barrera Cargo: primera Barrera New Jersey desmuntable i fabricada en injecci\u00f3<\/li>\n<li><span class=\"year\">2008<\/span> Disseny i fabricaci\u00f3 Tanca Y-concept<\/li>\n<li><span class=\"year\">2009<\/span> Fira Construmat, Barcelona: Presentaci\u00f3 de la barrera Cargo Barrier i de la tanca Y-Concept<\/li>\n<li><span class=\"year\">2010<\/span> Desenvolupament de la Balisa led ITSA<\/li>\n<li><span class=\"year\">2010<\/span> Fira Intertraffic, Amsterdam: Presentaci\u00f3 de la gamma de senyalitzaci\u00f3 lluminosa<\/li>\n<li><span class=\"year\">2011<\/span> Llan\u00e7ament gamma Plaques Salva rases<\/li>\n<li><span class=\"year\">2015<\/span> Llan\u00e7ament web e-commerce www.urban.itsa.es<\/li>\n<\/ul>\n<hr \/>\n<div id=\"urban-products\"><\/div>\n<h2>Productes<\/h2>\n<p>ITSA Urban Products dissenya i fabrica components espec\u00edfics pel sector de la senyalitzaci\u00f3 urbana.<\/p>\n<p>Els nostres productes comprenen les seg\u00fcents categories:<\/p>\n<ul>\n<li>Llumin\u00e0ries<\/li>\n<li>Abalisament<\/li>\n<li>Cautx\u00fa<\/li>\n<li>Miralls<\/li>\n<li>Senyals<\/li>\n<\/ul>\n<hr \/>\n<div id=\"urban-services\"><\/div>\n<h2>Serveis<\/h2>\n<p>Plenament orientats al client, el nostre servei es tradueix en oferir un producte de qualitat, atenci\u00f3 personalitzada, aix\u00ed com lliuraments r\u00e0pides i eficients:<\/p>\n<ul>\n<li><strong>Personalitzaci\u00f3 de producte:\u00a0<\/strong><br \/>\nServei de serigrafia, etiquetatge, personalitzaci\u00f3 del color en diversos productes<\/li>\n<li><strong>Log\u00edstica:<\/strong><br \/>\nLliurament est\u00e0ndard en 48 hores des de la recepci\u00f3 de la comanda i possibilitat de lliurament urgent<\/li>\n<li><strong>Disponibilitat:<\/strong><br \/>\nEstoc permanent dels productes de m\u00e9s rotaci\u00f3<\/li>\n<li><strong>Qualitat i servei postvenda:<\/strong><br \/>\nProductes garantits, certificats i fabricats segons normativa UE<\/li>\n<\/ul>\n<hr \/>\n<div id=\"urban-online\"><\/div>\n<h2>Cat\u00e0leg online<\/h2>\n<p>ITSA ha desenvolupat un cat\u00e0leg web r\u00e0pid i flexible amb tota la informaci\u00f3 t\u00e8cnica de la nostra completa gamma de productes. ITSA treballa cont\u00ednuament per oferir als seus clients les sol\u00b7lucions comercials m\u00e9s innovadores i modernes.<\/p>\n<p>El nostre equip web presta la millor atenci\u00f3 i servei des de la seva consulta inicial fins al lliurament de la seva mercaderia. Conegui els nostres nous productes i serveis!<\/p>\n<p>&nbsp;<\/p>\n<p><a class=\"btn\" href=\"http:\/\/www.urban.itsa.es\/ca\/index.php\" target=\"_blank\">Anar al cat\u00e0leg online<\/a><\/p>\n","protected":false},"excerpt":{"rendered":"<p>El seu partner en senyalitzaci\u00f3 vial ITSA desenvolupa la seva gamma de productes i serveis de senyalitzaci\u00f3 vial gr\u00e0cies a l\u2019experi\u00e8ncia adquirida en sectors punters com el ferroviari i l\u2019automoci\u00f3. Evoluci\u00f3 de la gamma: 2007 Barrera Cargo: primera Barrera New Jersey desmuntable i fabricada en injecci\u00f3 2008 Disseny i fabricaci\u00f3 Tanca Y-concept 2009 Fira Construmat,&#8230;  <a class=\"excerpt-read-more\" href=\"https:\/\/www.itsa.es\/ca\/sectors\/urban\/\" title=\"Read Urban\">Read more &raquo;<\/a><\/p>\n","protected":false},"author":1,"featured_media":0,"parent":489,"menu_order":188,"comment_status":"closed","ping_status":"closed","template":"page-sectors.php","meta":{"_monsterinsights_skip_tracking":false,"_monsterinsights_sitenote_active":false,"_monsterinsights_sitenote_note":"","_monsterinsights_sitenote_category":0,"footnotes":""},"class_list":["post-540","page","type-page","status-publish","hentry"],"_links":{"self":[{"href":"https:\/\/www.itsa.es\/ca\/wp-json\/wp\/v2\/pages\/540","targetHints":{"allow":["GET"]}}],"collection":[{"href":"https:\/\/www.itsa.es\/ca\/wp-json\/wp\/v2\/pages"}],"about":[{"href":"https:\/\/www.itsa.es\/ca\/wp-json\/wp\/v2\/types\/page"}],"author":[{"embeddable":true,"href":"https:\/\/www.itsa.es\/ca\/wp-json\/wp\/v2\/users\/1"}],"replies":[{"embeddable":true,"href":"https:\/\/www.itsa.es\/ca\/wp-json\/wp\/v2\/comments?post=540"}],"version-history":[{"count":7,"href":"https:\/\/www.itsa.es\/ca\/wp-json\/wp\/v2\/pages\/540\/revisions"}],"predecessor-version":[{"id":4370,"href":"https:\/\/www.itsa.es\/ca\/wp-json\/wp\/v2\/pages\/540\/revisions\/4370"}],"up":[{"embeddable":true,"href":"https:\/\/www.itsa.es\/ca\/wp-json\/wp\/v2\/pages\/489"}],"wp:attachment":[{"href":"https:\/\/www.itsa.es\/ca\/wp-json\/wp\/v2\/media?parent=540"}],"curies":[{"name":"wp","href":"https:\/\/api.w.org\/{rel}","templated":true}]}}