{"id":546,"date":"2016-09-26T08:17:41","date_gmt":"2016-09-26T08:17:41","guid":{"rendered":"http:\/\/www.itsa.es\/ca\/?page_id=546"},"modified":"2018-07-06T12:47:55","modified_gmt":"2018-07-06T12:47:55","slug":"altres-industries","status":"publish","type":"page","link":"https:\/\/www.itsa.es\/ca\/sectors\/altres-industries\/","title":{"rendered":"Altres Ind\u00fastries"},"content":{"rendered":"<h1>Sol\u00b7lucions globals adaptades a\u00a0tots els sectors<\/h1>\n<a href=\"http:\/\/www.itsa.es\/wp-content\/uploads\/2016\/08\/04_other_industries.jpeg\"><img loading=\"lazy\" decoding=\"async\" class=\"alignnone size-medium wp-image-3294\" src=\"http:\/\/www.itsa.es\/wp-content\/uploads\/2016\/08\/ITSA-Other-industries-780x520.jpg\" alt=\"ITSA - Other industries\" width=\"780\" height=\"520\" srcset=\"https:\/\/www.itsa.es\/wp-content\/uploads\/2016\/08\/ITSA-Other-industries-780x520.jpg 780w, https:\/\/www.itsa.es\/wp-content\/uploads\/2016\/08\/ITSA-Other-industries-768x512.jpg 768w, https:\/\/www.itsa.es\/wp-content\/uploads\/2016\/08\/ITSA-Other-industries-915x610.jpg 915w\" sizes=\"auto, (max-width: 780px) 100vw, 780px\" \/><\/a>\n<p>ITSA desenvolupa projectes globals de disseny i fabricaci\u00f3 de productes t\u00e8cnics termopl\u00e0stics i termostables.<\/p>\n<p>Aportem el nostre know-how i experi\u00e8ncia en totes les fases del projecte, al mateix temps que garantim la m\u00e0xima qualitat i flexibilitat pel que fa a producte i servei, gr\u00e0cies a la nostra experi\u00e8ncia en el desenvolupament de projectes integrals per a altres segments de negoci.<\/p>\n<hr \/>\n<div id=\"other-products\"><\/div>\n<h2>Productes<\/h2>\n<p>Entre els projectes que ja hem desenvolupat es troben, paraxocs, revestiments interiors, etc pel sector automoci\u00f3; locals t\u00e8cnics per a piscines, mobiliari dom\u00e8stic i urb\u00e0, aix\u00ed com carcasses el\u00e8ctriques, panells fotovoltaics, etc..<\/p>\n<hr \/>\n<div id=\"other-services\"><\/div>\n<h2>Serveis<\/h2>\n<p>ITSA ofereix serveis de subcontractaci\u00f3 en disseny, enginyeria i fabricaci\u00f3 de peces t\u00e8cniques pl\u00e0stiques a terceres empreses. Treballem tamb\u00e9 com a suport a d\u2019altres fabricants per a la transformaci\u00f3 de pl\u00e0stics, composites i acabats de pintura, oferint la capacitat disponible de les nostres m\u00e0quines.<\/p>\n<ul>\n<li>Disseny de producte i enginyeria<\/li>\n<li>Disseny i fabricaci\u00f3\u00a0de motllos<\/li>\n<li>Fabricaci\u00f3 de les peces<\/li>\n<li>Pintura i muntatge de components<\/li>\n<li>Entrega del producte acabat<\/li>\n<\/ul>\n","protected":false},"excerpt":{"rendered":"<p>Sol\u00b7lucions globals adaptades a\u00a0tots els sectors ITSA desenvolupa projectes globals de disseny i fabricaci\u00f3 de productes t\u00e8cnics termopl\u00e0stics i termostables. Aportem el nostre know-how i experi\u00e8ncia en totes les fases del projecte, al mateix temps que garantim la m\u00e0xima qualitat i flexibilitat pel que fa a producte i servei, gr\u00e0cies a la nostra experi\u00e8ncia en&#8230;  <a class=\"excerpt-read-more\" href=\"https:\/\/www.itsa.es\/ca\/sectors\/altres-industries\/\" title=\"Read Altres Ind\u00fastries\">Read more &raquo;<\/a><\/p>\n","protected":false},"author":1,"featured_media":0,"parent":489,"menu_order":121,"comment_status":"closed","ping_status":"closed","template":"page-sectors.php","meta":{"_monsterinsights_skip_tracking":false,"_monsterinsights_sitenote_active":false,"_monsterinsights_sitenote_note":"","_monsterinsights_sitenote_category":0,"footnotes":""},"class_list":["post-546","page","type-page","status-publish","hentry"],"_links":{"self":[{"href":"https:\/\/www.itsa.es\/ca\/wp-json\/wp\/v2\/pages\/546","targetHints":{"allow":["GET"]}}],"collection":[{"href":"https:\/\/www.itsa.es\/ca\/wp-json\/wp\/v2\/pages"}],"about":[{"href":"https:\/\/www.itsa.es\/ca\/wp-json\/wp\/v2\/types\/page"}],"author":[{"embeddable":true,"href":"https:\/\/www.itsa.es\/ca\/wp-json\/wp\/v2\/users\/1"}],"replies":[{"embeddable":true,"href":"https:\/\/www.itsa.es\/ca\/wp-json\/wp\/v2\/comments?post=546"}],"version-history":[{"count":4,"href":"https:\/\/www.itsa.es\/ca\/wp-json\/wp\/v2\/pages\/546\/revisions"}],"predecessor-version":[{"id":3303,"href":"https:\/\/www.itsa.es\/ca\/wp-json\/wp\/v2\/pages\/546\/revisions\/3303"}],"up":[{"embeddable":true,"href":"https:\/\/www.itsa.es\/ca\/wp-json\/wp\/v2\/pages\/489"}],"wp:attachment":[{"href":"https:\/\/www.itsa.es\/ca\/wp-json\/wp\/v2\/media?parent=546"}],"curies":[{"name":"wp","href":"https:\/\/api.w.org\/{rel}","templated":true}]}}