{"id":560,"date":"2016-09-26T09:17:39","date_gmt":"2016-09-26T09:17:39","guid":{"rendered":"http:\/\/www.itsa.es\/ca\/?page_id=560"},"modified":"2016-09-26T09:17:39","modified_gmt":"2016-09-26T09:17:39","slug":"historia","status":"publish","type":"page","link":"https:\/\/www.itsa.es\/ca\/empresa\/historia\/","title":{"rendered":"Hist\u00f2ria"},"content":{"rendered":"<h2>M\u00e9s de\u00a030 anys innovant<\/h2>\n<a href=\"http:\/\/www.itsa.es\/wp-content\/uploads\/2016\/08\/02_history.jpg\"><img loading=\"lazy\" decoding=\"async\" class=\"alignnone wp-image-362 size-medium\" src=\"http:\/\/www.itsa.es\/wp-content\/uploads\/2016\/08\/02_history-780x440.jpg\" width=\"780\" height=\"440\" srcset=\"https:\/\/www.itsa.es\/wp-content\/uploads\/2016\/08\/02_history.jpg 780w, https:\/\/www.itsa.es\/wp-content\/uploads\/2016\/08\/02_history-768x433.jpg 768w\" sizes=\"auto, (max-width: 780px) 100vw, 780px\" \/><\/a>\n<p>Al llarg dels nostres m\u00e9s de 30 anys de traject\u00f2ria hem diversificat i ampliat els nostres serveis de disseny, i processos de fabricaci\u00f3, fins afermar la nostra pres\u00e8ncia en quatre sectors: Automoci\u00f3, Ferroviari, Urban i desenvolupament de Projectes a Mida.<\/p>\n","protected":false},"excerpt":{"rendered":"<p>M\u00e9s de\u00a030 anys innovant Al llarg dels nostres m\u00e9s de 30 anys de traject\u00f2ria hem diversificat i ampliat els nostres serveis de disseny, i processos de fabricaci\u00f3, fins afermar la nostra pres\u00e8ncia en quatre sectors: Automoci\u00f3, Ferroviari, Urban i desenvolupament de Projectes a Mida.<\/p>\n","protected":false},"author":1,"featured_media":0,"parent":485,"menu_order":59,"comment_status":"closed","ping_status":"closed","template":"page-history.php","meta":{"_monsterinsights_skip_tracking":false,"_monsterinsights_sitenote_active":false,"_monsterinsights_sitenote_note":"","_monsterinsights_sitenote_category":0,"footnotes":""},"class_list":["post-560","page","type-page","status-publish","hentry"],"_links":{"self":[{"href":"https:\/\/www.itsa.es\/ca\/wp-json\/wp\/v2\/pages\/560","targetHints":{"allow":["GET"]}}],"collection":[{"href":"https:\/\/www.itsa.es\/ca\/wp-json\/wp\/v2\/pages"}],"about":[{"href":"https:\/\/www.itsa.es\/ca\/wp-json\/wp\/v2\/types\/page"}],"author":[{"embeddable":true,"href":"https:\/\/www.itsa.es\/ca\/wp-json\/wp\/v2\/users\/1"}],"replies":[{"embeddable":true,"href":"https:\/\/www.itsa.es\/ca\/wp-json\/wp\/v2\/comments?post=560"}],"version-history":[{"count":1,"href":"https:\/\/www.itsa.es\/ca\/wp-json\/wp\/v2\/pages\/560\/revisions"}],"predecessor-version":[{"id":561,"href":"https:\/\/www.itsa.es\/ca\/wp-json\/wp\/v2\/pages\/560\/revisions\/561"}],"up":[{"embeddable":true,"href":"https:\/\/www.itsa.es\/ca\/wp-json\/wp\/v2\/pages\/485"}],"wp:attachment":[{"href":"https:\/\/www.itsa.es\/ca\/wp-json\/wp\/v2\/media?parent=560"}],"curies":[{"name":"wp","href":"https:\/\/api.w.org\/{rel}","templated":true}]}}