{"id":568,"date":"2016-09-26T09:27:04","date_gmt":"2016-09-26T09:27:04","guid":{"rendered":"http:\/\/www.itsa.es\/ca\/?page_id=568"},"modified":"2019-05-10T12:52:50","modified_gmt":"2019-05-10T12:52:50","slug":"missio-visio-valors","status":"publish","type":"page","link":"https:\/\/www.itsa.es\/ca\/empresa\/missio-visio-valors\/","title":{"rendered":"Missi\u00f3, Visi\u00f3, Valors"},"content":{"rendered":"<h2>Excel\u00b7l\u00e8ncia, \u00e8tica i integritat en totes les nostres actuacions<\/h2>\n<a href=\"http:\/\/www.itsa.es\/wp-content\/uploads\/2016\/08\/01_mission_vision_values.jpg\"><img loading=\"lazy\" decoding=\"async\" class=\"alignnone wp-image-360 size-medium\" src=\"http:\/\/www.itsa.es\/wp-content\/uploads\/2016\/08\/01_mission_vision_values-780x520.jpg\" width=\"780\" height=\"520\" srcset=\"https:\/\/www.itsa.es\/wp-content\/uploads\/2016\/08\/01_mission_vision_values-780x520.jpg 780w, https:\/\/www.itsa.es\/wp-content\/uploads\/2016\/08\/01_mission_vision_values-768x512.jpg 768w, https:\/\/www.itsa.es\/wp-content\/uploads\/2016\/08\/01_mission_vision_values-915x610.jpg 915w\" sizes=\"auto, (max-width: 780px) 100vw, 780px\" \/><\/a>\n<p>Afavorim un entorn en el qu\u00e8 totes les idees s\u00f3n valuoses i totes les persones puguin desenvolupar-se per assolir els seus objectius, doncs s\u00f3n el nostre principal actiu.<\/p>\n<h3>Missi\u00f3<\/h3>\n<ul>\n<li>\u201cPassion for Plastics\u201d. Oferir sol\u00b7lucions integrals de disseny, fabricaci\u00f3 i comercialitzaci\u00f3 de productes termopl\u00e0stics i termostables per als sectors d&#8217;automoci\u00f3, ferroviari, aeron\u00e0utic i senyalitzaci\u00f3<\/li>\n<\/ul>\n<h3>Visi\u00f3<\/h3>\n<ul>\n<li>Mantenir el liderat a Europa en el sector de frontals After-Market<\/li>\n<li>Col\u00b7laborar amb els principals assembladors ferroviaris europeus<\/li>\n<li>Donar alternatives tecnol\u00f2giques amb majors cad\u00e8ncies productives i menor cost als actuals productes d&#8217;interiors aeron\u00e0utics<\/li>\n<li>Millorar la Rentabilitat i Competitivitat de l&#8217;Empresa<\/li>\n<\/ul>\n<h3>Valors<\/h3>\n<ul>\n<li>Proactius, flexibles i emp\u00e0tics amb orientaci\u00f3 de Servei al Client<\/li>\n<li>\u00cdntegres, amb valors i principis \u00e8tics en les nostres actuacions<\/li>\n<li>Sensibilitzats amb la protecci\u00f3 del Medi Ambient i la Sostenibilitat<\/li>\n<li>Din\u00e0mics i emprenedors en la consecuci\u00f3 de l&#8217;Excel\u00b7l\u00e8ncia<\/li>\n<li>Compromesos amb l&#8217;organitzaci\u00f3, col\u00b7laborant en el treball d&#8217;equip<\/li>\n<\/ul>\n","protected":false},"excerpt":{"rendered":"<p>Excel\u00b7l\u00e8ncia, \u00e8tica i integritat en totes les nostres actuacions Afavorim un entorn en el qu\u00e8 totes les idees s\u00f3n valuoses i totes les persones puguin desenvolupar-se per assolir els seus objectius, doncs s\u00f3n el nostre principal actiu. Missi\u00f3 \u201cPassion for Plastics\u201d. Oferir sol\u00b7lucions integrals de disseny, fabricaci\u00f3 i comercialitzaci\u00f3 de productes termopl\u00e0stics i termostables per&#8230;  <a class=\"excerpt-read-more\" href=\"https:\/\/www.itsa.es\/ca\/empresa\/missio-visio-valors\/\" title=\"Read Missi\u00f3, Visi\u00f3, Valors\">Read more &raquo;<\/a><\/p>\n","protected":false},"author":1,"featured_media":0,"parent":485,"menu_order":111,"comment_status":"closed","ping_status":"closed","template":"page-company.php","meta":{"_monsterinsights_skip_tracking":false,"_monsterinsights_sitenote_active":false,"_monsterinsights_sitenote_note":"","_monsterinsights_sitenote_category":0,"footnotes":""},"class_list":["post-568","page","type-page","status-publish","hentry"],"_links":{"self":[{"href":"https:\/\/www.itsa.es\/ca\/wp-json\/wp\/v2\/pages\/568","targetHints":{"allow":["GET"]}}],"collection":[{"href":"https:\/\/www.itsa.es\/ca\/wp-json\/wp\/v2\/pages"}],"about":[{"href":"https:\/\/www.itsa.es\/ca\/wp-json\/wp\/v2\/types\/page"}],"author":[{"embeddable":true,"href":"https:\/\/www.itsa.es\/ca\/wp-json\/wp\/v2\/users\/1"}],"replies":[{"embeddable":true,"href":"https:\/\/www.itsa.es\/ca\/wp-json\/wp\/v2\/comments?post=568"}],"version-history":[{"count":4,"href":"https:\/\/www.itsa.es\/ca\/wp-json\/wp\/v2\/pages\/568\/revisions"}],"predecessor-version":[{"id":3487,"href":"https:\/\/www.itsa.es\/ca\/wp-json\/wp\/v2\/pages\/568\/revisions\/3487"}],"up":[{"embeddable":true,"href":"https:\/\/www.itsa.es\/ca\/wp-json\/wp\/v2\/pages\/485"}],"wp:attachment":[{"href":"https:\/\/www.itsa.es\/ca\/wp-json\/wp\/v2\/media?parent=568"}],"curies":[{"name":"wp","href":"https:\/\/api.w.org\/{rel}","templated":true}]}}