{"id":2036,"date":"2016-11-28T17:14:12","date_gmt":"2016-11-28T17:14:12","guid":{"rendered":"http:\/\/www.itsa.es\/de\/?page_id=2036"},"modified":"2016-11-28T17:14:12","modified_gmt":"2016-11-28T17:14:12","slug":"unternehmen","status":"publish","type":"page","link":"https:\/\/www.itsa.es\/de\/unternehmen\/","title":{"rendered":"Unternehmen"},"content":{"rendered":"<h1>Der Spezialist f\u00fcr die Erstellung von technischen Produkten aus Kunststoff und Kompositen<\/h1>\n<pre>In ITSA f\u00fchren wir globale Projekte durch: von der Gestaltung innovativer L\u00f6sungen, die auf die Bed\u00fcrfnisse unserer Kunden zugeschnitten sind, bis auf die Herstellung und Lieferung von Produkten mit hohem Mehrwert. Wir integrieren neue Industrialisierungsprozesse an der Spitze der anspruchsvollsten Sektoren.<\/pre>\n","protected":false},"excerpt":{"rendered":"<p>Der Spezialist f\u00fcr die Erstellung von technischen Produkten aus Kunststoff und Kompositen In ITSA f\u00fchren wir globale Projekte durch: von der Gestaltung innovativer L\u00f6sungen, die auf die Bed\u00fcrfnisse unserer Kunden zugeschnitten sind, bis auf die Herstellung und Lieferung von Produkten mit hohem Mehrwert. Wir integrieren neue Industrialisierungsprozesse an der Spitze der anspruchsvollsten Sektoren.<\/p>\n","protected":false},"author":1,"featured_media":0,"parent":0,"menu_order":52,"comment_status":"closed","ping_status":"closed","template":"page-company.php","meta":{"_monsterinsights_skip_tracking":false,"_monsterinsights_sitenote_active":false,"_monsterinsights_sitenote_note":"","_monsterinsights_sitenote_category":0,"footnotes":""},"class_list":["post-2036","page","type-page","status-publish","hentry"],"_links":{"self":[{"href":"https:\/\/www.itsa.es\/de\/wp-json\/wp\/v2\/pages\/2036","targetHints":{"allow":["GET"]}}],"collection":[{"href":"https:\/\/www.itsa.es\/de\/wp-json\/wp\/v2\/pages"}],"about":[{"href":"https:\/\/www.itsa.es\/de\/wp-json\/wp\/v2\/types\/page"}],"author":[{"embeddable":true,"href":"https:\/\/www.itsa.es\/de\/wp-json\/wp\/v2\/users\/1"}],"replies":[{"embeddable":true,"href":"https:\/\/www.itsa.es\/de\/wp-json\/wp\/v2\/comments?post=2036"}],"version-history":[{"count":1,"href":"https:\/\/www.itsa.es\/de\/wp-json\/wp\/v2\/pages\/2036\/revisions"}],"predecessor-version":[{"id":2037,"href":"https:\/\/www.itsa.es\/de\/wp-json\/wp\/v2\/pages\/2036\/revisions\/2037"}],"wp:attachment":[{"href":"https:\/\/www.itsa.es\/de\/wp-json\/wp\/v2\/media?parent=2036"}],"curies":[{"name":"wp","href":"https:\/\/api.w.org\/{rel}","templated":true}]}}