{"id":2048,"date":"2016-11-28T17:25:58","date_gmt":"2016-11-28T17:25:58","guid":{"rendered":"http:\/\/www.itsa.es\/de\/?page_id=2048"},"modified":"2019-05-10T12:49:42","modified_gmt":"2019-05-10T12:49:42","slug":"mission-vision-werte","status":"publish","type":"page","link":"https:\/\/www.itsa.es\/de\/unternehmen\/mission-vision-werte\/","title":{"rendered":"Mission, Vision, Werte"},"content":{"rendered":"<h2>Verfolgung von Exzellenz, Ethik und Integrit\u00e4t in all unseren Handlungen<\/h2>\n<a href=\"http:\/\/www.itsa.es\/wp-content\/uploads\/2016\/08\/01_mission_vision_values.jpg\"><img loading=\"lazy\" decoding=\"async\" class=\"alignnone wp-image-360 size-medium\" src=\"http:\/\/www.itsa.es\/wp-content\/uploads\/2016\/08\/01_mission_vision_values-780x520.jpg\" width=\"780\" height=\"520\" srcset=\"https:\/\/www.itsa.es\/wp-content\/uploads\/2016\/08\/01_mission_vision_values-780x520.jpg 780w, https:\/\/www.itsa.es\/wp-content\/uploads\/2016\/08\/01_mission_vision_values-768x512.jpg 768w, https:\/\/www.itsa.es\/wp-content\/uploads\/2016\/08\/01_mission_vision_values-915x610.jpg 915w\" sizes=\"auto, (max-width: 780px) 100vw, 780px\" \/><\/a>\n<p>Wir f\u00f6rdern ein Umfeld, in dem alle Ideen wertvoll sind und Menschen entwickeln k\u00f6nnen, um ihre Ziele zu erreichen, denn Personnen sind unser wichtigstes Verm\u00f6gen<\/p>\n<h3>Mission<\/h3>\n<ul>\n<li>&#8220;Leidenschaft f\u00fcr Kunststoffe&#8221;. Wir bieten umfassende L\u00f6sungen f\u00fcr das Design, Herstellung und Vermarktung thermoplastischen und thermostabilen Produkten f\u00fcr die Automobil-, Bahn-, Luftfahrt- und Strassensicherungsindustrie.<\/li>\n<\/ul>\n<h3>Vision<\/h3>\n<ul>\n<li>Die europ\u00e4ische F\u00fchrung im Bereich von After-Markt Frontmasken zu halten.<\/li>\n<li>Arbeiten mit den wichtigsten europ\u00e4ischen Eisenbahnassemblierer.<\/li>\n<li>Technologische Alternativen mit h\u00f6heren Produktionsraten und niedrigeren Kosten f\u00fcr aktuelle Produkte f\u00fcr die Luftfahrtinnenausstattungsindustrie anbieten.<\/li>\n<li>Die Rentabilit\u00e4t und die Wettbewerbsf\u00e4higkeit des Unternehmens zu verbessern.<\/li>\n<\/ul>\n<h3>Werte<\/h3>\n<ul>\n<li>Proaktiv, flexibel, einf\u00fchlsam und kundenorientiert.<\/li>\n<li>Mit Integrit\u00e4t, ethischen Werte und Prinzipien vorgehen.<\/li>\n<li>Engagiert f\u00fcr den Schutz der Umwelt und der Nachhaltigkeit.<\/li>\n<li>Dynamisch und motiviert, um die Exzellenz zu erreichen.<\/li>\n<li>Engagiert f\u00fcr die Organisation, Arbeiten in Team.<\/li>\n<\/ul>\n","protected":false},"excerpt":{"rendered":"<p>Verfolgung von Exzellenz, Ethik und Integrit\u00e4t in all unseren Handlungen Wir f\u00f6rdern ein Umfeld, in dem alle Ideen wertvoll sind und Menschen entwickeln k\u00f6nnen, um ihre Ziele zu erreichen, denn Personnen sind unser wichtigstes Verm\u00f6gen Mission &#8220;Leidenschaft f\u00fcr Kunststoffe&#8221;. Wir bieten umfassende L\u00f6sungen f\u00fcr das Design, Herstellung und Vermarktung thermoplastischen und thermostabilen Produkten f\u00fcr die&#8230;  <a class=\"excerpt-read-more\" href=\"https:\/\/www.itsa.es\/de\/unternehmen\/mission-vision-werte\/\" title=\"Read Mission, Vision, Werte\">Weiter &raquo;<\/a><\/p>\n","protected":false},"author":1,"featured_media":0,"parent":2036,"menu_order":108,"comment_status":"closed","ping_status":"closed","template":"page-company.php","meta":{"_monsterinsights_skip_tracking":false,"_monsterinsights_sitenote_active":false,"_monsterinsights_sitenote_note":"","_monsterinsights_sitenote_category":0,"footnotes":""},"class_list":["post-2048","page","type-page","status-publish","hentry"],"_links":{"self":[{"href":"https:\/\/www.itsa.es\/de\/wp-json\/wp\/v2\/pages\/2048","targetHints":{"allow":["GET"]}}],"collection":[{"href":"https:\/\/www.itsa.es\/de\/wp-json\/wp\/v2\/pages"}],"about":[{"href":"https:\/\/www.itsa.es\/de\/wp-json\/wp\/v2\/types\/page"}],"author":[{"embeddable":true,"href":"https:\/\/www.itsa.es\/de\/wp-json\/wp\/v2\/users\/1"}],"replies":[{"embeddable":true,"href":"https:\/\/www.itsa.es\/de\/wp-json\/wp\/v2\/comments?post=2048"}],"version-history":[{"count":4,"href":"https:\/\/www.itsa.es\/de\/wp-json\/wp\/v2\/pages\/2048\/revisions"}],"predecessor-version":[{"id":3483,"href":"https:\/\/www.itsa.es\/de\/wp-json\/wp\/v2\/pages\/2048\/revisions\/3483"}],"up":[{"embeddable":true,"href":"https:\/\/www.itsa.es\/de\/wp-json\/wp\/v2\/pages\/2036"}],"wp:attachment":[{"href":"https:\/\/www.itsa.es\/de\/wp-json\/wp\/v2\/media?parent=2048"}],"curies":[{"name":"wp","href":"https:\/\/api.w.org\/{rel}","templated":true}]}}