{"id":2076,"date":"2016-11-28T17:34:49","date_gmt":"2016-11-28T17:34:49","guid":{"rendered":"http:\/\/www.itsa.es\/de\/?page_id=2076"},"modified":"2021-06-16T13:35:59","modified_gmt":"2021-06-16T13:35:59","slug":"automobil","status":"publish","type":"page","link":"https:\/\/www.itsa.es\/de\/sektoren\/automobil\/","title":{"rendered":"Automobil"},"content":{"rendered":"<h1>ITSA, der europ\u00e4ische Marktf\u00fchrer in der Herstellung von Automobil-Frontmasken<\/h1>\n<a href=\"http:\/\/www.itsa.es\/wp-content\/uploads\/2016\/08\/01_automotive.jpg\"><img loading=\"lazy\" decoding=\"async\" class=\"alignnone wp-image-367 size-medium\" src=\"http:\/\/www.itsa.es\/wp-content\/uploads\/2016\/08\/01_automotive-780x440.jpg\" width=\"780\" height=\"440\" srcset=\"https:\/\/www.itsa.es\/wp-content\/uploads\/2016\/08\/01_automotive.jpg 780w, https:\/\/www.itsa.es\/wp-content\/uploads\/2016\/08\/01_automotive-768x433.jpg 768w\" sizes=\"auto, (max-width: 780px) 100vw, 780px\" \/><\/a>\n<p>Mit \u00fcber 30 Jahre Erfahrung im Bereich der Kunstoffkarosserieteile f\u00fcr den Aftermarkt, liegt ITSA als Referenzlieferanten f\u00fcr die Herstellung und den Vertrieb von Kfz-Fronten dank hochwertiger Produkte und weltweites Service.<\/p>\n<ul>\n<li>Umfangreiches Angebot an OEM gleichwertige Frontmasken, die 80% der europ\u00e4ischen Kraftfahrzeugbestand umfasst\/li&gt;<\/li>\n<li>ITSA Frontmasken sorgen f\u00fcr k\u00fcrze und schnelle Montagen\/li&gt;<\/li>\n<li>Stockverf\u00fcgbarkeit f\u00fcr schnelle und effiziente Lieferungen\/li&gt;<\/li>\n<li>Hauseigen Engineering mit langj\u00e4hriger Erfahrung in Erstausr\u00fcstung sowie im Eisenbahnsektor, einem der anspruchsvollsten Sektoren auf technisches und Design Ebene\/li&gt;<\/li>\n<li>Benutzung von hochwertige Rohstoffe und Komponenten<\/li>\n<\/ul>\n<hr \/>\n<div id=\"automotive-products\"><\/div>\n<h2>Produkte<\/h2>\n<p>Der ITSA Katalog erfa\u00dft den umfangreichsten Auswahl an Frontmasken des europ\u00e4ischen Marktes: Mehr als 200 aktive Referenzen und 20 Marken, die 80% des derzeitigen europ\u00e4ischen Kraftfahrzeugbestand decken, mit Vertretung der wichtigsten europ\u00e4ischen, japanischen und koreanischen Hersteller.<\/p>\n<p>Unsere Produkte gew\u00e4hrleisten:<\/p>\n<ul>\n<li>Maximale Produktionsanforderungen<\/li>\n<li>St\u00e4ndige Qualit\u00e4tskontrollen<\/li>\n<li>OEM gleichwertig\u00a0 <em><strong>(1)<\/strong><\/em><\/li>\n<li>Funktionalit\u00e4t: Montagetests nach OEM-Toleranzen<\/li>\n<li>Referenzzertifizierung von namhaften Unternehmen ausgegeben, nach denen:\n<ul>\n<li>ITSA Frontmasken entsprechen den Originalteilen<\/li>\n<li>Verwendung von hochwertigen Rohstoffen<\/li>\n<li>Ausgezeichnetes Produktdesign<\/li>\n<li>Perfekte Montage der ITSA Frontmasken<\/li>\n<li>Optimale Fertigungsprozesse<\/li>\n<\/ul>\n<\/ul>\n<p>&nbsp;<\/p>\n<h6><strong><em>(1)\u00a0Die zur Beschreibung unserer Produkte verwendeten Marken sind Eigentum der genannten Hersteller. Ihre Verwendung dient lediglich der Identifizierung des Fahrzeugmodells, in dem ITSA-Produkte montiert werden k\u00f6nnen. Unsere Produkte sind zwar nicht original, passen sich aber perfekt an die genannten Fahrzeuge an.<\/em><\/strong><\/h6>\n<hr \/>\n<div id=\"automotive-services\"><\/div>\n<h2>Leistungen<\/h2>\n<p>In ITSA stehn wir hinter unserem Kunden:<\/p>\n<ul>\n<li>Lieferungsbindung 48h nach Europa und Express-Service 24 Stunden nach Spanien und Italien<\/li>\n<li>Gesamtbestandverf\u00fcgbarkeit<\/li>\n<li>Optimierung von Logistikkosten (Verpackung, Transport, usw.)<\/li>\n<li>Spezifische Verpackung f\u00fcr zertifizierte Frontends, gekennzeichnet mit dem Logo der Zertifizierungsstelle<\/li>\n<\/ul>\n","protected":false},"excerpt":{"rendered":"<p>ITSA, der europ\u00e4ische Marktf\u00fchrer in der Herstellung von Automobil-Frontmasken Mit \u00fcber 30 Jahre Erfahrung im Bereich der Kunstoffkarosserieteile f\u00fcr den Aftermarkt, liegt ITSA als Referenzlieferanten f\u00fcr die Herstellung und den Vertrieb von Kfz-Fronten dank hochwertiger Produkte und weltweites Service. Umfangreiches Angebot an OEM gleichwertige Frontmasken, die 80% der europ\u00e4ischen Kraftfahrzeugbestand umfasst\/li&gt; ITSA Frontmasken sorgen f\u00fcr&#8230;  <a class=\"excerpt-read-more\" href=\"https:\/\/www.itsa.es\/de\/sektoren\/automobil\/\" title=\"Read Automobil\">Weiter &raquo;<\/a><\/p>\n","protected":false},"author":1,"featured_media":0,"parent":2065,"menu_order":24,"comment_status":"closed","ping_status":"closed","template":"page-sectors.php","meta":{"_monsterinsights_skip_tracking":false,"_monsterinsights_sitenote_active":false,"_monsterinsights_sitenote_note":"","_monsterinsights_sitenote_category":0,"footnotes":""},"class_list":["post-2076","page","type-page","status-publish","hentry"],"_links":{"self":[{"href":"https:\/\/www.itsa.es\/de\/wp-json\/wp\/v2\/pages\/2076","targetHints":{"allow":["GET"]}}],"collection":[{"href":"https:\/\/www.itsa.es\/de\/wp-json\/wp\/v2\/pages"}],"about":[{"href":"https:\/\/www.itsa.es\/de\/wp-json\/wp\/v2\/types\/page"}],"author":[{"embeddable":true,"href":"https:\/\/www.itsa.es\/de\/wp-json\/wp\/v2\/users\/1"}],"replies":[{"embeddable":true,"href":"https:\/\/www.itsa.es\/de\/wp-json\/wp\/v2\/comments?post=2076"}],"version-history":[{"count":2,"href":"https:\/\/www.itsa.es\/de\/wp-json\/wp\/v2\/pages\/2076\/revisions"}],"predecessor-version":[{"id":3761,"href":"https:\/\/www.itsa.es\/de\/wp-json\/wp\/v2\/pages\/2076\/revisions\/3761"}],"up":[{"embeddable":true,"href":"https:\/\/www.itsa.es\/de\/wp-json\/wp\/v2\/pages\/2065"}],"wp:attachment":[{"href":"https:\/\/www.itsa.es\/de\/wp-json\/wp\/v2\/media?parent=2076"}],"curies":[{"name":"wp","href":"https:\/\/api.w.org\/{rel}","templated":true}]}}