{"id":2099,"date":"2016-11-28T17:55:35","date_gmt":"2016-11-28T17:55:35","guid":{"rendered":"http:\/\/www.itsa.es\/de\/?page_id=2099"},"modified":"2021-03-01T10:57:04","modified_gmt":"2021-03-01T10:57:04","slug":"eisenbahn","status":"publish","type":"page","link":"https:\/\/www.itsa.es\/de\/sektoren\/eisenbahn\/","title":{"rendered":"Eisenbahn"},"content":{"rendered":"<div id=\"automotive-designing\"><\/div>\n<h1>Entwickelt f\u00fcr Menschen, hochwertig hergestellt<\/h1>\n<a href=\"http:\/\/www.itsa.es\/wp-content\/uploads\/2016\/08\/02_railway_industry.jpg\"><img loading=\"lazy\" decoding=\"async\" class=\"alignnone wp-image-369 size-medium\" src=\"http:\/\/www.itsa.es\/wp-content\/uploads\/2016\/08\/02_railway_industry-780x440.jpg\" width=\"780\" height=\"440\" srcset=\"https:\/\/www.itsa.es\/wp-content\/uploads\/2016\/08\/02_railway_industry.jpg 780w, https:\/\/www.itsa.es\/wp-content\/uploads\/2016\/08\/02_railway_industry-768x433.jpg 768w\" sizes=\"auto, (max-width: 780px) 100vw, 780px\" \/><\/a>\n<p>ITSA ist spezialisiert auf die Planung, Entwicklung und Fertigung von Turnkey-Bahninnenraumkomponenten. Wir bieten Komponenten, L\u00f6sungen und Dienstleistungen f\u00fcr Projekte weltweit.<\/p>\n<p>Bei der Umwandlung verschiedener Rohstoffe f\u00fchrt ITSA verwendet ITSA ein breites Spektrum an eigenen Prozessen: FRP SMC, SMC + PIMC, RTM und Kunststoff-Spritzguss.<\/p>\n<p>Dar\u00fcber hinaus, entwickelt ITSA Pultrusionsverfahren, Handlaminierung, Thermoformung , Metallverarbeitung und Prozesse von Subkomponenten durch spezialisierten Zulieferer.<\/p>\n<p>Unsere Strategie beruht auf einer langfristigen Partnerschaft mit den Marktf\u00fchrern, sowie unser Know-how und Erfahrung auf technischer Ebene, die wir nicht nur im Eisenbahnmarkt, sondern auch in anderen High-Tech-Bereichen (Photovoltaik, Luftfahrt-, Automobil- und Verkehrsmarkierung) erworben haben.<\/p>\n<hr \/>\n<div id=\"railway-products\"><\/div>\n<h2>Produkte<\/h2>\n<p>ITSA erstellt, entwickelt und fertigt spezifische Komponenten f\u00fcr den Eisenbahnsektor. Innovative montagefertige L\u00f6sungen, die Funktionalit\u00e4t und Design vereinen.<\/p>\n<p>Unsere L\u00f6sungen umfassen:<\/p>\n<ul>\n<li>Seitenw\u00e4nde<\/li>\n<li>Decke<\/li>\n<li>Leuchte<\/li>\n<li>Sitze<\/li>\n<li>B\u00f6den<\/li>\n<li>Zugangst\u00fcren<\/li>\n<\/ul>\n<hr \/>\n<div id=\"railway-services\"><\/div>\n<h2>Leistungen<\/h2>\n<p>Wir verwalten alle Projektphasen:<\/p>\n<ul>\n<li>Engineering<\/li>\n<li>Werkzeugbau<\/li>\n<li>Herstellung<\/li>\n<li>Fertigstellung und Montage<\/li>\n<li>Verpackung und Lieferung<\/li>\n<li>Kundendienst<\/li>\n<\/ul>\n<hr \/>\n<div id=\"railway-design\"><\/div>\n<h2>Design und Engineering<\/h2>\n<p>Kostend\u00e4mmung durch Design und Innovation<\/p>\n<p>ITSA hat entwickelt hohe Engineering- und technische Kapazit\u00e4ten im Bereich Projektmanagement f\u00fcr den Eisenbahnsektor (Zug, High-Speed, U-Bahn und Stra\u00dfenbahn). Die Reduzierung von Kosten, Gewichten und Subkomponenten ist ein erreichbares Ziel durch eine effektive Gestaltung und Funktionalit\u00e4t der Komponenten, deren Industrialisierung ebenfalls optimiert wird.<\/p>\n<p>Unsere erfahrene und hochqualifizierte Ingenieure decken alle Phasen des Projektes: von Design-Skizzen bis auf die Entwicklung von Werkzeugen und Fertigung von Teilen.<\/p>\n<hr \/>\n<div id=\"railway-clients\"><\/div>\n<h2>Auftraggeber<\/h2>\n<div id=\"logos-clients\"><a href=\"http:\/\/www.bombardier.com\/en\/transportation.html\" target=\"_blank\"><img loading=\"lazy\" decoding=\"async\" class=\"alignnone wp-image-352 size-full\" src=\"http:\/\/www.itsa.es\/wp-content\/uploads\/2016\/08\/over_0004_Objeto-inteligente-vectorial.jpg\" width=\"254\" height=\"150\" \/><\/a><a href=\"http:\/\/www.caf.net\" target=\"_blank\"><img loading=\"lazy\" decoding=\"async\" class=\"alignnone wp-image-353 size-full\" src=\"http:\/\/www.itsa.es\/wp-content\/uploads\/2016\/08\/over_0003_Objeto-inteligente-vectorial.jpg\" width=\"254\" height=\"150\" \/><\/a><a href=\"https:\/\/www.siemens.com\" target=\"_blank\"><img loading=\"lazy\" decoding=\"async\" class=\"alignnone wp-image-355 size-full\" src=\"http:\/\/www.itsa.es\/wp-content\/uploads\/2016\/08\/over_0002_Objeto-inteligente-vectorial.jpg\" width=\"254\" height=\"150\" \/><\/a><a href=\"http:\/\/www.stadlerrail.com\/\" target=\"_blank\"><img loading=\"lazy\" decoding=\"async\" class=\"alignnone wp-image-356 size-full\" src=\"http:\/\/www.itsa.es\/wp-content\/uploads\/2016\/08\/over_0001_Objeto-inteligente-vectorial.jpg\" width=\"254\" height=\"150\" \/><\/a><a href=\"http:\/\/ulkm.ru\/\" target=\"_blank\"><img loading=\"lazy\" decoding=\"async\" class=\"alignnone wp-image-357 size-full\" src=\"http:\/\/www.itsa.es\/wp-content\/uploads\/2016\/08\/over_0000_Objeto-inteligente-vectorial.jpg\" width=\"254\" height=\"150\" \/><\/a><a href=\"https:\/\/www.skoda.cz\/en\/\"><img loading=\"lazy\" decoding=\"async\" class=\"alignnone size-full wp-image-3648\" src=\"https:\/\/www.itsa.es\/wp-content\/uploads\/2016\/08\/SKODA-logo-e1614595120388.jpg\" width=\"254\" height=\"150\" \/><\/a><\/div>\n<hr \/>\n","protected":false},"excerpt":{"rendered":"<p>Entwickelt f\u00fcr Menschen, hochwertig hergestellt ITSA ist spezialisiert auf die Planung, Entwicklung und Fertigung von Turnkey-Bahninnenraumkomponenten. Wir bieten Komponenten, L\u00f6sungen und Dienstleistungen f\u00fcr Projekte weltweit. Bei der Umwandlung verschiedener Rohstoffe f\u00fchrt ITSA verwendet ITSA ein breites Spektrum an eigenen Prozessen: FRP SMC, SMC + PIMC, RTM und Kunststoff-Spritzguss. Dar\u00fcber hinaus, entwickelt ITSA Pultrusionsverfahren, Handlaminierung, Thermoformung&#8230;  <a class=\"excerpt-read-more\" href=\"https:\/\/www.itsa.es\/de\/sektoren\/eisenbahn\/\" title=\"Read Eisenbahn\">Weiter &raquo;<\/a><\/p>\n","protected":false},"author":1,"featured_media":0,"parent":2065,"menu_order":165,"comment_status":"closed","ping_status":"closed","template":"page-sectors.php","meta":{"_monsterinsights_skip_tracking":false,"_monsterinsights_sitenote_active":false,"_monsterinsights_sitenote_note":"","_monsterinsights_sitenote_category":0,"footnotes":""},"class_list":["post-2099","page","type-page","status-publish","hentry"],"_links":{"self":[{"href":"https:\/\/www.itsa.es\/de\/wp-json\/wp\/v2\/pages\/2099","targetHints":{"allow":["GET"]}}],"collection":[{"href":"https:\/\/www.itsa.es\/de\/wp-json\/wp\/v2\/pages"}],"about":[{"href":"https:\/\/www.itsa.es\/de\/wp-json\/wp\/v2\/types\/page"}],"author":[{"embeddable":true,"href":"https:\/\/www.itsa.es\/de\/wp-json\/wp\/v2\/users\/1"}],"replies":[{"embeddable":true,"href":"https:\/\/www.itsa.es\/de\/wp-json\/wp\/v2\/comments?post=2099"}],"version-history":[{"count":2,"href":"https:\/\/www.itsa.es\/de\/wp-json\/wp\/v2\/pages\/2099\/revisions"}],"predecessor-version":[{"id":3660,"href":"https:\/\/www.itsa.es\/de\/wp-json\/wp\/v2\/pages\/2099\/revisions\/3660"}],"up":[{"embeddable":true,"href":"https:\/\/www.itsa.es\/de\/wp-json\/wp\/v2\/pages\/2065"}],"wp:attachment":[{"href":"https:\/\/www.itsa.es\/de\/wp-json\/wp\/v2\/media?parent=2099"}],"curies":[{"name":"wp","href":"https:\/\/api.w.org\/{rel}","templated":true}]}}