{"id":2114,"date":"2016-11-28T18:11:20","date_gmt":"2016-11-28T18:11:20","guid":{"rendered":"http:\/\/www.itsa.es\/de\/?page_id=2114"},"modified":"2023-06-30T08:26:43","modified_gmt":"2023-06-30T08:26:43","slug":"urban-products","status":"publish","type":"page","link":"https:\/\/www.itsa.es\/de\/sektoren\/urban-products\/","title":{"rendered":"Urban Products"},"content":{"rendered":"<h1>Ihr Partner in der Strassensicherung<\/h1>\n<a href=\"http:\/\/www.itsa.es\/wp-content\/uploads\/2016\/08\/03_urban_products.jpg\"><img loading=\"lazy\" decoding=\"async\" class=\"alignnone wp-image-371 size-medium\" src=\"http:\/\/www.itsa.es\/wp-content\/uploads\/2016\/08\/03_urban_products-780x440.jpg\" width=\"780\" height=\"440\" srcset=\"https:\/\/www.itsa.es\/wp-content\/uploads\/2016\/08\/03_urban_products.jpg 780w, https:\/\/www.itsa.es\/wp-content\/uploads\/2016\/08\/03_urban_products-768x433.jpg 768w\" sizes=\"auto, (max-width: 780px) 100vw, 780px\" \/><\/a>\n<p>ITSA entwickelt sein Angebot von Produkten und Dienstleistungen f\u00fcr die Strassensicherung aufgrund seiner Erfahrung in f\u00fchrenden Sektoren wie Eisenbahn und Automobil, wo das Unternehmen einen langen Kurs entwickelt hatte.<\/p>\n<p>Entwicklung des Katalogues:<\/p>\n<ul class=\"evolution\">\n<li><span class=\"year\">2007<\/span> Cargo Barrier: Erste kuppelbare New Jersey Barriere aus Kuststoffspritzguss<\/li>\n<li><span class=\"year\">2008<\/span> Entwicklung und Herstellung Zaun Y-Konzept<\/li>\n<li><span class=\"year\">2009<\/span> Messe Construmat, Barcelona: Markteinf\u00fchrung der Cargo-Barrier und Zaun Y-Konzept<\/li>\n<li><span class=\"year\">2010<\/span> Entwicklung von LED-Poller ITSA<\/li>\n<li><span class=\"year\">2010<\/span> Messe Intertraffic Amsterdam: Einf\u00fchrung Lichtsignalprodukte<\/li>\n<li><span class=\"year\">2011<\/span> Markteinf\u00fchrung Grabendeckungsplatten<\/li>\n<li><span class=\"year\">2015<\/span> Markteinf\u00fchrung Web E-Commerce e www.urban.itsa.es<\/li>\n<\/ul>\n<hr \/>\n<div id=\"urban-products\"><\/div>\n<h2>Produkte<\/h2>\n<p>ITSA Urban Products entwickelt und fertigt spezifische Komponenten f\u00fcr den Bereich der Strassensicherug.<\/p>\n<p>Unsere Produkte umfassen die folgenden Kategorien:<\/p>\n<ul>\n<li>Leuchte<\/li>\n<li>Markierung<\/li>\n<li>Gummiaufpflasterung<\/li>\n<li>Spiegel<\/li>\n<li>Zeichen<\/li>\n<\/ul>\n<hr \/>\n<div id=\"urban-services\"><\/div>\n<h2>Leistungen<\/h2>\n<p>V\u00f6llig kundenorientiert, unsere Service hei\u00dft das Anbieten eines qualitativ hochwertigen Produktes, pers\u00f6nliche Betreuung, sowie schnelle und effiziente Lieferungen:<\/p>\n<ul>\n<li><strong>roduktpersonalisierung:\u00a0<\/strong><br \/>\nSiebdruck, Beschriftung, Personalisierug der Farbe in mehreren Produkten<\/li>\n<li><strong>Logistik:<\/strong><br \/>\nStandardversand innerhalb von 48 Stunden nach Eingang der Bestellung, oder Expresslieferung<\/li>\n<li><strong>Verf\u00fcgbarkeit:<\/strong><br \/>\nSt\u00e4ndiger Bestand von den Produkten mit h\u00f6herem Lagerumschlag<\/li>\n<li><strong>Qualit\u00e4t und Kundendienst:<\/strong><br \/>\nUnsere Produkte sind gew\u00e4rleistet, zertifiziert und hergestellt nach EU-Richtlinien<\/li>\n<\/ul>\n<hr \/>\n<div id=\"urban-online\"><\/div>\n<h2>Online-Katalog<\/h2>\n<p>ITSA hat einen schnellen und flexiblen Online-Katalog entwickelt, wo Sie alle notwendigen technischen Informationen\u00a0zu unserer gesamten Produktkatalog finden k\u00f6nnen. ITSA arbeitet immer daran, seinen Kunden die innovativsten und modernsten kommerziellen L\u00f6sungen zu bieten.<\/p>\n<p>Unser Web-Team bietet die beste Betreuung und Service von Ihrer ersten Anfrage bis zur Auslieferung Ihrer Ware. Werfen Sie einen Blick auf unsere neuen Produkte und Dienstleistungen!<\/p>\n<p>&nbsp;<\/p>\n<p><a class=\"btn\" href=\"http:\/\/www.urban.itsa.es\/index.php\" target=\"_blank\">Zum Online-Katalog!<\/a><\/p>\n","protected":false},"excerpt":{"rendered":"<p>Ihr Partner in der Strassensicherung ITSA entwickelt sein Angebot von Produkten und Dienstleistungen f\u00fcr die Strassensicherung aufgrund seiner Erfahrung in f\u00fchrenden Sektoren wie Eisenbahn und Automobil, wo das Unternehmen einen langen Kurs entwickelt hatte. Entwicklung des Katalogues: 2007 Cargo Barrier: Erste kuppelbare New Jersey Barriere aus Kuststoffspritzguss 2008 Entwicklung und Herstellung Zaun Y-Konzept 2009 Messe&#8230;  <a class=\"excerpt-read-more\" href=\"https:\/\/www.itsa.es\/de\/sektoren\/urban-products\/\" title=\"Read Urban Products\">Weiter &raquo;<\/a><\/p>\n","protected":false},"author":1,"featured_media":0,"parent":2065,"menu_order":186,"comment_status":"closed","ping_status":"closed","template":"page-sectors.php","meta":{"_monsterinsights_skip_tracking":false,"_monsterinsights_sitenote_active":false,"_monsterinsights_sitenote_note":"","_monsterinsights_sitenote_category":0,"footnotes":""},"class_list":["post-2114","page","type-page","status-publish","hentry"],"_links":{"self":[{"href":"https:\/\/www.itsa.es\/de\/wp-json\/wp\/v2\/pages\/2114","targetHints":{"allow":["GET"]}}],"collection":[{"href":"https:\/\/www.itsa.es\/de\/wp-json\/wp\/v2\/pages"}],"about":[{"href":"https:\/\/www.itsa.es\/de\/wp-json\/wp\/v2\/types\/page"}],"author":[{"embeddable":true,"href":"https:\/\/www.itsa.es\/de\/wp-json\/wp\/v2\/users\/1"}],"replies":[{"embeddable":true,"href":"https:\/\/www.itsa.es\/de\/wp-json\/wp\/v2\/comments?post=2114"}],"version-history":[{"count":3,"href":"https:\/\/www.itsa.es\/de\/wp-json\/wp\/v2\/pages\/2114\/revisions"}],"predecessor-version":[{"id":4372,"href":"https:\/\/www.itsa.es\/de\/wp-json\/wp\/v2\/pages\/2114\/revisions\/4372"}],"up":[{"embeddable":true,"href":"https:\/\/www.itsa.es\/de\/wp-json\/wp\/v2\/pages\/2065"}],"wp:attachment":[{"href":"https:\/\/www.itsa.es\/de\/wp-json\/wp\/v2\/media?parent=2114"}],"curies":[{"name":"wp","href":"https:\/\/api.w.org\/{rel}","templated":true}]}}