{"id":2124,"date":"2016-11-29T07:43:26","date_gmt":"2016-11-29T07:43:26","guid":{"rendered":"http:\/\/www.itsa.es\/de\/?page_id=2124"},"modified":"2018-07-06T12:45:17","modified_gmt":"2018-07-06T12:45:17","slug":"andere-industrien","status":"publish","type":"page","link":"https:\/\/www.itsa.es\/de\/sektoren\/andere-industrien\/","title":{"rendered":"Andere Industrien"},"content":{"rendered":"<h1>Globale L\u00f6sungen f\u00fcr alle Branchen angepasst<\/h1>\n<p><a href=\"http:\/\/www.itsa.es\/wp-content\/uploads\/2016\/08\/04_other_industries.jpeg\"><img loading=\"lazy\" decoding=\"async\" class=\"alignnone size-medium wp-image-3291\" src=\"http:\/\/www.itsa.es\/wp-content\/uploads\/2016\/08\/ITSA-Other-industries-780x520.jpg\" alt=\"ITSA - Other industries\" width=\"780\" height=\"520\" srcset=\"https:\/\/www.itsa.es\/wp-content\/uploads\/2016\/08\/ITSA-Other-industries-780x520.jpg 780w, https:\/\/www.itsa.es\/wp-content\/uploads\/2016\/08\/ITSA-Other-industries-768x512.jpg 768w, https:\/\/www.itsa.es\/wp-content\/uploads\/2016\/08\/ITSA-Other-industries-915x610.jpg 915w\" sizes=\"auto, (max-width: 780px) 100vw, 780px\" \/><\/a>ITSA \u00fcbernimmt globale Projekte f\u00fcr das Design und die Herstellung technischer thermoplastischen und thermostablen Produkten.<\/p>\n<p>Wir stellen unser Know-how und unsere Erfahrung in allen Phasen des Projekts zur Verf\u00fcgung. Zugleich garantieren wir h\u00f6chster Qualit\u00e4t und Flexibilit\u00e4t des Produktes und Service dank unserer Erfahrung in der Entwicklung von integrierten Projekten f\u00fcr andere Gesch\u00e4ftsfelder.<\/p>\n<hr \/>\n<div id=\"other-products\"><\/div>\n<h2>Produkte<\/h2>\n<p>Zu den Projekten, die ITSA bereits entwickelt hat, zeichnen sich folgende Projekte ab: Sto\u00dfstangen, Innenverkleidungen , etc. f\u00fcr die Automobilindustrie, technische Einrichtungen f\u00fcr Schwimmb\u00e4der, h\u00e4uslichen und st\u00e4dtischen M\u00f6bel und Elektroschalen, Photovoltaik-Platten, usw.<\/p>\n<hr \/>\n<div id=\"other-services\"><\/div>\n<h2>Dienstleistungen<\/h2>\n<p>ITSA bietet Outsourcing-Dienstleistungen in Design, Konstruktion und Herstellung von technischen Kunststoffteilen an anderen Unternehmen. Wir arbeiten auch als Unterst\u00fctzung f\u00fcr andere Hersteller f\u00fcr die Verarbeitung von Kunststoffen, Verbundstoffen und Lackierung, an denen wir die verf\u00fcgbare Kapazit\u00e4t unserer Maschinen bieten.<\/p>\n<ul>\n<li>Produktdesign und Engineering<\/li>\n<li>Werkzeugbau<\/li>\n<li>Herstellung von Teilen<\/li>\n<li>Lackierung und Montage von Komponenten<\/li>\n<li>Lieferung des fertigen Produktes<\/li>\n<\/ul>\n","protected":false},"excerpt":{"rendered":"<p>Globale L\u00f6sungen f\u00fcr alle Branchen angepasst ITSA \u00fcbernimmt globale Projekte f\u00fcr das Design und die Herstellung technischer thermoplastischen und thermostablen Produkten. Wir stellen unser Know-how und unsere Erfahrung in allen Phasen des Projekts zur Verf\u00fcgung. Zugleich garantieren wir h\u00f6chster Qualit\u00e4t und Flexibilit\u00e4t des Produktes und Service dank unserer Erfahrung in der Entwicklung von integrierten Projekten&#8230;  <a class=\"excerpt-read-more\" href=\"https:\/\/www.itsa.es\/de\/sektoren\/andere-industrien\/\" title=\"Read Andere Industrien\">Weiter &raquo;<\/a><\/p>\n","protected":false},"author":1,"featured_media":3291,"parent":2065,"menu_order":118,"comment_status":"closed","ping_status":"closed","template":"page-sectors.php","meta":{"_monsterinsights_skip_tracking":false,"_monsterinsights_sitenote_active":false,"_monsterinsights_sitenote_note":"","_monsterinsights_sitenote_category":0,"footnotes":""},"class_list":["post-2124","page","type-page","status-publish","has-post-thumbnail","hentry"],"_links":{"self":[{"href":"https:\/\/www.itsa.es\/de\/wp-json\/wp\/v2\/pages\/2124","targetHints":{"allow":["GET"]}}],"collection":[{"href":"https:\/\/www.itsa.es\/de\/wp-json\/wp\/v2\/pages"}],"about":[{"href":"https:\/\/www.itsa.es\/de\/wp-json\/wp\/v2\/types\/page"}],"author":[{"embeddable":true,"href":"https:\/\/www.itsa.es\/de\/wp-json\/wp\/v2\/users\/1"}],"replies":[{"embeddable":true,"href":"https:\/\/www.itsa.es\/de\/wp-json\/wp\/v2\/comments?post=2124"}],"version-history":[{"count":2,"href":"https:\/\/www.itsa.es\/de\/wp-json\/wp\/v2\/pages\/2124\/revisions"}],"predecessor-version":[{"id":3300,"href":"https:\/\/www.itsa.es\/de\/wp-json\/wp\/v2\/pages\/2124\/revisions\/3300"}],"up":[{"embeddable":true,"href":"https:\/\/www.itsa.es\/de\/wp-json\/wp\/v2\/pages\/2065"}],"wp:featuredmedia":[{"embeddable":true,"href":"https:\/\/www.itsa.es\/de\/wp-json\/wp\/v2\/media\/3291"}],"wp:attachment":[{"href":"https:\/\/www.itsa.es\/de\/wp-json\/wp\/v2\/media?parent=2124"}],"curies":[{"name":"wp","href":"https:\/\/api.w.org\/{rel}","templated":true}]}}