{"id":2127,"date":"2016-11-29T07:45:12","date_gmt":"2016-11-29T07:45:12","guid":{"rendered":"http:\/\/www.itsa.es\/de\/?page_id=2127"},"modified":"2016-11-29T07:45:12","modified_gmt":"2016-11-29T07:45:12","slug":"produktion","status":"publish","type":"page","link":"https:\/\/www.itsa.es\/de\/produktion\/","title":{"rendered":"Produktion"},"content":{"rendered":"<h1>Die erfolgreiche Kombination aus multitechnologischer und leistungsf\u00e4higer Fertigung mit effizienten und flexiblen Prozessen &#8230; alles unter einem Dach<\/h1>\n<pre>In ITSA verf\u00fcgen wir \u00fcber einen umfassenden Technologiepark mit Maschinen mittlerer und hoher Tonnage zur Kompression von thermostabile Kunststoffe und thermoplastische Spritzguss, , die ein hohes Herstellungsverfahren, Flexibilit\u00e4t, Kosteneinsparungen und eine optimale Qualit\u00e4t des Endprodukts garantieren.\r\n\r\nDar\u00fcber hinaus bieten wir eine breite Palette an Fertigungsm\u00f6glichkeiten der Teile, die von Lackierung und Bearbeitung von Einzelteilen bis hin zur Montage von kompletten Systemen f\u00fcr die Lieferung von schl\u00fcsselfertigen Produkten reichen.<\/pre>\n","protected":false},"excerpt":{"rendered":"<p>Die erfolgreiche Kombination aus multitechnologischer und leistungsf\u00e4higer Fertigung mit effizienten und flexiblen Prozessen &#8230; alles unter einem Dach In ITSA verf\u00fcgen wir \u00fcber einen umfassenden Technologiepark mit Maschinen mittlerer und hoher Tonnage zur Kompression von thermostabile Kunststoffe und thermoplastische Spritzguss, , die ein hohes Herstellungsverfahren, Flexibilit\u00e4t, Kosteneinsparungen und eine optimale Qualit\u00e4t des Endprodukts garantieren. Dar\u00fcber&#8230;  <a class=\"excerpt-read-more\" href=\"https:\/\/www.itsa.es\/de\/produktion\/\" title=\"Read Produktion\">Weiter &raquo;<\/a><\/p>\n","protected":false},"author":1,"featured_media":0,"parent":0,"menu_order":146,"comment_status":"closed","ping_status":"closed","template":"page-production.php","meta":{"_monsterinsights_skip_tracking":false,"_monsterinsights_sitenote_active":false,"_monsterinsights_sitenote_note":"","_monsterinsights_sitenote_category":0,"footnotes":""},"class_list":["post-2127","page","type-page","status-publish","hentry"],"_links":{"self":[{"href":"https:\/\/www.itsa.es\/de\/wp-json\/wp\/v2\/pages\/2127","targetHints":{"allow":["GET"]}}],"collection":[{"href":"https:\/\/www.itsa.es\/de\/wp-json\/wp\/v2\/pages"}],"about":[{"href":"https:\/\/www.itsa.es\/de\/wp-json\/wp\/v2\/types\/page"}],"author":[{"embeddable":true,"href":"https:\/\/www.itsa.es\/de\/wp-json\/wp\/v2\/users\/1"}],"replies":[{"embeddable":true,"href":"https:\/\/www.itsa.es\/de\/wp-json\/wp\/v2\/comments?post=2127"}],"version-history":[{"count":1,"href":"https:\/\/www.itsa.es\/de\/wp-json\/wp\/v2\/pages\/2127\/revisions"}],"predecessor-version":[{"id":2128,"href":"https:\/\/www.itsa.es\/de\/wp-json\/wp\/v2\/pages\/2127\/revisions\/2128"}],"wp:attachment":[{"href":"https:\/\/www.itsa.es\/de\/wp-json\/wp\/v2\/media?parent=2127"}],"curies":[{"name":"wp","href":"https:\/\/api.w.org\/{rel}","templated":true}]}}