{"id":2182,"date":"2016-11-29T08:00:11","date_gmt":"2016-11-29T08:00:11","guid":{"rendered":"http:\/\/www.itsa.es\/de\/?page_id=2182"},"modified":"2016-11-29T08:02:02","modified_gmt":"2016-11-29T08:02:02","slug":"rtm","status":"publish","type":"page","link":"https:\/\/www.itsa.es\/de\/produktion\/rtm\/","title":{"rendered":"RTM"},"content":{"rendered":"<h1>RTM<\/h1>\n<a href=\"http:\/\/www.itsa.es\/wp-content\/uploads\/2016\/08\/04_rtm.jpg\"><img loading=\"lazy\" decoding=\"async\" class=\"alignnone wp-image-385 size-medium\" src=\"http:\/\/www.itsa.es\/wp-content\/uploads\/2016\/08\/04_rtm-780x440.jpg\" width=\"780\" height=\"440\" srcset=\"https:\/\/www.itsa.es\/wp-content\/uploads\/2016\/08\/04_rtm.jpg 780w, https:\/\/www.itsa.es\/wp-content\/uploads\/2016\/08\/04_rtm-768x433.jpg 768w\" sizes=\"auto, (max-width: 780px) 100vw, 780px\" \/><\/a>\n<p>Durch ein Ger\u00e4t f\u00fcr das Mischen\/automatische Anwendung von Harzen, erm\u00f6glicht uns das RTM-Verfahren Polyesterteile f\u00fcr Projekte mit geringem bis mittlerem Umfang ohne gro\u00dfe Investitionen herzustellen.<\/p>\n<p>Wir arbeiten mit Materialien, die die h\u00f6chsten Standards von Feuer und Rauch erf\u00fcllen.<\/p>\n","protected":false},"excerpt":{"rendered":"<p>RTM Durch ein Ger\u00e4t f\u00fcr das Mischen\/automatische Anwendung von Harzen, erm\u00f6glicht uns das RTM-Verfahren Polyesterteile f\u00fcr Projekte mit geringem bis mittlerem Umfang ohne gro\u00dfe Investitionen herzustellen. Wir arbeiten mit Materialien, die die h\u00f6chsten Standards von Feuer und Rauch erf\u00fcllen.<\/p>\n","protected":false},"author":1,"featured_media":0,"parent":2127,"menu_order":170,"comment_status":"closed","ping_status":"closed","template":"page-production.php","meta":{"_monsterinsights_skip_tracking":false,"_monsterinsights_sitenote_active":false,"_monsterinsights_sitenote_note":"","_monsterinsights_sitenote_category":0,"footnotes":""},"class_list":["post-2182","page","type-page","status-publish","hentry"],"_links":{"self":[{"href":"https:\/\/www.itsa.es\/de\/wp-json\/wp\/v2\/pages\/2182","targetHints":{"allow":["GET"]}}],"collection":[{"href":"https:\/\/www.itsa.es\/de\/wp-json\/wp\/v2\/pages"}],"about":[{"href":"https:\/\/www.itsa.es\/de\/wp-json\/wp\/v2\/types\/page"}],"author":[{"embeddable":true,"href":"https:\/\/www.itsa.es\/de\/wp-json\/wp\/v2\/users\/1"}],"replies":[{"embeddable":true,"href":"https:\/\/www.itsa.es\/de\/wp-json\/wp\/v2\/comments?post=2182"}],"version-history":[{"count":1,"href":"https:\/\/www.itsa.es\/de\/wp-json\/wp\/v2\/pages\/2182\/revisions"}],"predecessor-version":[{"id":2183,"href":"https:\/\/www.itsa.es\/de\/wp-json\/wp\/v2\/pages\/2182\/revisions\/2183"}],"up":[{"embeddable":true,"href":"https:\/\/www.itsa.es\/de\/wp-json\/wp\/v2\/pages\/2127"}],"wp:attachment":[{"href":"https:\/\/www.itsa.es\/de\/wp-json\/wp\/v2\/media?parent=2182"}],"curies":[{"name":"wp","href":"https:\/\/api.w.org\/{rel}","templated":true}]}}