{"id":2185,"date":"2016-11-29T08:04:04","date_gmt":"2016-11-29T08:04:04","guid":{"rendered":"http:\/\/www.itsa.es\/de\/?page_id=2185"},"modified":"2016-11-29T08:04:04","modified_gmt":"2016-11-29T08:04:04","slug":"lackierung","status":"publish","type":"page","link":"https:\/\/www.itsa.es\/de\/produktion\/lackierung\/","title":{"rendered":"Lackierung"},"content":{"rendered":"<h1>Lackierung<\/h1>\n<a href=\"http:\/\/www.itsa.es\/wp-content\/uploads\/2016\/08\/05_painting.jpg\"><img loading=\"lazy\" decoding=\"async\" class=\"alignnone wp-image-387 size-medium\" src=\"http:\/\/www.itsa.es\/wp-content\/uploads\/2016\/08\/05_painting-780x440.jpg\" width=\"780\" height=\"440\" srcset=\"https:\/\/www.itsa.es\/wp-content\/uploads\/2016\/08\/05_painting.jpg 780w, https:\/\/www.itsa.es\/wp-content\/uploads\/2016\/08\/05_painting-768x433.jpg 768w\" sizes=\"auto, (max-width: 780px) 100vw, 780px\" \/><\/a>\n<p><strong>Schleif- und Bearbeitungslinie<\/strong><br \/>\nZwei voll ausgestattete Kabinen bieten uns einer Fl\u00e4che von 60m2 f\u00fcr die Vorbereitung und Mechanisierung von Teilen.<\/p>\n<p><strong>Dynamische Lackieranlage <\/strong><br \/>\nAnwendung verschiedener Farben und Texturen (l\u00f6semittelbasiert und wasserbasierend).<br \/>\nOberfl\u00e4chenbehandlung von Kunststoffen, um die Haftung von Lackierungen (wie PP oder PE) zu gew\u00e4hrleisten.<\/p>\n<p><strong>Statische Lackierkabine<\/strong><br \/>\nKabine und Ofen gro\u00dfer Abmessungen, die erm\u00f6glicht, Teile bis zu 5 m lang und 2 m hoch zu lackieren.<\/p>\n","protected":false},"excerpt":{"rendered":"<p>Lackierung Schleif- und Bearbeitungslinie Zwei voll ausgestattete Kabinen bieten uns einer Fl\u00e4che von 60m2 f\u00fcr die Vorbereitung und Mechanisierung von Teilen. Dynamische Lackieranlage Anwendung verschiedener Farben und Texturen (l\u00f6semittelbasiert und wasserbasierend). Oberfl\u00e4chenbehandlung von Kunststoffen, um die Haftung von Lackierungen (wie PP oder PE) zu gew\u00e4hrleisten. Statische Lackierkabine Kabine und Ofen gro\u00dfer Abmessungen, die erm\u00f6glicht, Teile&#8230;  <a class=\"excerpt-read-more\" href=\"https:\/\/www.itsa.es\/de\/produktion\/lackierung\/\" title=\"Read Lackierung\">Weiter &raquo;<\/a><\/p>\n","protected":false},"author":1,"featured_media":0,"parent":2127,"menu_order":134,"comment_status":"closed","ping_status":"closed","template":"page-production.php","meta":{"_monsterinsights_skip_tracking":false,"_monsterinsights_sitenote_active":false,"_monsterinsights_sitenote_note":"","_monsterinsights_sitenote_category":0,"footnotes":""},"class_list":["post-2185","page","type-page","status-publish","hentry"],"_links":{"self":[{"href":"https:\/\/www.itsa.es\/de\/wp-json\/wp\/v2\/pages\/2185","targetHints":{"allow":["GET"]}}],"collection":[{"href":"https:\/\/www.itsa.es\/de\/wp-json\/wp\/v2\/pages"}],"about":[{"href":"https:\/\/www.itsa.es\/de\/wp-json\/wp\/v2\/types\/page"}],"author":[{"embeddable":true,"href":"https:\/\/www.itsa.es\/de\/wp-json\/wp\/v2\/users\/1"}],"replies":[{"embeddable":true,"href":"https:\/\/www.itsa.es\/de\/wp-json\/wp\/v2\/comments?post=2185"}],"version-history":[{"count":1,"href":"https:\/\/www.itsa.es\/de\/wp-json\/wp\/v2\/pages\/2185\/revisions"}],"predecessor-version":[{"id":2186,"href":"https:\/\/www.itsa.es\/de\/wp-json\/wp\/v2\/pages\/2185\/revisions\/2186"}],"up":[{"embeddable":true,"href":"https:\/\/www.itsa.es\/de\/wp-json\/wp\/v2\/pages\/2127"}],"wp:attachment":[{"href":"https:\/\/www.itsa.es\/de\/wp-json\/wp\/v2\/media?parent=2185"}],"curies":[{"name":"wp","href":"https:\/\/api.w.org\/{rel}","templated":true}]}}