{"id":2188,"date":"2016-11-29T08:04:55","date_gmt":"2016-11-29T08:04:55","guid":{"rendered":"http:\/\/www.itsa.es\/de\/?page_id=2188"},"modified":"2016-11-29T08:04:55","modified_gmt":"2016-11-29T08:04:55","slug":"mechanisierung","status":"publish","type":"page","link":"https:\/\/www.itsa.es\/de\/produktion\/mechanisierung\/","title":{"rendered":"Mechanisierung"},"content":{"rendered":"<h1>Bearbeitungsroboter<\/h1>\n<a href=\"http:\/\/www.itsa.es\/wp-content\/uploads\/2016\/08\/06_machining.jpg\"><img loading=\"lazy\" decoding=\"async\" class=\"alignnone wp-image-389 size-medium\" src=\"http:\/\/www.itsa.es\/wp-content\/uploads\/2016\/08\/06_machining-780x440.jpg\" width=\"780\" height=\"440\" srcset=\"https:\/\/www.itsa.es\/wp-content\/uploads\/2016\/08\/06_machining.jpg 780w, https:\/\/www.itsa.es\/wp-content\/uploads\/2016\/08\/06_machining-768x433.jpg 768w\" sizes=\"auto, (max-width: 780px) 100vw, 780px\" \/><\/a>\n<p>4 Bearbeitungsroboter stehen f\u00fcr maximale Flexibilit\u00e4t bei der Feinbearbeitung von Teilen zur Verf\u00fcgung.<\/p>\n","protected":false},"excerpt":{"rendered":"<p>Bearbeitungsroboter 4 Bearbeitungsroboter stehen f\u00fcr maximale Flexibilit\u00e4t bei der Feinbearbeitung von Teilen zur Verf\u00fcgung.<\/p>\n","protected":false},"author":1,"featured_media":0,"parent":2127,"menu_order":102,"comment_status":"closed","ping_status":"closed","template":"page-production.php","meta":{"_monsterinsights_skip_tracking":false,"_monsterinsights_sitenote_active":false,"_monsterinsights_sitenote_note":"","_monsterinsights_sitenote_category":0,"footnotes":""},"class_list":["post-2188","page","type-page","status-publish","hentry"],"_links":{"self":[{"href":"https:\/\/www.itsa.es\/de\/wp-json\/wp\/v2\/pages\/2188","targetHints":{"allow":["GET"]}}],"collection":[{"href":"https:\/\/www.itsa.es\/de\/wp-json\/wp\/v2\/pages"}],"about":[{"href":"https:\/\/www.itsa.es\/de\/wp-json\/wp\/v2\/types\/page"}],"author":[{"embeddable":true,"href":"https:\/\/www.itsa.es\/de\/wp-json\/wp\/v2\/users\/1"}],"replies":[{"embeddable":true,"href":"https:\/\/www.itsa.es\/de\/wp-json\/wp\/v2\/comments?post=2188"}],"version-history":[{"count":1,"href":"https:\/\/www.itsa.es\/de\/wp-json\/wp\/v2\/pages\/2188\/revisions"}],"predecessor-version":[{"id":2189,"href":"https:\/\/www.itsa.es\/de\/wp-json\/wp\/v2\/pages\/2188\/revisions\/2189"}],"up":[{"embeddable":true,"href":"https:\/\/www.itsa.es\/de\/wp-json\/wp\/v2\/pages\/2127"}],"wp:attachment":[{"href":"https:\/\/www.itsa.es\/de\/wp-json\/wp\/v2\/media?parent=2188"}],"curies":[{"name":"wp","href":"https:\/\/api.w.org\/{rel}","templated":true}]}}