{"id":2197,"date":"2016-11-29T08:09:13","date_gmt":"2016-11-29T08:09:13","guid":{"rendered":"http:\/\/www.itsa.es\/de\/?page_id=2197"},"modified":"2026-02-24T12:03:56","modified_gmt":"2026-02-24T12:03:56","slug":"qualitaet","status":"publish","type":"page","link":"https:\/\/www.itsa.es\/de\/qualitaet\/","title":{"rendered":"Qualit\u00e4t und ethischer Kanal"},"content":{"rendered":"\n<h1 class=\"wp-block-heading\">Umsetzung von Corporate Social Responsibility und ethischem Kanal<\/h1>\n\n\n\n<pre class=\"wp-block-preformatted\">Das interne Informationssystem ist ein Instrument zur St\u00e4rkung der Informations- oder Kommunikationskultur zur Pr\u00e4vention, Erkennung und Korrektur von Bedrohungen des \u00f6ffentlichen Interesses und der Nichteinhaltung von Vorschriften. Mit unseren Stakeholdern, sowohl intern als auch extern, indem wir sie alle ermutigen, Bedenken \u00fcber unethisches Verhalten und\/oder Verst\u00f6\u00dfe gegen Vorschriften (intern und\/oder extern) im Rahmen unserer beruflichen T\u00e4tigkeit zu \u00e4u\u00dfern, und den Schutz der Informanten vor m\u00f6glichen Vergeltungsma\u00dfnahmen gew\u00e4hrleisten.<br><br>Die Richtlinie des internen Informations- und Managementsystems des Ethical Channel zeigt das Engagement von Industrial de Transformados, S.A. mit ethischem Verhalten, basierend auf unserem Kodex f\u00fcr Ethik und verantwortungsvolle Praktiken, der in unserer Corporate Social Responsibility (CSR)-Richtlinie und den geltenden internen und\/oder externen Vorschriften definiert ist.<br><br><\/pre>\n\n\n\n<p><a href=\"https:\/\/www.itsa.es\/wp-content\/uploads\/2025\/01\/Ethical-Code-and-Responsible-Practices-for-Suppliers-OK.pdf\">ETHIKKODEX UND VERANTWORTUNGSBEWUSSTES HANDELN<\/a><\/p>\n\n\n\n<p><a href=\"https:\/\/www.itsa.es\/wp-content\/uploads\/2026\/02\/POLITICA-DEL-SISTEMA-INTERNO-DE-INFORMACION-Y-GESTION-DEL-CANAL-ETICO.pdf\">RICHTLINIE F\u00dcR DAS INTERNE INFORMATIONSSYSTEM UND DIE VERWALTUNG DES ETHIKKANALS<\/a><\/p>\n\n\n\n<p><\/p>\n","protected":false},"excerpt":{"rendered":"<p>Umsetzung von Corporate Social Responsibility und ethischem Kanal Das interne Informationssystem ist ein Instrument zur St\u00e4rkung der Informations- oder Kommunikationskultur zur Pr\u00e4vention, Erkennung und Korrektur von Bedrohungen des \u00f6ffentlichen Interesses und der Nichteinhaltung von Vorschriften. Mit unseren Stakeholdern, sowohl intern als auch extern, indem wir sie alle ermutigen, Bedenken \u00fcber unethisches Verhalten und\/oder Verst\u00f6\u00dfe gegen&#8230;  <a class=\"excerpt-read-more\" href=\"https:\/\/www.itsa.es\/de\/qualitaet\/\" title=\"Read Qualit\u00e4t und ethischer Kanal\">Weiter &raquo;<\/a><\/p>\n","protected":false},"author":1,"featured_media":0,"parent":0,"menu_order":152,"comment_status":"closed","ping_status":"closed","template":"page-quality.php","meta":{"_monsterinsights_skip_tracking":false,"_monsterinsights_sitenote_active":false,"_monsterinsights_sitenote_note":"","_monsterinsights_sitenote_category":0,"footnotes":""},"class_list":["post-2197","page","type-page","status-publish","hentry"],"_links":{"self":[{"href":"https:\/\/www.itsa.es\/de\/wp-json\/wp\/v2\/pages\/2197","targetHints":{"allow":["GET"]}}],"collection":[{"href":"https:\/\/www.itsa.es\/de\/wp-json\/wp\/v2\/pages"}],"about":[{"href":"https:\/\/www.itsa.es\/de\/wp-json\/wp\/v2\/types\/page"}],"author":[{"embeddable":true,"href":"https:\/\/www.itsa.es\/de\/wp-json\/wp\/v2\/users\/1"}],"replies":[{"embeddable":true,"href":"https:\/\/www.itsa.es\/de\/wp-json\/wp\/v2\/comments?post=2197"}],"version-history":[{"count":9,"href":"https:\/\/www.itsa.es\/de\/wp-json\/wp\/v2\/pages\/2197\/revisions"}],"predecessor-version":[{"id":5048,"href":"https:\/\/www.itsa.es\/de\/wp-json\/wp\/v2\/pages\/2197\/revisions\/5048"}],"wp:attachment":[{"href":"https:\/\/www.itsa.es\/de\/wp-json\/wp\/v2\/media?parent=2197"}],"curies":[{"name":"wp","href":"https:\/\/api.w.org\/{rel}","templated":true}]}}