{"id":2214,"date":"2016-11-29T08:14:52","date_gmt":"2016-11-29T08:14:52","guid":{"rendered":"http:\/\/www.itsa.es\/de\/?page_id=2214"},"modified":"2025-12-17T16:27:23","modified_gmt":"2025-12-17T16:27:23","slug":"zertifizierungen","status":"publish","type":"page","link":"https:\/\/www.itsa.es\/de\/qualitaet\/zertifizierungen\/","title":{"rendered":"Zertifizierungen"},"content":{"rendered":"\n<h1 class=\"wp-block-heading\">Zertifizierungen<\/h1>\n\n\n\n<figure class=\"wp-block-image\"><a href=\"http:\/\/www.itsa.es\/wp-content\/uploads\/2016\/08\/02_certifications.jpg\"><img loading=\"lazy\" decoding=\"async\" width=\"780\" height=\"440\" src=\"http:\/\/www.itsa.es\/wp-content\/uploads\/2016\/08\/02_certifications-780x440.jpg\" alt=\"\" class=\"wp-image-400\" srcset=\"https:\/\/www.itsa.es\/wp-content\/uploads\/2016\/08\/02_certifications.jpg 780w, https:\/\/www.itsa.es\/wp-content\/uploads\/2016\/08\/02_certifications-768x433.jpg 768w\" sizes=\"auto, (max-width: 780px) 100vw, 780px\" \/><\/a><\/figure>\n\n\n\n<p><\/p>\n\n\n\n<p>Neben dem Standard Qualit\u00e4tsmanagement DIN EN ISO 9001 zeigt ITSA sein Engagement f\u00fcr die Umwelt durch die Umweltmanagement-Zertifizierung DIN EN ISO 14001.<\/p>\n\n\n\n<p>Um die Erwartungen unserer Kunden zu \u00fcberscreiten, verf\u00fcgt ITSA auch \u00fcber die renommierte Zertifizierung IRIS, das modernste integrierte Projektmanagementsystem f\u00fcr die Bahnindustrie.<\/p>\n\n\n\n<p>&nbsp;<\/p>\n\n\n\n<h3 class=\"wp-block-heading\">Managementzertifizierungen<\/h3>\n\n\n\n<ul class=\"wp-block-list items\">\n<li><br><h4>IRIS \/ ISO TS 22163<\/h4><br><p><a class=\"btn download\" href=\"https:\/\/www.itsa.es\/wp-content\/uploads\/2025\/06\/30350618-IRIS-SME-2025-02-07.pdf\" target=\"_blank\">PDF<\/a><br><br>Projektmanagement-Standard f\u00fcr die Bahnindustrie dessen Ziel is es, Ressourcen zu optimieren, Aufwand und Kosten in der gesamten Lieferkette zu reduzieren. Weitere Informationen finden Sie im n\u00e4chsten<br><br><a href=\"http:\/\/www.iris-rail.org\/index.php?SID=e68f222afe798e2d855c275ce63f763f&amp;page=global&amp;content=global_company_detail&amp;COID=2538&amp;desc=mbc_company_detail\" target=\"_blank\">Link<\/a><\/p><\/li>\n\n\n\n<li><br><h4>ISO 9001<\/h4><br><p><a class=\"btn download\" href=\"https:\/\/www.itsa.es\/wp-content\/uploads\/2025\/06\/ISO-90012015-EN-DQS.pdf\" target=\"_blank\">PDF<\/a><br><br>Integration und Verbesserung des Prozessmanagements in allen Bereichen des Unternehmens, um die volle Zufriedenheit unserer Kunden in einem Umfeld von gegenseitigem Respekt und Glaubw\u00fcrdigkeit zu erreichen.<\/p><\/li>\n\n\n\n<li><br><h4>ISO 14001<\/h4><br><p><a href=\"https:\/\/www.itsa.es\/wp-content\/uploads\/2025\/12\/ISO-140012015.pdf\" target=\"_blank\" rel=\"noreferrer noopener\">PDF<\/a><br><br>ITSA engagiert sich auf die Vermeidung von Verschmutzungen, die aus unseren Aktivit\u00e4ten hervorgehen, unsere Energieressourcen konsequent zu bew\u00e4ltigen und die Flexibilit\u00e4t unserer Systeme zu erh\u00f6hen.<\/p><\/li>\n<\/ul>\n\n\n\n<h3 class=\"wp-block-heading\">Zertifikate von Sonderverfahren<\/h3>\n\n\n\n<ul class=\"wp-block-list items\">\n<li><br><h4>Kleben DIN 6701-2 A2<\/h4><br><p><a class=\"btn download\" href=\"https:\/\/www.itsa.es\/wp-content\/uploads\/2025\/06\/EN-17460-Bonding-certificate-TC-Kleben.pdf\" target=\"_blank\">PDF<\/a><br><br>ITSA hat die Aufgaben und Verantwortlichkeiten f\u00fcr die Verklebungsaktivit\u00e4ten identifiziert, um Produkte mit hohem Mehrwert anzubieten, die den geforderten Qualit\u00e4tsstandards entsprechen.<\/p><\/li>\n\n\n\n<li><br><h4>Schwei\u00dfen UNE &#8211; EN 15085-2* CL4<\/h4><br><p><a class=\"btn download\" href=\"https:\/\/www.itsa.es\/wp-content\/uploads\/2024\/09\/ITSA-15085-Certificate-Mar2023.pdf\" target=\"_blank\">PDF<\/a><br><br>ITSA hat die Aufgaben und Zust\u00e4ndigkeiten f\u00fcr die Koordinierung von Schwei\u00dfarbeiten identifiziert, um vollst\u00e4ndige Projekte in \u00dcbereinstimmung mit den geforderten Qualit\u00e4tsstandards zu verwalten. Unsere Lieferanten bieten Produkte, die die UNE 15085-2 CL2 erf\u00fcllen.<\/p><\/li>\n<\/ul>\n\n\n\n<h3 class=\"wp-block-heading\">Produktzertifizierungen<\/h3>\n\n\n\n<p>Einige unserer Produkte werden verschiedene Bewertungen und Pr\u00fcfungen unterzogen, um die Einhaltung der geltenden Vorschriften zu \u00fcberpr\u00fcfen.<\/p>\n\n\n\n<p>ITSA garantiert die Einhaltung der geltenden Normen und technischen Spezifikationen, der besonderen Regelungen und notwendigen Verfahren.<\/p>\n","protected":false},"excerpt":{"rendered":"<p>Zertifizierungen Neben dem Standard Qualit\u00e4tsmanagement DIN EN ISO 9001 zeigt ITSA sein Engagement f\u00fcr die Umwelt durch die Umweltmanagement-Zertifizierung DIN EN ISO 14001. Um die Erwartungen unserer Kunden zu \u00fcberscreiten, verf\u00fcgt ITSA auch \u00fcber die renommierte Zertifizierung IRIS, das modernste integrierte Projektmanagementsystem f\u00fcr die Bahnindustrie. &nbsp; Managementzertifizierungen Zertifikate von Sonderverfahren Produktzertifizierungen Einige unserer Produkte werden&#8230;  <a class=\"excerpt-read-more\" href=\"https:\/\/www.itsa.es\/de\/qualitaet\/zertifizierungen\/\" title=\"Read Zertifizierungen\">Weiter &raquo;<\/a><\/p>\n","protected":false},"author":1,"featured_media":0,"parent":2197,"menu_order":43,"comment_status":"closed","ping_status":"closed","template":"page-quality.php","meta":{"_monsterinsights_skip_tracking":false,"_monsterinsights_sitenote_active":false,"_monsterinsights_sitenote_note":"","_monsterinsights_sitenote_category":0,"footnotes":""},"class_list":["post-2214","page","type-page","status-publish","hentry"],"_links":{"self":[{"href":"https:\/\/www.itsa.es\/de\/wp-json\/wp\/v2\/pages\/2214","targetHints":{"allow":["GET"]}}],"collection":[{"href":"https:\/\/www.itsa.es\/de\/wp-json\/wp\/v2\/pages"}],"about":[{"href":"https:\/\/www.itsa.es\/de\/wp-json\/wp\/v2\/types\/page"}],"author":[{"embeddable":true,"href":"https:\/\/www.itsa.es\/de\/wp-json\/wp\/v2\/users\/1"}],"replies":[{"embeddable":true,"href":"https:\/\/www.itsa.es\/de\/wp-json\/wp\/v2\/comments?post=2214"}],"version-history":[{"count":11,"href":"https:\/\/www.itsa.es\/de\/wp-json\/wp\/v2\/pages\/2214\/revisions"}],"predecessor-version":[{"id":5028,"href":"https:\/\/www.itsa.es\/de\/wp-json\/wp\/v2\/pages\/2214\/revisions\/5028"}],"up":[{"embeddable":true,"href":"https:\/\/www.itsa.es\/de\/wp-json\/wp\/v2\/pages\/2197"}],"wp:attachment":[{"href":"https:\/\/www.itsa.es\/de\/wp-json\/wp\/v2\/media?parent=2214"}],"curies":[{"name":"wp","href":"https:\/\/api.w.org\/{rel}","templated":true}]}}