{"id":1098,"date":"2016-09-26T16:00:07","date_gmt":"2016-09-26T16:00:07","guid":{"rendered":"http:\/\/www.itsa.es\/es\/?page_id=1098"},"modified":"2016-09-26T16:00:07","modified_gmt":"2016-09-26T16:00:07","slug":"pintura","status":"publish","type":"page","link":"https:\/\/www.itsa.es\/es\/produccion\/pintura\/","title":{"rendered":"Pintura"},"content":{"rendered":"<h1>Pintura<\/h1>\n<a href=\"http:\/\/www.itsa.es\/wp-content\/uploads\/2016\/08\/05_painting.jpg\"><img loading=\"lazy\" decoding=\"async\" class=\"alignnone wp-image-387 size-medium\" src=\"http:\/\/www.itsa.es\/wp-content\/uploads\/2016\/08\/05_painting-780x440.jpg\" width=\"780\" height=\"440\" srcset=\"https:\/\/www.itsa.es\/wp-content\/uploads\/2016\/08\/05_painting.jpg 780w, https:\/\/www.itsa.es\/wp-content\/uploads\/2016\/08\/05_painting-768x433.jpg 768w\" sizes=\"auto, (max-width: 780px) 100vw, 780px\" \/><\/a>\n<p><strong>Cabina de lijado y mecanizado<\/strong><br \/>\nDos cabinas totalmente equipadas, nos proporcionan una superficie de 60m2 para la preparaci\u00f3n y mecanizado de piezas.<\/p>\n<p><strong>Cabina din\u00e1mica de pintura<\/strong><br \/>\nAplicaci\u00f3n de diferentes tipos de pinturas (base agua y base disolvente) y de texturas.<br \/>\nTratamiento superficial de pl\u00e1sticos para garantizar la adherencia de las pinturas (como por ejemplo PP o PE).<\/p>\n<p><strong>Cabina est\u00e1tica de pintura<\/strong><br \/>\nCabina y horno de grandes dimensiones, que nos permite pintar piezas de hasta 5m de largo y de 2m de alto.<\/p>\n","protected":false},"excerpt":{"rendered":"<p>Pintura Cabina de lijado y mecanizado Dos cabinas totalmente equipadas, nos proporcionan una superficie de 60m2 para la preparaci\u00f3n y mecanizado de piezas. Cabina din\u00e1mica de pintura Aplicaci\u00f3n de diferentes tipos de pinturas (base agua y base disolvente) y de texturas. Tratamiento superficial de pl\u00e1sticos para garantizar la adherencia de las pinturas (como por ejemplo&#8230;  <a class=\"excerpt-read-more\" href=\"https:\/\/www.itsa.es\/es\/produccion\/pintura\/\" title=\"Read Pintura\">Leer m\u00e1s &raquo;<\/a><\/p>\n","protected":false},"author":1,"featured_media":0,"parent":500,"menu_order":132,"comment_status":"closed","ping_status":"closed","template":"page-production.php","meta":{"_monsterinsights_skip_tracking":false,"_monsterinsights_sitenote_active":false,"_monsterinsights_sitenote_note":"","_monsterinsights_sitenote_category":0,"footnotes":""},"class_list":["post-1098","page","type-page","status-publish","hentry"],"_links":{"self":[{"href":"https:\/\/www.itsa.es\/es\/wp-json\/wp\/v2\/pages\/1098","targetHints":{"allow":["GET"]}}],"collection":[{"href":"https:\/\/www.itsa.es\/es\/wp-json\/wp\/v2\/pages"}],"about":[{"href":"https:\/\/www.itsa.es\/es\/wp-json\/wp\/v2\/types\/page"}],"author":[{"embeddable":true,"href":"https:\/\/www.itsa.es\/es\/wp-json\/wp\/v2\/users\/1"}],"replies":[{"embeddable":true,"href":"https:\/\/www.itsa.es\/es\/wp-json\/wp\/v2\/comments?post=1098"}],"version-history":[{"count":1,"href":"https:\/\/www.itsa.es\/es\/wp-json\/wp\/v2\/pages\/1098\/revisions"}],"predecessor-version":[{"id":1101,"href":"https:\/\/www.itsa.es\/es\/wp-json\/wp\/v2\/pages\/1098\/revisions\/1101"}],"up":[{"embeddable":true,"href":"https:\/\/www.itsa.es\/es\/wp-json\/wp\/v2\/pages\/500"}],"wp:attachment":[{"href":"https:\/\/www.itsa.es\/es\/wp-json\/wp\/v2\/media?parent=1098"}],"curies":[{"name":"wp","href":"https:\/\/api.w.org\/{rel}","templated":true}]}}