{"id":1110,"date":"2016-09-26T16:14:32","date_gmt":"2016-09-26T16:14:32","guid":{"rendered":"http:\/\/www.itsa.es\/es\/?page_id=1110"},"modified":"2016-09-26T16:14:32","modified_gmt":"2016-09-26T16:14:32","slug":"encolado-y-montaje","status":"publish","type":"page","link":"https:\/\/www.itsa.es\/es\/produccion\/encolado-y-montaje\/","title":{"rendered":"Encolado y montaje"},"content":{"rendered":"<h1>\u00c1rea de acabados<\/h1>\n<a href=\"http:\/\/www.itsa.es\/wp-content\/uploads\/2016\/08\/07_bonding_assembly.jpg\"><img loading=\"lazy\" decoding=\"async\" class=\"alignnone wp-image-391 size-medium\" src=\"http:\/\/www.itsa.es\/wp-content\/uploads\/2016\/08\/07_bonding_assembly-780x440.jpg\" width=\"780\" height=\"440\" srcset=\"https:\/\/www.itsa.es\/wp-content\/uploads\/2016\/08\/07_bonding_assembly.jpg 780w, https:\/\/www.itsa.es\/wp-content\/uploads\/2016\/08\/07_bonding_assembly-768x433.jpg 768w\" sizes=\"auto, (max-width: 780px) 100vw, 780px\" \/><\/a>\n<p>ITSA ha sido otorgada con las certificaciones de encolado DIN 6701-2 A2 y de soldadura UNE &#8211; EN 15085-2* CL4, para ofrecer piezas y conjuntos totalmente equipados y terminados.<\/p>\n<p>Los capacitados trabajadores de ITSA tienen una amplia experiencia en conjuntos de componentes el\u00e9ctricos y mec\u00e1nicos, est\u00e1ticos y din\u00e1micos.<\/p>\n<p>El equipo de compras de ITSA desarrolla y controla un panel de sub-proveedores expertos en todas sus tecnolog\u00edas.<\/p>\n","protected":false},"excerpt":{"rendered":"<p>\u00c1rea de acabados ITSA ha sido otorgada con las certificaciones de encolado DIN 6701-2 A2 y de soldadura UNE &#8211; EN 15085-2* CL4, para ofrecer piezas y conjuntos totalmente equipados y terminados. Los capacitados trabajadores de ITSA tienen una amplia experiencia en conjuntos de componentes el\u00e9ctricos y mec\u00e1nicos, est\u00e1ticos y din\u00e1micos. El equipo de compras&#8230;  <a class=\"excerpt-read-more\" href=\"https:\/\/www.itsa.es\/es\/produccion\/encolado-y-montaje\/\" title=\"Read Encolado y montaje\">Leer m\u00e1s &raquo;<\/a><\/p>\n","protected":false},"author":1,"featured_media":0,"parent":500,"menu_order":36,"comment_status":"closed","ping_status":"closed","template":"page-production.php","meta":{"_monsterinsights_skip_tracking":false,"_monsterinsights_sitenote_active":false,"_monsterinsights_sitenote_note":"","_monsterinsights_sitenote_category":0,"footnotes":""},"class_list":["post-1110","page","type-page","status-publish","hentry"],"_links":{"self":[{"href":"https:\/\/www.itsa.es\/es\/wp-json\/wp\/v2\/pages\/1110","targetHints":{"allow":["GET"]}}],"collection":[{"href":"https:\/\/www.itsa.es\/es\/wp-json\/wp\/v2\/pages"}],"about":[{"href":"https:\/\/www.itsa.es\/es\/wp-json\/wp\/v2\/types\/page"}],"author":[{"embeddable":true,"href":"https:\/\/www.itsa.es\/es\/wp-json\/wp\/v2\/users\/1"}],"replies":[{"embeddable":true,"href":"https:\/\/www.itsa.es\/es\/wp-json\/wp\/v2\/comments?post=1110"}],"version-history":[{"count":1,"href":"https:\/\/www.itsa.es\/es\/wp-json\/wp\/v2\/pages\/1110\/revisions"}],"predecessor-version":[{"id":1113,"href":"https:\/\/www.itsa.es\/es\/wp-json\/wp\/v2\/pages\/1110\/revisions\/1113"}],"up":[{"embeddable":true,"href":"https:\/\/www.itsa.es\/es\/wp-json\/wp\/v2\/pages\/500"}],"wp:attachment":[{"href":"https:\/\/www.itsa.es\/es\/wp-json\/wp\/v2\/media?parent=1110"}],"curies":[{"name":"wp","href":"https:\/\/api.w.org\/{rel}","templated":true}]}}