{"id":1116,"date":"2016-09-26T16:17:25","date_gmt":"2016-09-26T16:17:25","guid":{"rendered":"http:\/\/www.itsa.es\/es\/?page_id=1116"},"modified":"2016-09-26T16:17:25","modified_gmt":"2016-09-26T16:17:25","slug":"embalaje-y-entregas","status":"publish","type":"page","link":"https:\/\/www.itsa.es\/es\/produccion\/embalaje-y-entregas\/","title":{"rendered":"Embalaje y entregas"},"content":{"rendered":"<h1>Embalaje y entregas<\/h1>\n<a href=\"http:\/\/www.itsa.es\/wp-content\/uploads\/2016\/08\/08_packaging_deliveries.jpg\"><img loading=\"lazy\" decoding=\"async\" class=\"alignnone wp-image-393 size-medium\" src=\"http:\/\/www.itsa.es\/wp-content\/uploads\/2016\/08\/08_packaging_deliveries-780x440.jpg\" width=\"780\" height=\"440\" srcset=\"https:\/\/www.itsa.es\/wp-content\/uploads\/2016\/08\/08_packaging_deliveries.jpg 780w, https:\/\/www.itsa.es\/wp-content\/uploads\/2016\/08\/08_packaging_deliveries-768x433.jpg 768w\" sizes=\"auto, (max-width: 780px) 100vw, 780px\" \/><\/a>\n<p>En ITSA tenemos una amplia experiencia en el dise\u00f1o de embalajes adaptados a las necesidades y especificaciones de nuestros clientes: Retornable o no, nuestro embalaje est\u00e1 dise\u00f1ado para facilitar la manipulaci\u00f3n del producto y reducir costes, adem\u00e1s de minimizar el impacto medioambiental.<\/p>\n<p>Gracias a nuestras actividades de importaci\u00f3n y exportaci\u00f3n hemos desarrollado fuertes conexiones de transporte tanto a nivel nacional como internacional, lo que nos permite responder a las necesidades de nuestros clientes en cuanto a entregas de producto. Nuestro equipo de ventas y atenci\u00f3n al cliente cuenta con amplia experiencia en la realizaci\u00f3n de gestiones administrativas y aduaneras. <\/p>\n<p>Desde env\u00edos regulares a entregas Express 24h, desde una pieza hasta contenedores completos, proponemos a nuestros clientes una log\u00edstica just-in-time con el objetivo de reducir sus costes de almacenaje.<\/p>\n","protected":false},"excerpt":{"rendered":"<p>Embalaje y entregas En ITSA tenemos una amplia experiencia en el dise\u00f1o de embalajes adaptados a las necesidades y especificaciones de nuestros clientes: Retornable o no, nuestro embalaje est\u00e1 dise\u00f1ado para facilitar la manipulaci\u00f3n del producto y reducir costes, adem\u00e1s de minimizar el impacto medioambiental. Gracias a nuestras actividades de importaci\u00f3n y exportaci\u00f3n hemos desarrollado&#8230;  <a class=\"excerpt-read-more\" href=\"https:\/\/www.itsa.es\/es\/produccion\/embalaje-y-entregas\/\" title=\"Read Embalaje y entregas\">Leer m\u00e1s &raquo;<\/a><\/p>\n","protected":false},"author":1,"featured_media":0,"parent":500,"menu_order":126,"comment_status":"closed","ping_status":"closed","template":"page-production.php","meta":{"_monsterinsights_skip_tracking":false,"_monsterinsights_sitenote_active":false,"_monsterinsights_sitenote_note":"","_monsterinsights_sitenote_category":0,"footnotes":""},"class_list":["post-1116","page","type-page","status-publish","hentry"],"_links":{"self":[{"href":"https:\/\/www.itsa.es\/es\/wp-json\/wp\/v2\/pages\/1116","targetHints":{"allow":["GET"]}}],"collection":[{"href":"https:\/\/www.itsa.es\/es\/wp-json\/wp\/v2\/pages"}],"about":[{"href":"https:\/\/www.itsa.es\/es\/wp-json\/wp\/v2\/types\/page"}],"author":[{"embeddable":true,"href":"https:\/\/www.itsa.es\/es\/wp-json\/wp\/v2\/users\/1"}],"replies":[{"embeddable":true,"href":"https:\/\/www.itsa.es\/es\/wp-json\/wp\/v2\/comments?post=1116"}],"version-history":[{"count":1,"href":"https:\/\/www.itsa.es\/es\/wp-json\/wp\/v2\/pages\/1116\/revisions"}],"predecessor-version":[{"id":1119,"href":"https:\/\/www.itsa.es\/es\/wp-json\/wp\/v2\/pages\/1116\/revisions\/1119"}],"up":[{"embeddable":true,"href":"https:\/\/www.itsa.es\/es\/wp-json\/wp\/v2\/pages\/500"}],"wp:attachment":[{"href":"https:\/\/www.itsa.es\/es\/wp-json\/wp\/v2\/media?parent=1116"}],"curies":[{"name":"wp","href":"https:\/\/api.w.org\/{rel}","templated":true}]}}