{"id":1127,"date":"2016-09-26T16:22:20","date_gmt":"2016-09-26T16:22:20","guid":{"rendered":"http:\/\/www.itsa.es\/es\/?page_id=1127"},"modified":"2025-01-17T15:35:51","modified_gmt":"2025-01-17T15:35:51","slug":"calidad-y-medio-ambiente","status":"publish","type":"page","link":"https:\/\/www.itsa.es\/es\/calidad\/calidad-y-medio-ambiente\/","title":{"rendered":"Calidad y Medio Ambiente"},"content":{"rendered":"\n<h1 class=\"wp-block-heading\">Calidad basada en la profesionalidad de nuestro equipo y un excelente sistema de gesti\u00f3n. Seguros, sostenibles y respetuosos con el medioambiente<\/h1>\n\n\n\n<figure class=\"wp-block-image\"><a href=\"http:\/\/www.itsa.es\/wp-content\/uploads\/2016\/08\/01_quality_environment.jpg\"><img loading=\"lazy\" decoding=\"async\" width=\"780\" height=\"440\" src=\"http:\/\/www.itsa.es\/wp-content\/uploads\/2016\/08\/01_quality_environment-780x440.jpg\" alt=\"\" class=\"wp-image-398\" srcset=\"https:\/\/www.itsa.es\/wp-content\/uploads\/2016\/08\/01_quality_environment.jpg 780w, https:\/\/www.itsa.es\/wp-content\/uploads\/2016\/08\/01_quality_environment-768x433.jpg 768w\" sizes=\"auto, (max-width: 780px) 100vw, 780px\" \/><\/a><\/figure>\n\n\n\n<p>La calidad es la piedra angular de nuestra relaci\u00f3n con todos nuestros clientes, proveedores y socios, y est\u00e1 involucrada en todos los procesos de trabajo de ITSA: desde el dise\u00f1o hasta la fabricaci\u00f3n y entrega del producto terminado.<\/p>\n\n\n\n<p>Conscientes de la importancia de cuidar nuestro planeta y nuestra calidad de vida, ITSA se compromete a desarrollar su negocio con el m\u00e1ximo respeto y protecci\u00f3n del medio ambiente, as\u00ed como a reducir al m\u00ednimo el impacto generado por sus instalaciones y productos, en conformidad con la legislaci\u00f3n vigente.<\/p>\n\n\n\n<p>En ITSA tenemos como objetivo establecer una relaci\u00f3n de estrecha colaboraci\u00f3n con nuestros clientes, que d\u00e9 respuesta a sus necesidades y nos permita crecer juntos. Criterios de sostenibilidad econ\u00f3mica, social y ecol\u00f3gica son la base de nuestras relaciones.<\/p>\n\n\n\n<p>Optimizamos los recursos y procesos en cada fase del desarrollo del producto para satisfacer las necesidades de nuestros clientes, ofreci\u00e9ndoles flexibilidad y garant\u00edas de calidad a la par que actuamos de forma respetuosa con el medioambiente.<\/p>\n\n\n\n<p><a href=\"https:\/\/www.itsa.es\/wp-content\/uploads\/2025\/01\/DC-002-rev-09-Politica-de-la-Calidad-signada-OK-1.pdf\">POLITICA DE CALIDAD, MEDIO AMBIENTE, SEGURIDAD, RSC Y SALUD LABORAL<\/a><\/p>\n","protected":false},"excerpt":{"rendered":"<p>Calidad basada en la profesionalidad de nuestro equipo y un excelente sistema de gesti\u00f3n. Seguros, sostenibles y respetuosos con el medioambiente La calidad es la piedra angular de nuestra relaci\u00f3n con todos nuestros clientes, proveedores y socios, y est\u00e1 involucrada en todos los procesos de trabajo de ITSA: desde el dise\u00f1o hasta la fabricaci\u00f3n y&#8230;  <a class=\"excerpt-read-more\" href=\"https:\/\/www.itsa.es\/es\/calidad\/calidad-y-medio-ambiente\/\" title=\"Read Calidad y Medio Ambiente\">Leer m\u00e1s &raquo;<\/a><\/p>\n","protected":false},"author":1,"featured_media":0,"parent":506,"menu_order":154,"comment_status":"closed","ping_status":"closed","template":"page-quality.php","meta":{"_monsterinsights_skip_tracking":false,"_monsterinsights_sitenote_active":false,"_monsterinsights_sitenote_note":"","_monsterinsights_sitenote_category":0,"footnotes":""},"class_list":["post-1127","page","type-page","status-publish","hentry"],"_links":{"self":[{"href":"https:\/\/www.itsa.es\/es\/wp-json\/wp\/v2\/pages\/1127","targetHints":{"allow":["GET"]}}],"collection":[{"href":"https:\/\/www.itsa.es\/es\/wp-json\/wp\/v2\/pages"}],"about":[{"href":"https:\/\/www.itsa.es\/es\/wp-json\/wp\/v2\/types\/page"}],"author":[{"embeddable":true,"href":"https:\/\/www.itsa.es\/es\/wp-json\/wp\/v2\/users\/1"}],"replies":[{"embeddable":true,"href":"https:\/\/www.itsa.es\/es\/wp-json\/wp\/v2\/comments?post=1127"}],"version-history":[{"count":15,"href":"https:\/\/www.itsa.es\/es\/wp-json\/wp\/v2\/pages\/1127\/revisions"}],"predecessor-version":[{"id":4702,"href":"https:\/\/www.itsa.es\/es\/wp-json\/wp\/v2\/pages\/1127\/revisions\/4702"}],"up":[{"embeddable":true,"href":"https:\/\/www.itsa.es\/es\/wp-json\/wp\/v2\/pages\/506"}],"wp:attachment":[{"href":"https:\/\/www.itsa.es\/es\/wp-json\/wp\/v2\/media?parent=1127"}],"curies":[{"name":"wp","href":"https:\/\/api.w.org\/{rel}","templated":true}]}}