{"id":1145,"date":"2016-09-26T16:35:19","date_gmt":"2016-09-26T16:35:19","guid":{"rendered":"http:\/\/www.itsa.es\/es\/?page_id=1145"},"modified":"2023-01-24T10:53:46","modified_gmt":"2023-01-24T10:53:46","slug":"aviso-legal","status":"publish","type":"page","link":"https:\/\/www.itsa.es\/es\/aviso-legal\/","title":{"rendered":"Aviso Legal"},"content":{"rendered":"<h2>Pol\u00edtica de privacidad<\/h2>\n<p>En cumplimiento del Reglamento (UE) 2016\/679 del Parlamento Europeo y del Consejo de 27 de abril de 2016, relativo a la protecci\u00f3n de las personas f\u00edsicas en lo que respecta al tratamiento de datos personales y a la libre circulaci\u00f3n de estos datos y en la legislaci\u00f3n nacional de desarrollo del mismo, el USUARIO, por el hecho de remitir sus datos de car\u00e1cter personal a trav\u00e9s de correo electr\u00f3nico o rellenando cualquier formulario de este PORTAL, consiente a INDUSTRIAL DE TRANSFORMADOS, S.A. su tratamiento conforme a la presente pol\u00edtica de protecci\u00f3n de datos.<\/p>\n<p>Los datos pasar\u00e1n a formar parte de los ficheros de INDUSTRIAL DE TRANSFORMADOS, S.A. para atender las peticiones que realice el USUARIO y, en su caso, el env\u00edo de comunicaciones informativas sobre sus diversas actividades (Comunicaciones comerciales, novedades, actualizaciones sobre precios y productos, eventos, informaci\u00f3n sectorial).<\/p>\n<p>El USUARIO podr\u00e1 ejercer sus derechos de acceso, rectificaci\u00f3n, oposici\u00f3n o cancelaci\u00f3n por medio de escrito a:<\/p>\n<p><strong>Industrial de Transformados S.A. (en lo sucesivo ITSA)<\/strong><br \/>\nNombre y direcci\u00f3n del dominio Internet: <a href=\"http:\/\/www.itsa.es\">www.itsa.es<\/a><br \/>\nDirecci\u00f3n: Pol\u00edgon Industrial Les Planes Baixes. Carrer de la Vinya s\/n. 43717 La Bisbal del Pened\u00e8s. Tarragona (Espa\u00f1a)<br \/>\nTel: (00 34) 977 671 950. E-mail: <a href=\"mailto:itsa@itsa.es\">itsa@itsa.es<\/a><\/p>\n<h2>Informaci\u00f3n general<\/h2>\n<p>Esta p\u00e1gina puede contener notificaciones de otros propietarios e informaci\u00f3n de copyright cuyas cl\u00e1usulas deben ser cumplidas y tomadas en cuenta.<\/p>\n<p><strong>La informaci\u00f3n que aparece en esta p\u00e1gina web ofrece ninguna garant\u00eda, expresa o impl\u00edcita.<\/strong> La informaci\u00f3n de esta p\u00e1gina web puede contener imprecisiones t\u00e9cnicas o errores tipogr\u00e1ficos. La informaci\u00f3n puede modificarse o actualizarse sin previo aviso. ITSA tambi\u00e9n puede mejorar, cambiar y \/ o eliminar los productos y \/ o programas descritos en esta informaci\u00f3n en cualquier momento y sin previo aviso.<\/p>\n<p>ITSA no desea recibir ninguna informaci\u00f3n confidencial ni privilegiada a trav\u00e9s de nuestra p\u00e1gina web. Por favor, tenga en cuenta que cualquier informaci\u00f3n o material enviado a ITSA se considerar\u00e1 no confidencial, pero estar\u00e1 sujeto a la pol\u00edtica de privacidad antes mencionada.<\/p>\n<p>ITSA no representa ninguna otra p\u00e1gina web que se puede acceder a trav\u00e9s de esta p\u00e1gina web. Al visitar una p\u00e1gina web que no pertenezca a ITSA, por favor, tenga en cuenta que es independiente de ITSA y que ITSA no tiene control sobre su contenido. Todo enlace, por otra parte, a una p\u00e1gina web que no pertenezca a ITSA no implica que ITSA justifique o acepte cualquier responsabilidad por el contenido o uso de dicha p\u00e1gina web.<\/p>\n<p>Es responsabilidad del usuario tomar las precauciones con el fin de asegurarse de que cualquier cosa que \u00e9l o ella pueda seleccionar para su uso est\u00e1 libre de elementos tales como virus, gusanos, caballos de Troya u otros elementos de naturaleza destructiva. <strong>En ning\u00fan caso aceptar\u00e1 ITSA responsabilidad alguna ni ser\u00e1 parte de ning\u00fan da\u00f1o directo, indirecto o especial o consecuencias que resulten de cualquier uso de esta p\u00e1gina web o de cualquier otro sitio web vinculado, incluyendo, pero no limitado a cualquier p\u00e9rdida de beneficios, interrupci\u00f3n de negocios, p\u00e9rdida de programas u otros datos del sistema de manipulaci\u00f3n de ninguna manera la informaci\u00f3n del usuario, incluso en el caso de que el usuario proporcione la advertencia expresa de la posibilidad de tales da\u00f1os.<\/strong><\/p>\n<p>Las declaraciones informativas del a\u00f1o 2000 con respecto a las capacidades de cualquier producto o servicio no relacionados con ITSA son reimpresiones del Acto de Divulgaci\u00f3n de Informaci\u00f3n y Disponibilidad (Acta de Emisi\u00f3n y eliminaci\u00f3n de la informaci\u00f3n) del a\u00f1o 2000 (en adelante &#8220;reimpresiones&#8221;) y se basan en informaci\u00f3n proporcionada por terceros. APD no ha verificado de manera independiente el contenido de las reimpresiones y no acepta ninguna responsabilidad por la veracidad o integridad de la informaci\u00f3n contenida en las reimpresiones.<\/p>\n<p>ITSA no acepta ninguna responsabilidad por las consecuencias o da\u00f1os que puedan derivarse del acceso a su p\u00e1gina Web, desde el uso que se haga de la informaci\u00f3n contenida acto seguido, o del acceso a otras materias en Internet que se haga a trav\u00e9s de sus enlaces.<\/p>\n<h2>Propiedad intelectual de la p\u00e1gina web<\/h2>\n<p>Copyright \u00a9 2010 Industrial de Transformados, S.A.<\/p>\n<p>Todos los derechos de uso est\u00e1n reservados. Los derechos de propiedad intelectual relacionados con el sitio web, dise\u00f1o gr\u00e1fico y c\u00f3digos son titularidad de ITSA. El ejercicio exclusivo de los derechos de uso de los mismos en cualquier forma y, en especial, los derechos de reproducci\u00f3n, distribuci\u00f3n, comunicaci\u00f3n p\u00fablica y transformaci\u00f3n se refieren a dicha asociaci\u00f3n.<\/p>\n","protected":false},"excerpt":{"rendered":"<p>Pol\u00edtica de privacidad En cumplimiento del Reglamento (UE) 2016\/679 del Parlamento Europeo y del Consejo de 27 de abril de 2016, relativo a la protecci\u00f3n de las personas f\u00edsicas en lo que respecta al tratamiento de datos personales y a la libre circulaci\u00f3n de estos datos y en la legislaci\u00f3n nacional de desarrollo del mismo,&#8230;  <a class=\"excerpt-read-more\" href=\"https:\/\/www.itsa.es\/es\/aviso-legal\/\" title=\"Read Aviso Legal\">Leer m\u00e1s &raquo;<\/a><\/p>\n","protected":false},"author":1,"featured_media":0,"parent":0,"menu_order":21,"comment_status":"closed","ping_status":"closed","template":"","meta":{"_monsterinsights_skip_tracking":false,"_monsterinsights_sitenote_active":false,"_monsterinsights_sitenote_note":"","_monsterinsights_sitenote_category":0,"footnotes":""},"class_list":["post-1145","page","type-page","status-publish","hentry"],"_links":{"self":[{"href":"https:\/\/www.itsa.es\/es\/wp-json\/wp\/v2\/pages\/1145","targetHints":{"allow":["GET"]}}],"collection":[{"href":"https:\/\/www.itsa.es\/es\/wp-json\/wp\/v2\/pages"}],"about":[{"href":"https:\/\/www.itsa.es\/es\/wp-json\/wp\/v2\/types\/page"}],"author":[{"embeddable":true,"href":"https:\/\/www.itsa.es\/es\/wp-json\/wp\/v2\/users\/1"}],"replies":[{"embeddable":true,"href":"https:\/\/www.itsa.es\/es\/wp-json\/wp\/v2\/comments?post=1145"}],"version-history":[{"count":7,"href":"https:\/\/www.itsa.es\/es\/wp-json\/wp\/v2\/pages\/1145\/revisions"}],"predecessor-version":[{"id":4355,"href":"https:\/\/www.itsa.es\/es\/wp-json\/wp\/v2\/pages\/1145\/revisions\/4355"}],"wp:attachment":[{"href":"https:\/\/www.itsa.es\/es\/wp-json\/wp\/v2\/media?parent=1145"}],"curies":[{"name":"wp","href":"https:\/\/api.w.org\/{rel}","templated":true}]}}