{"id":483,"date":"2016-09-23T11:47:14","date_gmt":"2016-09-23T11:47:14","guid":{"rendered":"http:\/\/www.itsa.es\/es\/?page_id=483"},"modified":"2016-09-26T09:06:37","modified_gmt":"2016-09-26T09:06:37","slug":"empresa","status":"publish","type":"page","link":"https:\/\/www.itsa.es\/es\/empresa\/","title":{"rendered":"Empresa"},"content":{"rendered":"<h1>Especialista en la creaci\u00f3n de productos t\u00e9cnicos de pl\u00e1stico y composite<\/h1>\n<pre>En ITSA gestionamos proyectos globales: desde el dise\u00f1o de soluciones innovadoras adaptadas a las necesidades de nuestros clientes, hasta la fabricaci\u00f3n y entrega de productos de alto valor a\u00f1adido. Incorporamos nuevos procesos de industrializaci\u00f3n a la vanguardia de los sectores m\u00e1s exigentes.<\/pre>\n","protected":false},"excerpt":{"rendered":"<p>Especialista en la creaci\u00f3n de productos t\u00e9cnicos de pl\u00e1stico y composite En ITSA gestionamos proyectos globales: desde el dise\u00f1o de soluciones innovadoras adaptadas a las necesidades de nuestros clientes, hasta la fabricaci\u00f3n y entrega de productos de alto valor a\u00f1adido. Incorporamos nuevos procesos de industrializaci\u00f3n a la vanguardia de los sectores m\u00e1s exigentes.<\/p>\n","protected":false},"author":1,"featured_media":0,"parent":0,"menu_order":49,"comment_status":"closed","ping_status":"closed","template":"page-company.php","meta":{"_monsterinsights_skip_tracking":false,"_monsterinsights_sitenote_active":false,"_monsterinsights_sitenote_note":"","_monsterinsights_sitenote_category":0,"footnotes":""},"class_list":["post-483","page","type-page","status-publish","hentry"],"_links":{"self":[{"href":"https:\/\/www.itsa.es\/es\/wp-json\/wp\/v2\/pages\/483","targetHints":{"allow":["GET"]}}],"collection":[{"href":"https:\/\/www.itsa.es\/es\/wp-json\/wp\/v2\/pages"}],"about":[{"href":"https:\/\/www.itsa.es\/es\/wp-json\/wp\/v2\/types\/page"}],"author":[{"embeddable":true,"href":"https:\/\/www.itsa.es\/es\/wp-json\/wp\/v2\/users\/1"}],"replies":[{"embeddable":true,"href":"https:\/\/www.itsa.es\/es\/wp-json\/wp\/v2\/comments?post=483"}],"version-history":[{"count":3,"href":"https:\/\/www.itsa.es\/es\/wp-json\/wp\/v2\/pages\/483\/revisions"}],"predecessor-version":[{"id":552,"href":"https:\/\/www.itsa.es\/es\/wp-json\/wp\/v2\/pages\/483\/revisions\/552"}],"wp:attachment":[{"href":"https:\/\/www.itsa.es\/es\/wp-json\/wp\/v2\/media?parent=483"}],"curies":[{"name":"wp","href":"https:\/\/api.w.org\/{rel}","templated":true}]}}