{"id":494,"date":"2016-09-23T11:48:56","date_gmt":"2016-09-23T11:48:56","guid":{"rendered":"http:\/\/www.itsa.es\/es\/?page_id=494"},"modified":"2016-09-26T15:36:02","modified_gmt":"2016-09-26T15:36:02","slug":"diseno-ingenieria","status":"publish","type":"page","link":"https:\/\/www.itsa.es\/es\/diseno-ingenieria\/","title":{"rendered":"Dise\u00f1o &#038; Ingenier\u00eda"},"content":{"rendered":"<h2>Nuestra potente ingenier\u00eda junto con la capacidad industrial de ITSA impacta positivamente en la reducci\u00f3n de los tiempos de desarrollo de proyectos y en los costes finales<\/h2>\n<pre>Nuestro equipo de ingenieros altamente capacitado gestiona los proyectos de forma global, desarrollando productos de alta complejidad t\u00e9cnica apoy\u00e1ndose en los \u00faltimos avances tecnol\u00f3gicos y m\u00e9todos de trabajo seg\u00fan los est\u00e1ndares de gesti\u00f3n de las certificaciones ISO e IRIS.<\/pre>\n<hr \/>\n<p>Identificamos las necesidades de nuestros clientes y analizamos el conjunto del dise\u00f1o para proponer soluciones robustas y funcionales que integren elementos existentes y nuevos sin olvidar el valor est\u00e9tico del conjunto con el fin de garantizar la calidad y \u00f3ptimas prestaciones del producto final.<\/p>\n<p>Finalmente, la Ingenier\u00eda de ITSA desarrolla la soluci\u00f3n t\u00e9cnicamente haciendo uso de las \u00faltimas tecnolog\u00edas para garantizar la soluci\u00f3n \u00f3ptima para cada cliente:<\/p>\n<ul>\n<li>C\u00e1lculo por elementos finitos (FEM)<\/li>\n<li>Desarrollo de 3D , 2D y BOM en diferentes programas<\/li>\n<li>Mould flow<\/li>\n<li>Static tests<\/li>\n<li>Product rendering<\/li>\n<li>Impresi\u00f3n 3D<\/li>\n<li>Sketching<\/li>\n<\/ul>\n<p>La Oficina T\u00e9cnica de ITSA lleva a cabo el dise\u00f1o e ingenier\u00eda de productos, dise\u00f1o y fabricaci\u00f3n de moldes, utillajes y prototipos concediendo el m\u00e1ximo valor al cumplimento de las normativas y especificaciones t\u00e9cnicas internacionales as\u00ed como los plazos marcados por el cliente.<\/p>\n","protected":false},"excerpt":{"rendered":"<p>Nuestra potente ingenier\u00eda junto con la capacidad industrial de ITSA impacta positivamente en la reducci\u00f3n de los tiempos de desarrollo de proyectos y en los costes finales Nuestro equipo de ingenieros altamente capacitado gestiona los proyectos de forma global, desarrollando productos de alta complejidad t\u00e9cnica apoy\u00e1ndose en los \u00faltimos avances tecnol\u00f3gicos y m\u00e9todos de trabajo&#8230;  <a class=\"excerpt-read-more\" href=\"https:\/\/www.itsa.es\/es\/diseno-ingenieria\/\" title=\"Read Dise\u00f1o &#038; Ingenier\u00eda\">Leer m\u00e1s &raquo;<\/a><\/p>\n","protected":false},"author":1,"featured_media":0,"parent":0,"menu_order":55,"comment_status":"closed","ping_status":"closed","template":"","meta":{"_monsterinsights_skip_tracking":false,"_monsterinsights_sitenote_active":false,"_monsterinsights_sitenote_note":"","_monsterinsights_sitenote_category":0,"footnotes":""},"class_list":["post-494","page","type-page","status-publish","hentry"],"_links":{"self":[{"href":"https:\/\/www.itsa.es\/es\/wp-json\/wp\/v2\/pages\/494","targetHints":{"allow":["GET"]}}],"collection":[{"href":"https:\/\/www.itsa.es\/es\/wp-json\/wp\/v2\/pages"}],"about":[{"href":"https:\/\/www.itsa.es\/es\/wp-json\/wp\/v2\/types\/page"}],"author":[{"embeddable":true,"href":"https:\/\/www.itsa.es\/es\/wp-json\/wp\/v2\/users\/1"}],"replies":[{"embeddable":true,"href":"https:\/\/www.itsa.es\/es\/wp-json\/wp\/v2\/comments?post=494"}],"version-history":[{"count":3,"href":"https:\/\/www.itsa.es\/es\/wp-json\/wp\/v2\/pages\/494\/revisions"}],"predecessor-version":[{"id":1063,"href":"https:\/\/www.itsa.es\/es\/wp-json\/wp\/v2\/pages\/494\/revisions\/1063"}],"wp:attachment":[{"href":"https:\/\/www.itsa.es\/es\/wp-json\/wp\/v2\/media?parent=494"}],"curies":[{"name":"wp","href":"https:\/\/api.w.org\/{rel}","templated":true}]}}