{"id":500,"date":"2016-09-23T11:49:49","date_gmt":"2016-09-23T11:49:49","guid":{"rendered":"http:\/\/www.itsa.es\/es\/?page_id=500"},"modified":"2016-09-26T15:40:29","modified_gmt":"2016-09-26T15:40:29","slug":"produccion","status":"publish","type":"page","link":"https:\/\/www.itsa.es\/es\/produccion\/","title":{"rendered":"Producci\u00f3n"},"content":{"rendered":"<h1>Combinamos con \u00e9xito capacidad multi-tecnolog\u00eda y fabricaci\u00f3n de altas prestaciones con procesos eficientes y flexibles\u2026 todo bajo un mismo techo<\/h1>\n<pre>En ITSA disponemos de un\u00a0completo parque tecnol\u00f3gico de m\u00e1quinas de medio y alto tonelaje para la compresi\u00f3n de termoestables y la inyecci\u00f3n de termopl\u00e1sticos, que garantizan una fabricaci\u00f3n con altas prestaciones, gran flexibilidad, contenci\u00f3n de costes y una \u00f3ptima calidad del producto final.\r\n\r\nOfrecemos, adem\u00e1s, un amplio abanico de posibilidades de\u00a0acabado de piezas\u00a0que va desde el\u00a0pintado\u00a0y mecanizado,\u00a0hasta el ensamblaje\u00a0de sistemas completos para entrega de productos llave en mano.<\/pre>\n","protected":false},"excerpt":{"rendered":"<p>Combinamos con \u00e9xito capacidad multi-tecnolog\u00eda y fabricaci\u00f3n de altas prestaciones con procesos eficientes y flexibles\u2026 todo bajo un mismo techo En ITSA disponemos de un\u00a0completo parque tecnol\u00f3gico de m\u00e1quinas de medio y alto tonelaje para la compresi\u00f3n de termoestables y la inyecci\u00f3n de termopl\u00e1sticos, que garantizan una fabricaci\u00f3n con altas prestaciones, gran flexibilidad, contenci\u00f3n de&#8230;  <a class=\"excerpt-read-more\" href=\"https:\/\/www.itsa.es\/es\/produccion\/\" title=\"Read Producci\u00f3n\">Leer m\u00e1s &raquo;<\/a><\/p>\n","protected":false},"author":1,"featured_media":0,"parent":0,"menu_order":145,"comment_status":"closed","ping_status":"closed","template":"page-production.php","meta":{"_monsterinsights_skip_tracking":false,"_monsterinsights_sitenote_active":false,"_monsterinsights_sitenote_note":"","_monsterinsights_sitenote_category":0,"footnotes":""},"class_list":["post-500","page","type-page","status-publish","hentry"],"_links":{"self":[{"href":"https:\/\/www.itsa.es\/es\/wp-json\/wp\/v2\/pages\/500","targetHints":{"allow":["GET"]}}],"collection":[{"href":"https:\/\/www.itsa.es\/es\/wp-json\/wp\/v2\/pages"}],"about":[{"href":"https:\/\/www.itsa.es\/es\/wp-json\/wp\/v2\/types\/page"}],"author":[{"embeddable":true,"href":"https:\/\/www.itsa.es\/es\/wp-json\/wp\/v2\/users\/1"}],"replies":[{"embeddable":true,"href":"https:\/\/www.itsa.es\/es\/wp-json\/wp\/v2\/comments?post=500"}],"version-history":[{"count":3,"href":"https:\/\/www.itsa.es\/es\/wp-json\/wp\/v2\/pages\/500\/revisions"}],"predecessor-version":[{"id":1070,"href":"https:\/\/www.itsa.es\/es\/wp-json\/wp\/v2\/pages\/500\/revisions\/1070"}],"wp:attachment":[{"href":"https:\/\/www.itsa.es\/es\/wp-json\/wp\/v2\/media?parent=500"}],"curies":[{"name":"wp","href":"https:\/\/api.w.org\/{rel}","templated":true}]}}