{"id":506,"date":"2016-09-23T11:50:27","date_gmt":"2016-09-23T11:50:27","guid":{"rendered":"http:\/\/www.itsa.es\/es\/?page_id=506"},"modified":"2026-02-24T12:09:26","modified_gmt":"2026-02-24T12:09:26","slug":"calidad","status":"publish","type":"page","link":"https:\/\/www.itsa.es\/es\/calidad\/","title":{"rendered":"Calidad y Canal \u00c9tico"},"content":{"rendered":"\n<h1 class=\"wp-block-heading\">Implementaci\u00f3n de la Responsabilidad Social Corporativa y Canal \u00c9tico<\/h1>\n\n\n\n<pre class=\"wp-block-preformatted\">El Sistema Interno de Informaci\u00f3n es una herramienta para fortalecer la cultura de la informaci\u00f3n o comunicaci\u00f3n para la prevenci\u00f3n, detecci\u00f3n y correcci\u00f3n de amenazas al inter\u00e9s p\u00fablico y de incumplimientos normativos. Con nuestros grupos de inter\u00e9s, tanto internos como externos, anim\u00e1ndolos a todos ellos a comunicar cualquier inquietud sobre comportamientos poco \u00e9ticos y\/o incumplimientos de la normativa (interna y\/o externa) en el marco de nuestra actividad profesional, y garantizando la protecci\u00f3n de los informantes frente a posibles represalias.<br><br>La Pol\u00edtica del Sistema Interno de Informaci\u00f3n y Gesti\u00f3n del Canal \u00c9tico, demuestra el compromiso de Industrial de Transformados, S.A. con un comportamiento \u00e9tico, basado en nuestro C\u00f3digo \u00c9tico y Pr\u00e1cticas Responsables definido en nuestra Pol\u00edtica de Responsabilidad Social Corporativa (RSC) y la normativa interna y\/o externa de aplicaci\u00f3n.<br><br><\/pre>\n\n\n\n<p><a href=\"https:\/\/www.itsa.es\/wp-content\/uploads\/2025\/01\/Canal-etico-y-practicas-responsables-OK.pdf\">C\u00d3DIGO \u00c9TICO Y PR\u00c1CTICAS RESPONSABLES<\/a><\/p>\n\n\n\n<p><a href=\"https:\/\/www.itsa.es\/wp-content\/uploads\/2026\/02\/POLITICA-DEL-SISTEMA-INTERNO-DE-INFORMACION-Y-GESTION-DEL-CANAL-ETICO.pdf\">POL\u00cdTICA DEL SISTEMA INTERNO DE INFORMACI\u00d3N Y GESTI\u00d3N DEL CANAL \u00c9TICO<\/a><\/p>\n","protected":false},"excerpt":{"rendered":"<p>Implementaci\u00f3n de la Responsabilidad Social Corporativa y Canal \u00c9tico El Sistema Interno de Informaci\u00f3n es una herramienta para fortalecer la cultura de la informaci\u00f3n o comunicaci\u00f3n para la prevenci\u00f3n, detecci\u00f3n y correcci\u00f3n de amenazas al inter\u00e9s p\u00fablico y de incumplimientos normativos. Con nuestros grupos de inter\u00e9s, tanto internos como externos, anim\u00e1ndolos a todos ellos a&#8230;  <a class=\"excerpt-read-more\" href=\"https:\/\/www.itsa.es\/es\/calidad\/\" title=\"Read Calidad y Canal \u00c9tico\">Leer m\u00e1s &raquo;<\/a><\/p>\n","protected":false},"author":1,"featured_media":0,"parent":0,"menu_order":152,"comment_status":"closed","ping_status":"closed","template":"page-quality.php","meta":{"_monsterinsights_skip_tracking":false,"_monsterinsights_sitenote_active":false,"_monsterinsights_sitenote_note":"","_monsterinsights_sitenote_category":0,"footnotes":""},"class_list":["post-506","page","type-page","status-publish","hentry"],"_links":{"self":[{"href":"https:\/\/www.itsa.es\/es\/wp-json\/wp\/v2\/pages\/506","targetHints":{"allow":["GET"]}}],"collection":[{"href":"https:\/\/www.itsa.es\/es\/wp-json\/wp\/v2\/pages"}],"about":[{"href":"https:\/\/www.itsa.es\/es\/wp-json\/wp\/v2\/types\/page"}],"author":[{"embeddable":true,"href":"https:\/\/www.itsa.es\/es\/wp-json\/wp\/v2\/users\/1"}],"replies":[{"embeddable":true,"href":"https:\/\/www.itsa.es\/es\/wp-json\/wp\/v2\/comments?post=506"}],"version-history":[{"count":18,"href":"https:\/\/www.itsa.es\/es\/wp-json\/wp\/v2\/pages\/506\/revisions"}],"predecessor-version":[{"id":5051,"href":"https:\/\/www.itsa.es\/es\/wp-json\/wp\/v2\/pages\/506\/revisions\/5051"}],"wp:attachment":[{"href":"https:\/\/www.itsa.es\/es\/wp-json\/wp\/v2\/media?parent=506"}],"curies":[{"name":"wp","href":"https:\/\/api.w.org\/{rel}","templated":true}]}}