{"id":527,"date":"2016-09-26T08:09:57","date_gmt":"2016-09-26T08:09:57","guid":{"rendered":"http:\/\/www.itsa.es\/es\/?page_id=527"},"modified":"2021-06-16T13:31:23","modified_gmt":"2021-06-16T13:31:23","slug":"automocion","status":"publish","type":"page","link":"https:\/\/www.itsa.es\/es\/sectores\/automocion\/","title":{"rendered":"Automoci\u00f3n"},"content":{"rendered":"<h1>ITSA, l\u00edder europeo en la fabricaci\u00f3n de frentes de automoci\u00f3n<\/h1>\n<a href=\"http:\/\/www.itsa.es\/wp-content\/uploads\/2016\/08\/01_automotive.jpg\"><img loading=\"lazy\" decoding=\"async\" class=\"alignnone wp-image-367 size-medium\" src=\"http:\/\/www.itsa.es\/wp-content\/uploads\/2016\/08\/01_automotive-780x440.jpg\" width=\"780\" height=\"440\" srcset=\"https:\/\/www.itsa.es\/wp-content\/uploads\/2016\/08\/01_automotive.jpg 780w, https:\/\/www.itsa.es\/wp-content\/uploads\/2016\/08\/01_automotive-768x433.jpg 768w\" sizes=\"auto, (max-width: 780px) 100vw, 780px\" \/><\/a>\n<p>Con m\u00e1s de 30 a\u00f1os de experiencia en el mercado de piezas pl\u00e1sticas de carrocer\u00eda de recambio libre, ITSA se sit\u00faa como el proveedor de referencia en la fabricaci\u00f3n y distribuci\u00f3n de frontales para autom\u00f3viles por sus productos de\u00a0alta calidad y su servicio a nivel mundial<\/p>\n<ul>\n<li>Extensa gama de frontales equivalentes a OEM que abarca el 80% del parque de veh\u00edculos europeo<\/li>\n<li>Los frontales ITSA garantizan facilidad y rapidez de montaje<\/li>\n<li>Disponibilidad de stock para una\u00a0entrega r\u00e1pida y eficaz<\/li>\n<li>Ingenier\u00eda propia con amplia experiencia en mercados de primer equipo, y tambi\u00e9n en el sector ferroviario, uno de los m\u00e1s exigentes a nivel t\u00e9cnico y de dise\u00f1o<\/li>\n<li>Materias primas y componentes de alta calidad<\/li>\n<\/ul>\n<hr \/>\n<div id=\"automotive-products\"><\/div>\n<h2>Productos<\/h2>\n<p>El cat\u00e1logo ITSA recoge la m\u00e1s extensa gama de frentes del mercado\u00a0europeo: M\u00e1s de 200 referencias activas y 20 marcas que abarcan el 80% del parque automovil\u00edstico europeo actual, con representaci\u00f3n de los principales fabricantes europeos, japoneses y coreanos.<\/p>\n<p>Nuestros productos garantizan:<\/p>\n<ul>\n<li>M\u00e1xima exigencia de fabricaci\u00f3n<\/li>\n<li>Constantes controles de calidad<\/li>\n<li>Equivalencia a OEM <em><strong>(1)<\/strong><\/em><\/li>\n<li>Funcionalidad: Pruebas de montaje seg\u00fan tolerancias OEM<\/li>\n<li>Certificaci\u00f3n de piezas emitidas por empresas de renombre seg\u00fan la cual:\n<ul>\n<li>Los frentes ITSA son equivalentes al original<\/li>\n<li>Utilizaci\u00f3n de materiales de alta calidad<\/li>\n<li>Excelente dise\u00f1o de productos<\/li>\n<li>Excelente montaje de los frentes ITSA<\/li>\n<li>Procesos de fabricaci\u00f3n \u00f3ptimos<\/li>\n<\/ul>\n<h6><em>(1)\u00a0Las marcas citadas para describir nuestro<\/em><em>s productos son propiedad de los fabricantes a que se refieren. Su utilizaci\u00f3n sirve \u00fanicamente para identificar el modelo del veh\u00edculo sobre el que los productos ITSA pueden ser montados. Nuestros art\u00edculos, aun no siendo originales, son perfectamente adaptables a los veh\u00edculos a que se refieren.<\/em><\/h6>\n<hr \/>\n<div id=\"automotive-services\"><\/div>\n<h2>Servicios<\/h2>\n<p>En ITSA estamos comprometidos con nuestros clientes:<\/p>\n<ul>\n<li>Compromiso de entrega en 48h en cualquier punto de Europa y Servicio Expr\u00e9s 24h en Espa\u00f1a e Italia<\/li>\n<li>Total disponibilidad de stock<\/li>\n<li>Optimizaci\u00f3n de costes log\u00edsticos (embalajes, transporte, etc)<\/li>\n<li>Frentes certificados con bolsa marcada por el logo del organismo certificador<\/li>\n<\/ul>\n","protected":false},"excerpt":{"rendered":"<p>ITSA, l\u00edder europeo en la fabricaci\u00f3n de frentes de automoci\u00f3n Con m\u00e1s de 30 a\u00f1os de experiencia en el mercado de piezas pl\u00e1sticas de carrocer\u00eda de recambio libre, ITSA se sit\u00faa como el proveedor de referencia en la fabricaci\u00f3n y distribuci\u00f3n de frontales para autom\u00f3viles por sus productos de\u00a0alta calidad y su servicio a nivel&#8230;  <a class=\"excerpt-read-more\" href=\"https:\/\/www.itsa.es\/es\/sectores\/automocion\/\" title=\"Read Automoci\u00f3n\">Leer m\u00e1s &raquo;<\/a><\/p>\n","protected":false},"author":1,"featured_media":0,"parent":488,"menu_order":23,"comment_status":"closed","ping_status":"closed","template":"page-sectors.php","meta":{"_monsterinsights_skip_tracking":false,"_monsterinsights_sitenote_active":false,"_monsterinsights_sitenote_note":"","_monsterinsights_sitenote_category":0,"footnotes":""},"class_list":["post-527","page","type-page","status-publish","hentry"],"_links":{"self":[{"href":"https:\/\/www.itsa.es\/es\/wp-json\/wp\/v2\/pages\/527","targetHints":{"allow":["GET"]}}],"collection":[{"href":"https:\/\/www.itsa.es\/es\/wp-json\/wp\/v2\/pages"}],"about":[{"href":"https:\/\/www.itsa.es\/es\/wp-json\/wp\/v2\/types\/page"}],"author":[{"embeddable":true,"href":"https:\/\/www.itsa.es\/es\/wp-json\/wp\/v2\/users\/1"}],"replies":[{"embeddable":true,"href":"https:\/\/www.itsa.es\/es\/wp-json\/wp\/v2\/comments?post=527"}],"version-history":[{"count":6,"href":"https:\/\/www.itsa.es\/es\/wp-json\/wp\/v2\/pages\/527\/revisions"}],"predecessor-version":[{"id":3757,"href":"https:\/\/www.itsa.es\/es\/wp-json\/wp\/v2\/pages\/527\/revisions\/3757"}],"up":[{"embeddable":true,"href":"https:\/\/www.itsa.es\/es\/wp-json\/wp\/v2\/pages\/488"}],"wp:attachment":[{"href":"https:\/\/www.itsa.es\/es\/wp-json\/wp\/v2\/media?parent=527"}],"curies":[{"name":"wp","href":"https:\/\/api.w.org\/{rel}","templated":true}]}}