{"id":533,"date":"2016-09-26T08:10:53","date_gmt":"2016-09-26T08:10:53","guid":{"rendered":"http:\/\/www.itsa.es\/es\/?page_id=533"},"modified":"2021-03-01T10:57:55","modified_gmt":"2021-03-01T10:57:55","slug":"ferroviario","status":"publish","type":"page","link":"https:\/\/www.itsa.es\/es\/sectores\/ferroviario\/","title":{"rendered":"Ferroviario"},"content":{"rendered":"<div id=\"automotive-designing\"><\/div>\n<h1>Dise\u00f1amos para las personas, fabricamos calidad<\/h1>\n<a href=\"http:\/\/www.itsa.es\/wp-content\/uploads\/2016\/08\/02_railway_industry.jpg\"><img loading=\"lazy\" decoding=\"async\" class=\"alignnone wp-image-369 size-medium\" src=\"http:\/\/www.itsa.es\/wp-content\/uploads\/2016\/08\/02_railway_industry-780x440.jpg\" width=\"780\" height=\"440\" srcset=\"https:\/\/www.itsa.es\/wp-content\/uploads\/2016\/08\/02_railway_industry.jpg 780w, https:\/\/www.itsa.es\/wp-content\/uploads\/2016\/08\/02_railway_industry-768x433.jpg 768w\" sizes=\"auto, (max-width: 780px) 100vw, 780px\" \/><\/a>\n<p>ITSA es especialista en el dise\u00f1o, ingenier\u00eda y fabricaci\u00f3n de componentes\u00a0llave en mano para el interiorismo ferroviario. Ofrecemos componentes, soluciones y servicios a proyectos en todo el mundo.<\/p>\n<p>Para la transformaci\u00f3n de materias primas ITSA realiza una amplia gama de procesos en sus propias instalaciones: FRP SMC, SMC + PIMC, RTM e inyecci\u00f3n de pl\u00e1stico. Adem\u00e1s, ITSA desarrolla procesos de pultrusi\u00f3n, laminado a mano, termo conformado, transformaci\u00f3n de metal y procesos de subcomponentes a trav\u00e9s de proveedores especializados.<\/p>\n<p>Nuestro posicionamiento se basa en una colaboraci\u00f3n a largo plazo con los l\u00edderes del mercado y en nuestro know-how y experiencia a nivel t\u00e9cnico, adquirido no s\u00f3lo en el mercado ferroviario sino tambi\u00e9n en otros sectores de alta tecnolog\u00eda (fotovoltaica, aeron\u00e1utica, automoci\u00f3n y se\u00f1alizaci\u00f3n vial).<\/p>\n<hr \/>\n<div id=\"railway-products\"><\/div>\n<h2>Productos<\/h2>\n<p>ITSA crea, dise\u00f1a y fabrica componentes espec\u00edficos para el sector ferroviario. Innovadoras propuestas listas para ensamblar, que conjugan funcionalidad y dise\u00f1o. <\/p>\n<p>Entre nuestras soluciones se incluyen: <\/p>\n<ul>\n<li>Paneles laterales<\/li>\n<li>Techos<\/li>\n<li>Luminarias<\/li>\n<li>Asientos<\/li>\n<li>Suelos<\/li>\n<li>Puertas de acceso<\/li>\n<\/ul>\n<hr \/>\n<div id=\"railway-services\"><\/div>\n<h2>Servicios<\/h2>\n<p>Gestionamos todas las fases de proyecto: <\/p>\n<ul>\n<li>Ingenier\u00eda<\/li>\n<li>Dise\u00f1o de moldes y utillaje<\/li>\n<li>Fabricaci\u00f3n<\/li>\n<li>Acabado y montaje <\/li>\n<li>Embalahje y entrega<\/li>\n<li>Atenci\u00f3n al cliente<\/li>\n<\/ul>\n<hr \/>\n<div id=\"railway-design\"><\/div>\n<h2>Dise\u00f1o e Ingenier\u00eda<\/h2>\n<p>Reducci\u00f3n de costes a trav\u00e9s del\u00a0dise\u00f1o y la innovaci\u00f3n<\/p>\n<p>ITSA  dispone de un\u00a0alto nivel de ingenier\u00eda y capacidad t\u00e9cnica en\u00a0la gesti\u00f3n de proyectos de interiorismo ferroviario (tren, alta velocidad, metro y tranv\u00eda). La reducci\u00f3n de costes, pesos y subcomponentes es un objetivo alcanzable gracias a un eficaz dise\u00f1o y a la funcionalidad de sus componentes cuya industrializaci\u00f3n se optimiza. <\/p>\n<p>La experiencia y la alta\u00a0cualificaci\u00f3n de nuestro equipo de ingenieros\u00a0cubren todos los niveles desde el dise\u00f1o de bocetos, hasta el desarrollo de utillajes y su fabricaci\u00f3n.<\/p>\n<hr \/>\n<div id=\"railway-clients\"><\/div>\n<h2>Clientes<\/h2>\n<div id=\"logos-clients\"><a href=\"http:\/\/www.bombardier.com\/en\/transportation.html\" target=\"_blank\"><img loading=\"lazy\" decoding=\"async\" class=\"alignnone wp-image-352 size-full\" src=\"http:\/\/www.itsa.es\/wp-content\/uploads\/2016\/08\/over_0004_Objeto-inteligente-vectorial.jpg\" width=\"254\" height=\"150\" \/><\/a><a href=\"http:\/\/www.caf.net\" target=\"_blank\"><img loading=\"lazy\" decoding=\"async\" class=\"alignnone wp-image-353 size-full\" src=\"http:\/\/www.itsa.es\/wp-content\/uploads\/2016\/08\/over_0003_Objeto-inteligente-vectorial.jpg\" width=\"254\" height=\"150\" \/><\/a><a href=\"https:\/\/www.siemens.com\" target=\"_blank\"><img loading=\"lazy\" decoding=\"async\" class=\"alignnone wp-image-355 size-full\" src=\"http:\/\/www.itsa.es\/wp-content\/uploads\/2016\/08\/over_0002_Objeto-inteligente-vectorial.jpg\" width=\"254\" height=\"150\" \/><\/a><a href=\"http:\/\/www.stadlerrail.com\/\" target=\"_blank\"><img loading=\"lazy\" decoding=\"async\" class=\"alignnone wp-image-356 size-full\" src=\"http:\/\/www.itsa.es\/wp-content\/uploads\/2016\/08\/over_0001_Objeto-inteligente-vectorial.jpg\" width=\"254\" height=\"150\" \/><\/a><a href=\"http:\/\/ulkm.ru\/\" target=\"_blank\"><img loading=\"lazy\" decoding=\"async\" class=\"alignnone wp-image-357 size-full\" src=\"http:\/\/www.itsa.es\/wp-content\/uploads\/2016\/08\/over_0000_Objeto-inteligente-vectorial.jpg\" width=\"254\" height=\"150\" \/><\/a><a href=\"https:\/\/www.skoda.cz\/en\/\"><img loading=\"lazy\" decoding=\"async\" class=\"alignnone size-full wp-image-3648\" src=\"https:\/\/www.itsa.es\/wp-content\/uploads\/2016\/08\/SKODA-logo-e1614595120388.jpg\" width=\"254\" height=\"150\" \/><\/a><\/div>\n<hr \/>\n","protected":false},"excerpt":{"rendered":"<p>Dise\u00f1amos para las personas, fabricamos calidad ITSA es especialista en el dise\u00f1o, ingenier\u00eda y fabricaci\u00f3n de componentes\u00a0llave en mano para el interiorismo ferroviario. Ofrecemos componentes, soluciones y servicios a proyectos en todo el mundo. Para la transformaci\u00f3n de materias primas ITSA realiza una amplia gama de procesos en sus propias instalaciones: FRP SMC, SMC +&#8230;  <a class=\"excerpt-read-more\" href=\"https:\/\/www.itsa.es\/es\/sectores\/ferroviario\/\" title=\"Read Ferroviario\">Leer m\u00e1s &raquo;<\/a><\/p>\n","protected":false},"author":1,"featured_media":0,"parent":488,"menu_order":162,"comment_status":"closed","ping_status":"closed","template":"page-sectors.php","meta":{"_monsterinsights_skip_tracking":false,"_monsterinsights_sitenote_active":false,"_monsterinsights_sitenote_note":"","_monsterinsights_sitenote_category":0,"footnotes":""},"class_list":["post-533","page","type-page","status-publish","hentry"],"_links":{"self":[{"href":"https:\/\/www.itsa.es\/es\/wp-json\/wp\/v2\/pages\/533","targetHints":{"allow":["GET"]}}],"collection":[{"href":"https:\/\/www.itsa.es\/es\/wp-json\/wp\/v2\/pages"}],"about":[{"href":"https:\/\/www.itsa.es\/es\/wp-json\/wp\/v2\/types\/page"}],"author":[{"embeddable":true,"href":"https:\/\/www.itsa.es\/es\/wp-json\/wp\/v2\/users\/1"}],"replies":[{"embeddable":true,"href":"https:\/\/www.itsa.es\/es\/wp-json\/wp\/v2\/comments?post=533"}],"version-history":[{"count":5,"href":"https:\/\/www.itsa.es\/es\/wp-json\/wp\/v2\/pages\/533\/revisions"}],"predecessor-version":[{"id":3662,"href":"https:\/\/www.itsa.es\/es\/wp-json\/wp\/v2\/pages\/533\/revisions\/3662"}],"up":[{"embeddable":true,"href":"https:\/\/www.itsa.es\/es\/wp-json\/wp\/v2\/pages\/488"}],"wp:attachment":[{"href":"https:\/\/www.itsa.es\/es\/wp-json\/wp\/v2\/media?parent=533"}],"curies":[{"name":"wp","href":"https:\/\/api.w.org\/{rel}","templated":true}]}}