{"id":539,"date":"2016-09-26T08:11:54","date_gmt":"2016-09-26T08:11:54","guid":{"rendered":"http:\/\/www.itsa.es\/es\/?page_id=539"},"modified":"2023-06-30T08:13:53","modified_gmt":"2023-06-30T08:13:53","slug":"urban","status":"publish","type":"page","link":"https:\/\/www.itsa.es\/es\/sectores\/urban\/","title":{"rendered":"Urban"},"content":{"rendered":"<h1>Su partner en se\u00f1alizaci\u00f3n vial<\/h1>\n<a href=\"http:\/\/www.itsa.es\/wp-content\/uploads\/2016\/08\/03_urban_products.jpg\"><img loading=\"lazy\" decoding=\"async\" class=\"alignnone wp-image-371 size-medium\" src=\"http:\/\/www.itsa.es\/wp-content\/uploads\/2016\/08\/03_urban_products-780x440.jpg\" width=\"780\" height=\"440\" srcset=\"https:\/\/www.itsa.es\/wp-content\/uploads\/2016\/08\/03_urban_products.jpg 780w, https:\/\/www.itsa.es\/wp-content\/uploads\/2016\/08\/03_urban_products-768x433.jpg 768w\" sizes=\"auto, (max-width: 780px) 100vw, 780px\" \/><\/a>\n<p>ITSA desarrolla su gama de productos y servicios de se\u00f1alizaci\u00f3n vial gracias a la experiencia adquirida en sectores punteros como el ferroviario y la automoci\u00f3n.<\/p>\n<p>Evoluci\u00f3n de la gama:<\/p>\n<ul class=\"evolution\">\n<li><span class=\"year\">2007<\/span> Barrera Cargo: primera Barrera New Jersey desmontable y fabricada en inyecci\u00f3n<\/li>\n<li><span class=\"year\">2008<\/span> Dise\u00f1o y fabricaci\u00f3n Valla Y-concept<\/li>\n<li><span class=\"year\">2009<\/span> Feria Construmat, Barcelona: Presentaci\u00f3n de la barrera Cargo Barrier y de la valla Y-Concept<\/li>\n<li><span class=\"year\">2010<\/span> Desarrollo de la Baliza led ITSA<\/li>\n<li><span class=\"year\">2010<\/span> Feria Intertraffic, Amsterdam: Presentaci\u00f3n de la gama de se\u00f1alizaci\u00f3n luminosa<\/li>\n<li><span class=\"year\">2011<\/span> Lanzamiento gama Placas Cubrezanjas<\/li>\n<li><span class=\"year\">2015<\/span> Lanzamiento web e-commerce www.urban.itsa.es<\/li>\n<\/ul>\n<hr \/>\n<div id=\"urban-products\"><\/div>\n<h2>Productos<\/h2>\n<p>ITSA Urban Products dise\u00f1a y fabrica componentes espec\u00edficos para el sector de la se\u00f1alizaci\u00f3n urbana.<\/p>\n<p>Nuestros productos abarcan las siguientes categor\u00edas:<\/p>\n<ul>\n<li>Luminarias<\/li>\n<li>Balizamiento<\/li>\n<li>Caucho<\/li>\n<li>Espejos<\/li>\n<li>Se\u00f1ales<\/li>\n<\/ul>\n<hr \/>\n<div id=\"urban-services\"><\/div>\n<h2>Servicios<\/h2>\n<p>Plenamente orientados al cliente, nuestro servicio se traduce en ofrecer un producto de calidad, atenci\u00f3n personalizada, as\u00ed como entregas r\u00e1pidas y eficientes:<\/p>\n<ul>\n<li><strong>Personalizaci\u00f3n de producto:\u00a0<\/strong><br \/>\nServicio de serigraf\u00eda, etiquetado, personalizaci\u00f3n del color en varios productos<\/li>\n<li><strong>Log\u00edstica:<\/strong><br \/>\nEntrega est\u00e1ndar en 48 horas desde la recepci\u00f3n del\u00a0pedido y posibilidad de entrega urgente<\/li>\n<li><strong>Disponibilidad:<\/strong><br \/>\nStock permanente de los productos de mayor rotaci\u00f3n<\/li>\n<li><strong>Calidad y servicio posventa:<\/strong><br \/>\nProductos garantizados, certificados y fabricados seg\u00fan normativa UE<\/li>\n<\/ul>\n<hr \/>\n<div id=\"urban-online\"><\/div>\n<h2>Cat\u00e1logo online<\/h2>\n<p>ITSA ha desarrollado un cat\u00e1logo web con toda la informaci\u00f3n t\u00e9cnica de nuestra completa gama de productos. ITSA trabaja continuamente para ofrecer a sus clientes las soluciones comerciales m\u00e1s innovadoras y modernas.<\/p>\n<p>Nuestro equipo web presta la mejor atenci\u00f3n y servicio desde su consulta inicial hasta la entrega de su mercanc\u00eda. \u00a1Conozca nuestros nuevos productos y servicios!<\/p>\n<p>&nbsp;<\/p>\n<p><a class=\"btn\" href=\"http:\/\/www.urban.itsa.es\/index.php\" target=\"_blank\">Ir al cat\u00e1logo online<\/a><\/p>\n","protected":false},"excerpt":{"rendered":"<p>Su partner en se\u00f1alizaci\u00f3n vial ITSA desarrolla su gama de productos y servicios de se\u00f1alizaci\u00f3n vial gracias a la experiencia adquirida en sectores punteros como el ferroviario y la automoci\u00f3n. Evoluci\u00f3n de la gama: 2007 Barrera Cargo: primera Barrera New Jersey desmontable y fabricada en inyecci\u00f3n 2008 Dise\u00f1o y fabricaci\u00f3n Valla Y-concept 2009 Feria Construmat,&#8230;  <a class=\"excerpt-read-more\" href=\"https:\/\/www.itsa.es\/es\/sectores\/urban\/\" title=\"Read Urban\">Leer m\u00e1s &raquo;<\/a><\/p>\n","protected":false},"author":1,"featured_media":0,"parent":488,"menu_order":185,"comment_status":"closed","ping_status":"closed","template":"page-sectors.php","meta":{"_monsterinsights_skip_tracking":false,"_monsterinsights_sitenote_active":false,"_monsterinsights_sitenote_note":"","_monsterinsights_sitenote_category":0,"footnotes":""},"class_list":["post-539","page","type-page","status-publish","hentry"],"_links":{"self":[{"href":"https:\/\/www.itsa.es\/es\/wp-json\/wp\/v2\/pages\/539","targetHints":{"allow":["GET"]}}],"collection":[{"href":"https:\/\/www.itsa.es\/es\/wp-json\/wp\/v2\/pages"}],"about":[{"href":"https:\/\/www.itsa.es\/es\/wp-json\/wp\/v2\/types\/page"}],"author":[{"embeddable":true,"href":"https:\/\/www.itsa.es\/es\/wp-json\/wp\/v2\/users\/1"}],"replies":[{"embeddable":true,"href":"https:\/\/www.itsa.es\/es\/wp-json\/wp\/v2\/comments?post=539"}],"version-history":[{"count":6,"href":"https:\/\/www.itsa.es\/es\/wp-json\/wp\/v2\/pages\/539\/revisions"}],"predecessor-version":[{"id":4364,"href":"https:\/\/www.itsa.es\/es\/wp-json\/wp\/v2\/pages\/539\/revisions\/4364"}],"up":[{"embeddable":true,"href":"https:\/\/www.itsa.es\/es\/wp-json\/wp\/v2\/pages\/488"}],"wp:attachment":[{"href":"https:\/\/www.itsa.es\/es\/wp-json\/wp\/v2\/media?parent=539"}],"curies":[{"name":"wp","href":"https:\/\/api.w.org\/{rel}","templated":true}]}}