{"id":554,"date":"2016-08-04T12:26:59","date_gmt":"2016-08-04T12:26:59","guid":{"rendered":"http:\/\/www.itsa.es\/es\/empresa\/mission-vision-values\/"},"modified":"2019-05-10T12:51:21","modified_gmt":"2019-05-10T12:51:21","slug":"mission-vision-values","status":"publish","type":"page","link":"https:\/\/www.itsa.es\/es\/empresa\/mission-vision-values\/","title":{"rendered":"Misi\u00f3n, Visi\u00f3n, Valores"},"content":{"rendered":"<h2>Excelencia, \u00e9tica e integridad en todas nuestras actuaciones<\/h2>\n<a href=\"http:\/\/www.itsa.es\/wp-content\/uploads\/2016\/08\/01_mission_vision_values.jpg\"><img loading=\"lazy\" decoding=\"async\" class=\"alignnone wp-image-360 size-medium\" src=\"http:\/\/www.itsa.es\/wp-content\/uploads\/2016\/08\/01_mission_vision_values-780x520.jpg\" width=\"780\" height=\"520\" srcset=\"https:\/\/www.itsa.es\/wp-content\/uploads\/2016\/08\/01_mission_vision_values-780x520.jpg 780w, https:\/\/www.itsa.es\/wp-content\/uploads\/2016\/08\/01_mission_vision_values-768x512.jpg 768w, https:\/\/www.itsa.es\/wp-content\/uploads\/2016\/08\/01_mission_vision_values-915x610.jpg 915w\" sizes=\"auto, (max-width: 780px) 100vw, 780px\" \/><\/a>\n<p>Favorecemos un entorno en el que todas las ideas son valiosas y todas las personas puedan desarrollarse para alcanzar sus objetivos, pues son nuestro principal activo<\/p>\n<h3>Misi\u00f3n<\/h3>\n<ul>\n<li>\u201cPassion for Plastics\u201d. Ofrecer soluciones integrales de dise\u00f1o, fabricaci\u00f3n y comercializaci\u00f3n de productos termopl\u00e1sticos y termoestables para los sectores de automoci\u00f3n, ferroviario, aeron\u00e1utico y se\u00f1alizaci\u00f3n.<\/li>\n<\/ul>\n<h3>Visi\u00f3n<\/h3>\n<ul>\n<li>Mantener el liderato en Europa en el sector de frontales After-Market<\/li>\n<li>Colaborar con los principales ensambladores ferroviarios europeos<\/li>\n<li>Dar\u00a0alternativas tecnol\u00f3gicas con mayores cadencias productivas y menor coste a los actuales productos de interiores aeron\u00e1uticos<\/li>\n<li>Mejorar la Rentabilidad y la Competitividad de la empresa<\/li>\n<\/ul>\n<h3>Valores<\/h3>\n<ul>\n<li>Pro-activos, flexibles y emp\u00e1ticos con orientaci\u00f3n al Servicio al Cliente<\/li>\n<li>\u00cdntegros, con valores y principios \u00e9ticos en nuestras actuaciones<\/li>\n<li>Sensibilizados con la protecci\u00f3n del Medio Ambiente y la Sostenibilidad<\/li>\n<li>Din\u00e1micos y emprendedores en la consecuci\u00f3n de la Excelencia<\/li>\n<li>Comprometidos con la organizaci\u00f3n, colaborando en el trabajo de equipo<\/li>\n<\/ul>\n","protected":false},"excerpt":{"rendered":"<p>Excelencia, \u00e9tica e integridad en todas nuestras actuaciones Favorecemos un entorno en el que todas las ideas son valiosas y todas las personas puedan desarrollarse para alcanzar sus objetivos, pues son nuestro principal activo Misi\u00f3n \u201cPassion for Plastics\u201d. Ofrecer soluciones integrales de dise\u00f1o, fabricaci\u00f3n y comercializaci\u00f3n de productos termopl\u00e1sticos y termoestables para los sectores de&#8230;  <a class=\"excerpt-read-more\" href=\"https:\/\/www.itsa.es\/es\/empresa\/mission-vision-values\/\" title=\"Read Misi\u00f3n, Visi\u00f3n, Valores\">Leer m\u00e1s &raquo;<\/a><\/p>\n","protected":false},"author":1,"featured_media":0,"parent":483,"menu_order":109,"comment_status":"closed","ping_status":"closed","template":"page-company.php","meta":{"_monsterinsights_skip_tracking":false,"_monsterinsights_sitenote_active":false,"_monsterinsights_sitenote_note":"","_monsterinsights_sitenote_category":0,"footnotes":""},"class_list":["post-554","page","type-page","status-publish","hentry"],"_links":{"self":[{"href":"https:\/\/www.itsa.es\/es\/wp-json\/wp\/v2\/pages\/554","targetHints":{"allow":["GET"]}}],"collection":[{"href":"https:\/\/www.itsa.es\/es\/wp-json\/wp\/v2\/pages"}],"about":[{"href":"https:\/\/www.itsa.es\/es\/wp-json\/wp\/v2\/types\/page"}],"author":[{"embeddable":true,"href":"https:\/\/www.itsa.es\/es\/wp-json\/wp\/v2\/users\/1"}],"replies":[{"embeddable":true,"href":"https:\/\/www.itsa.es\/es\/wp-json\/wp\/v2\/comments?post=554"}],"version-history":[{"count":4,"href":"https:\/\/www.itsa.es\/es\/wp-json\/wp\/v2\/pages\/554\/revisions"}],"predecessor-version":[{"id":3485,"href":"https:\/\/www.itsa.es\/es\/wp-json\/wp\/v2\/pages\/554\/revisions\/3485"}],"up":[{"embeddable":true,"href":"https:\/\/www.itsa.es\/es\/wp-json\/wp\/v2\/pages\/483"}],"wp:attachment":[{"href":"https:\/\/www.itsa.es\/es\/wp-json\/wp\/v2\/media?parent=554"}],"curies":[{"name":"wp","href":"https:\/\/api.w.org\/{rel}","templated":true}]}}