{"id":2004,"date":"2016-11-28T16:55:46","date_gmt":"2016-11-28T16:55:46","guid":{"rendered":"http:\/\/www.itsa.es\/fr\/?page_id=2004"},"modified":"2016-11-28T17:02:55","modified_gmt":"2016-11-28T17:02:55","slug":"design-et-ingenierie","status":"publish","type":"page","link":"https:\/\/www.itsa.es\/fr\/design-et-ingenierie\/","title":{"rendered":"Conception et ing\u00e9nierie"},"content":{"rendered":"<h2>Notre puissante ing\u00e9nierie avec la capacit\u00e9 industrielle ITSA a un impact positif sur la r\u00e9duction des temps de d\u00e9veloppement du projet et les co\u00fbts finaux<\/h2>\n<pre>Notre \u00e9quipe d'ing\u00e9nieurs hautement qualifi\u00e9s a g\u00e9r\u00e9 des projets \u00e0 l'\u00e9chelle mondiale, le d\u00e9veloppement de produits de grande complexit\u00e9 technique reposant sur les derni\u00e8res technologies et m\u00e9thodes de travail selon les normes de gestion des certifications ISO et IRIS.<\/pre>\n<hr \/>\n<p>Nous identifions les besoins de nos clients et d&#8217;analyser la conception globale de proposer des solutions robustes et fonctionnels qui int\u00e8grent existants et les nouveaux \u00e9l\u00e9ments sans oublier la valeur esth\u00e9tique de l&#8217;ensemble afin d&#8217;assurer la qualit\u00e9 et la performance optimale du produit final.<\/p>\n<p>Enfin, ITSA Engineering d\u00e9veloppe une solution technique en utilisant les derni\u00e8res technologies pour assurer la solution optimale pour chaque client:<\/p>\n<ul>\n<li>Calcul par \u00e9l\u00e9ments finis (FEM)<\/li>\n<li>D\u00e9veloppement de la 3D, 2D et BOM dans diff\u00e9rents programmes<\/li>\n<li>Flux de moule<\/li>\n<li>Essais statiques<\/li>\n<li>Produit rendering<\/li>\n<li>Impression 3D<\/li>\n<li>Croquis<\/li>\n<\/ul>\n<p>Le Bureau technique ITSA effectue la conception et de l&#8217;ing\u00e9nierie de produits, la conception et la fabrication de moules, outils et prototypes donnant la valeur maximale \u00e0 la conformit\u00e9 avec les normes internationales et les sp\u00e9cifications techniques et les d\u00e9lais fix\u00e9s par le client.<\/p>\n","protected":false},"excerpt":{"rendered":"<p>Notre puissante ing\u00e9nierie avec la capacit\u00e9 industrielle ITSA a un impact positif sur la r\u00e9duction des temps de d\u00e9veloppement du projet et les co\u00fbts finaux Notre \u00e9quipe d&#8217;ing\u00e9nieurs hautement qualifi\u00e9s a g\u00e9r\u00e9 des projets \u00e0 l&#8217;\u00e9chelle mondiale, le d\u00e9veloppement de produits de grande complexit\u00e9 technique reposant sur les derni\u00e8res technologies et m\u00e9thodes de travail selon&#8230;  <a class=\"excerpt-read-more\" href=\"https:\/\/www.itsa.es\/fr\/design-et-ingenierie\/\" title=\"LireConception et ing\u00e9nierie\">Lire la suite &raquo;<\/a><\/p>\n","protected":false},"author":1,"featured_media":0,"parent":0,"menu_order":57,"comment_status":"closed","ping_status":"closed","template":"","meta":{"_monsterinsights_skip_tracking":false,"_monsterinsights_sitenote_active":false,"_monsterinsights_sitenote_note":"","_monsterinsights_sitenote_category":0,"footnotes":""},"class_list":["post-2004","page","type-page","status-publish","hentry"],"_links":{"self":[{"href":"https:\/\/www.itsa.es\/fr\/wp-json\/wp\/v2\/pages\/2004","targetHints":{"allow":["GET"]}}],"collection":[{"href":"https:\/\/www.itsa.es\/fr\/wp-json\/wp\/v2\/pages"}],"about":[{"href":"https:\/\/www.itsa.es\/fr\/wp-json\/wp\/v2\/types\/page"}],"author":[{"embeddable":true,"href":"https:\/\/www.itsa.es\/fr\/wp-json\/wp\/v2\/users\/1"}],"replies":[{"embeddable":true,"href":"https:\/\/www.itsa.es\/fr\/wp-json\/wp\/v2\/comments?post=2004"}],"version-history":[{"count":3,"href":"https:\/\/www.itsa.es\/fr\/wp-json\/wp\/v2\/pages\/2004\/revisions"}],"predecessor-version":[{"id":2016,"href":"https:\/\/www.itsa.es\/fr\/wp-json\/wp\/v2\/pages\/2004\/revisions\/2016"}],"wp:attachment":[{"href":"https:\/\/www.itsa.es\/fr\/wp-json\/wp\/v2\/media?parent=2004"}],"curies":[{"name":"wp","href":"https:\/\/api.w.org\/{rel}","templated":true}]}}