{"id":2030,"date":"2016-11-28T17:13:21","date_gmt":"2016-11-28T17:13:21","guid":{"rendered":"http:\/\/www.itsa.es\/fr\/?page_id=2030"},"modified":"2016-11-28T17:13:21","modified_gmt":"2016-11-28T17:13:21","slug":"ingenierie-societe","status":"publish","type":"page","link":"https:\/\/www.itsa.es\/fr\/ingenierie-societe\/","title":{"rendered":"Ing\u00e9nierie Soci\u00e9t\u00e9"},"content":{"rendered":"<h1>Sp\u00e9cialiste de la cr\u00e9ation de produits techniques en plastique et composite<\/h1>\n<pre>En ITSA nous g\u00e9rons des projets globaux: de la conception de solutions innovantes adapt\u00e9es aux besoins de nos clients, jusqu\u2019\u00e0 la fabrication et la livraison des produits d\u2019haute valeur ajout\u00e9e. Nous int\u00e9grons de nouveaux processus d'industrialisation \u00e0 la pointe des secteurs les plus exigeants.<\/pre>\n","protected":false},"excerpt":{"rendered":"<p>Sp\u00e9cialiste de la cr\u00e9ation de produits techniques en plastique et composite En ITSA nous g\u00e9rons des projets globaux: de la conception de solutions innovantes adapt\u00e9es aux besoins de nos clients, jusqu\u2019\u00e0 la fabrication et la livraison des produits d\u2019haute valeur ajout\u00e9e. Nous int\u00e9grons de nouveaux processus d&#8217;industrialisation \u00e0 la pointe des secteurs les plus exigeants.<\/p>\n","protected":false},"author":1,"featured_media":0,"parent":0,"menu_order":51,"comment_status":"closed","ping_status":"closed","template":"page-company.php","meta":{"_monsterinsights_skip_tracking":false,"_monsterinsights_sitenote_active":false,"_monsterinsights_sitenote_note":"","_monsterinsights_sitenote_category":0,"footnotes":""},"class_list":["post-2030","page","type-page","status-publish","hentry"],"_links":{"self":[{"href":"https:\/\/www.itsa.es\/fr\/wp-json\/wp\/v2\/pages\/2030","targetHints":{"allow":["GET"]}}],"collection":[{"href":"https:\/\/www.itsa.es\/fr\/wp-json\/wp\/v2\/pages"}],"about":[{"href":"https:\/\/www.itsa.es\/fr\/wp-json\/wp\/v2\/types\/page"}],"author":[{"embeddable":true,"href":"https:\/\/www.itsa.es\/fr\/wp-json\/wp\/v2\/users\/1"}],"replies":[{"embeddable":true,"href":"https:\/\/www.itsa.es\/fr\/wp-json\/wp\/v2\/comments?post=2030"}],"version-history":[{"count":1,"href":"https:\/\/www.itsa.es\/fr\/wp-json\/wp\/v2\/pages\/2030\/revisions"}],"predecessor-version":[{"id":2031,"href":"https:\/\/www.itsa.es\/fr\/wp-json\/wp\/v2\/pages\/2030\/revisions\/2031"}],"wp:attachment":[{"href":"https:\/\/www.itsa.es\/fr\/wp-json\/wp\/v2\/media?parent=2030"}],"curies":[{"name":"wp","href":"https:\/\/api.w.org\/{rel}","templated":true}]}}