{"id":2042,"date":"2016-11-28T17:20:06","date_gmt":"2016-11-28T17:20:06","guid":{"rendered":"http:\/\/www.itsa.es\/fr\/?page_id=2042"},"modified":"2019-05-10T12:47:40","modified_gmt":"2019-05-10T12:47:40","slug":"mission-vision-valeurs","status":"publish","type":"page","link":"https:\/\/www.itsa.es\/fr\/ingenierie-societe\/mission-vision-valeurs\/","title":{"rendered":"Mission, Vision, Valeurs"},"content":{"rendered":"<h2>Excellence, l&#8217;\u00e9thique et l&#8217;int\u00e9grit\u00e9 dans toutes nos actions<\/h2>\n<a href=\"http:\/\/www.itsa.es\/wp-content\/uploads\/2016\/08\/01_mission_vision_values.jpg\"><img loading=\"lazy\" decoding=\"async\" class=\"alignnone wp-image-360 size-medium\" src=\"http:\/\/www.itsa.es\/wp-content\/uploads\/2016\/08\/01_mission_vision_values-780x520.jpg\" width=\"780\" height=\"520\" srcset=\"https:\/\/www.itsa.es\/wp-content\/uploads\/2016\/08\/01_mission_vision_values-780x520.jpg 780w, https:\/\/www.itsa.es\/wp-content\/uploads\/2016\/08\/01_mission_vision_values-768x512.jpg 768w, https:\/\/www.itsa.es\/wp-content\/uploads\/2016\/08\/01_mission_vision_values-915x610.jpg 915w\" sizes=\"auto, (max-width: 780px) 100vw, 780px\" \/><\/a>\n<p>Nous encourageons un environnement dans lequel toutes les id\u00e9es sont pr\u00e9cieuses et tous les gens peuvent d\u00e9velopper pour atteindre leurs objectifs, car ils sont notre principal atout<\/p>\n<h3>Mission<\/h3>\n<ul>\n<li>&#8220;Passion for Plastics&#8221;. Offrir des solutions de conception, fabrication et commercialisation des produits thermoplastiques et thermodurcissables pour l&#8217;automobile, ferroviaire, a\u00e9ronautique et signalisation.<\/li>\n<\/ul>\n<h3>Vision<\/h3>\n<ul>\n<li>Gardez la t\u00eate en Europe dans le domaine des rechanges adapt\u00e9s.<\/li>\n<li>Collaborer avec les principaux assembleurs ferroviaires europ\u00e9ens.<\/li>\n<li>Offrir \u00a0des alternatives technologiques avec des taux de production plus \u00e9lev\u00e9s et un co\u00fbt inf\u00e9rieur aux produits int\u00e9rieurs a\u00e9ronautiques actuels<\/li>\n<li>Am\u00e9liorer la rentabilit\u00e9 et la comp\u00e9titivit\u00e9 de l&#8217;entreprise.<\/li>\n<\/ul>\n<h3>Valeurs<\/h3>\n<ul>\n<li>Proactifs, orient\u00e9s vers le service \u00e0 la client\u00e8le, flexibles et empathiques.<\/li>\n<li>Int\u00e8gres, montrant des valeurs et des principes \u00e9thiques dans nos actions.<\/li>\n<li>Sensibilis\u00e9s \u00e0 la protection de l&#8217;environnement et la durabilit\u00e9.<\/li>\n<li>Dynamique et entreprenant \u00e0 atteindre l&#8217;excellence.<\/li>\n<li>Engag\u00e9s \u00e0 l&#8217;organisation, participant dans le travail d&#8217;\u00e9quipe.<\/li>\n<\/ul>\n","protected":false},"excerpt":{"rendered":"<p>Excellence, l&#8217;\u00e9thique et l&#8217;int\u00e9grit\u00e9 dans toutes nos actions Nous encourageons un environnement dans lequel toutes les id\u00e9es sont pr\u00e9cieuses et tous les gens peuvent d\u00e9velopper pour atteindre leurs objectifs, car ils sont notre principal atout Mission &#8220;Passion for Plastics&#8221;. Offrir des solutions de conception, fabrication et commercialisation des produits thermoplastiques et thermodurcissables pour l&#8217;automobile, ferroviaire,&#8230;  <a class=\"excerpt-read-more\" href=\"https:\/\/www.itsa.es\/fr\/ingenierie-societe\/mission-vision-valeurs\/\" title=\"LireMission, Vision, Valeurs\">Lire la suite &raquo;<\/a><\/p>\n","protected":false},"author":1,"featured_media":0,"parent":2030,"menu_order":107,"comment_status":"closed","ping_status":"closed","template":"page-company.php","meta":{"_monsterinsights_skip_tracking":false,"_monsterinsights_sitenote_active":false,"_monsterinsights_sitenote_note":"","_monsterinsights_sitenote_category":0,"footnotes":""},"class_list":["post-2042","page","type-page","status-publish","hentry"],"_links":{"self":[{"href":"https:\/\/www.itsa.es\/fr\/wp-json\/wp\/v2\/pages\/2042","targetHints":{"allow":["GET"]}}],"collection":[{"href":"https:\/\/www.itsa.es\/fr\/wp-json\/wp\/v2\/pages"}],"about":[{"href":"https:\/\/www.itsa.es\/fr\/wp-json\/wp\/v2\/types\/page"}],"author":[{"embeddable":true,"href":"https:\/\/www.itsa.es\/fr\/wp-json\/wp\/v2\/users\/1"}],"replies":[{"embeddable":true,"href":"https:\/\/www.itsa.es\/fr\/wp-json\/wp\/v2\/comments?post=2042"}],"version-history":[{"count":4,"href":"https:\/\/www.itsa.es\/fr\/wp-json\/wp\/v2\/pages\/2042\/revisions"}],"predecessor-version":[{"id":3482,"href":"https:\/\/www.itsa.es\/fr\/wp-json\/wp\/v2\/pages\/2042\/revisions\/3482"}],"up":[{"embeddable":true,"href":"https:\/\/www.itsa.es\/fr\/wp-json\/wp\/v2\/pages\/2030"}],"wp:attachment":[{"href":"https:\/\/www.itsa.es\/fr\/wp-json\/wp\/v2\/media?parent=2042"}],"curies":[{"name":"wp","href":"https:\/\/api.w.org\/{rel}","templated":true}]}}