{"id":2045,"date":"2016-11-28T17:22:09","date_gmt":"2016-11-28T17:22:09","guid":{"rendered":"http:\/\/www.itsa.es\/fr\/?page_id=2045"},"modified":"2016-11-28T17:22:09","modified_gmt":"2016-11-28T17:22:09","slug":"histoire","status":"publish","type":"page","link":"https:\/\/www.itsa.es\/fr\/ingenierie-societe\/histoire\/","title":{"rendered":"Histoire"},"content":{"rendered":"<h2>Plus de 30 ans d&#8217;innovation<\/h2>\n<a href=\"http:\/\/www.itsa.es\/wp-content\/uploads\/2016\/08\/02_history.jpg\"><img loading=\"lazy\" decoding=\"async\" class=\"alignnone wp-image-362 size-medium\" src=\"http:\/\/www.itsa.es\/wp-content\/uploads\/2016\/08\/02_history-780x440.jpg\" width=\"780\" height=\"440\" srcset=\"https:\/\/www.itsa.es\/wp-content\/uploads\/2016\/08\/02_history.jpg 780w, https:\/\/www.itsa.es\/wp-content\/uploads\/2016\/08\/02_history-768x433.jpg 768w\" sizes=\"auto, (max-width: 780px) 100vw, 780px\" \/><\/a>\n<p>Tout au long de nos plus de 30 ans d&#8217;exp\u00e9rience, nous avons diversifi\u00e9 et \u00e9largi nos processus de conception et de fabrication jusqu\u2019\u00e0 renforcer notre pr\u00e9sence dans quatre secteurs: Automobile, Ferroviaire, Urbain et le d\u00e9veloppement de projets personnalis\u00e9s.<\/p>\n","protected":false},"excerpt":{"rendered":"<p>Plus de 30 ans d&#8217;innovation Tout au long de nos plus de 30 ans d&#8217;exp\u00e9rience, nous avons diversifi\u00e9 et \u00e9largi nos processus de conception et de fabrication jusqu\u2019\u00e0 renforcer notre pr\u00e9sence dans quatre secteurs: Automobile, Ferroviaire, Urbain et le d\u00e9veloppement de projets personnalis\u00e9s.<\/p>\n","protected":false},"author":1,"featured_media":0,"parent":2030,"menu_order":61,"comment_status":"closed","ping_status":"closed","template":"page-history.php","meta":{"_monsterinsights_skip_tracking":false,"_monsterinsights_sitenote_active":false,"_monsterinsights_sitenote_note":"","_monsterinsights_sitenote_category":0,"footnotes":""},"class_list":["post-2045","page","type-page","status-publish","hentry"],"_links":{"self":[{"href":"https:\/\/www.itsa.es\/fr\/wp-json\/wp\/v2\/pages\/2045","targetHints":{"allow":["GET"]}}],"collection":[{"href":"https:\/\/www.itsa.es\/fr\/wp-json\/wp\/v2\/pages"}],"about":[{"href":"https:\/\/www.itsa.es\/fr\/wp-json\/wp\/v2\/types\/page"}],"author":[{"embeddable":true,"href":"https:\/\/www.itsa.es\/fr\/wp-json\/wp\/v2\/users\/1"}],"replies":[{"embeddable":true,"href":"https:\/\/www.itsa.es\/fr\/wp-json\/wp\/v2\/comments?post=2045"}],"version-history":[{"count":1,"href":"https:\/\/www.itsa.es\/fr\/wp-json\/wp\/v2\/pages\/2045\/revisions"}],"predecessor-version":[{"id":2046,"href":"https:\/\/www.itsa.es\/fr\/wp-json\/wp\/v2\/pages\/2045\/revisions\/2046"}],"up":[{"embeddable":true,"href":"https:\/\/www.itsa.es\/fr\/wp-json\/wp\/v2\/pages\/2030"}],"wp:attachment":[{"href":"https:\/\/www.itsa.es\/fr\/wp-json\/wp\/v2\/media?parent=2045"}],"curies":[{"name":"wp","href":"https:\/\/api.w.org\/{rel}","templated":true}]}}