{"id":2054,"date":"2016-11-28T17:28:43","date_gmt":"2016-11-28T17:28:43","guid":{"rendered":"http:\/\/www.itsa.es\/fr\/?page_id=2054"},"modified":"2016-11-28T17:28:43","modified_gmt":"2016-11-28T17:28:43","slug":"secteurs","status":"publish","type":"page","link":"https:\/\/www.itsa.es\/fr\/secteurs\/","title":{"rendered":"Secteurs"},"content":{"rendered":"<h1>Technologie, savoir-faire, attitude<\/h1>\n<pre>Offrir un  excellent service client signifie rien de plus et rien de moins que r\u00e9pondre aux attentes des clients en offrant un service flexible, professionnel et \u00e0 proximit\u00e9.\r\n\r\nGr\u00e2ce \u00e0 notre large gamme de machines avec le soutien des derni\u00e8res technologies, nous fabriquons produits d\u2019haute qualit\u00e9 qui ont une excellente performance.\r\n<\/pre>\n","protected":false},"excerpt":{"rendered":"<p>Technologie, savoir-faire, attitude Offrir un excellent service client signifie rien de plus et rien de moins que r\u00e9pondre aux attentes des clients en offrant un service flexible, professionnel et \u00e0 proximit\u00e9. Gr\u00e2ce \u00e0 notre large gamme de machines avec le soutien des derni\u00e8res technologies, nous fabriquons produits d\u2019haute qualit\u00e9 qui ont une excellente performance.<\/p>\n","protected":false},"author":1,"featured_media":0,"parent":0,"menu_order":173,"comment_status":"closed","ping_status":"closed","template":"page-sectors.php","meta":{"_monsterinsights_skip_tracking":false,"_monsterinsights_sitenote_active":false,"_monsterinsights_sitenote_note":"","_monsterinsights_sitenote_category":0,"footnotes":""},"class_list":["post-2054","page","type-page","status-publish","hentry"],"_links":{"self":[{"href":"https:\/\/www.itsa.es\/fr\/wp-json\/wp\/v2\/pages\/2054","targetHints":{"allow":["GET"]}}],"collection":[{"href":"https:\/\/www.itsa.es\/fr\/wp-json\/wp\/v2\/pages"}],"about":[{"href":"https:\/\/www.itsa.es\/fr\/wp-json\/wp\/v2\/types\/page"}],"author":[{"embeddable":true,"href":"https:\/\/www.itsa.es\/fr\/wp-json\/wp\/v2\/users\/1"}],"replies":[{"embeddable":true,"href":"https:\/\/www.itsa.es\/fr\/wp-json\/wp\/v2\/comments?post=2054"}],"version-history":[{"count":1,"href":"https:\/\/www.itsa.es\/fr\/wp-json\/wp\/v2\/pages\/2054\/revisions"}],"predecessor-version":[{"id":2055,"href":"https:\/\/www.itsa.es\/fr\/wp-json\/wp\/v2\/pages\/2054\/revisions\/2055"}],"wp:attachment":[{"href":"https:\/\/www.itsa.es\/fr\/wp-json\/wp\/v2\/media?parent=2054"}],"curies":[{"name":"wp","href":"https:\/\/api.w.org\/{rel}","templated":true}]}}