{"id":2082,"date":"2016-11-28T17:48:19","date_gmt":"2016-11-28T17:48:19","guid":{"rendered":"http:\/\/www.itsa.es\/fr\/?page_id=2082"},"modified":"2021-09-17T09:24:55","modified_gmt":"2021-09-17T09:24:55","slug":"ferroviaire","status":"publish","type":"page","link":"https:\/\/www.itsa.es\/fr\/secteurs\/ferroviaire\/","title":{"rendered":"Ferroviaire"},"content":{"rendered":"<div id=\"automotive-designing\"><\/div>\n<h1>Con\u00e7u pour les personnes, on fabrique qualit\u00e9<\/h1>\n<a href=\"http:\/\/www.itsa.es\/wp-content\/uploads\/2016\/08\/02_railway_industry.jpg\"><img loading=\"lazy\" decoding=\"async\" class=\"alignnone wp-image-369 size-medium\" src=\"http:\/\/www.itsa.es\/wp-content\/uploads\/2016\/08\/02_railway_industry-780x440.jpg\" width=\"780\" height=\"440\" srcset=\"https:\/\/www.itsa.es\/wp-content\/uploads\/2016\/08\/02_railway_industry.jpg 780w, https:\/\/www.itsa.es\/wp-content\/uploads\/2016\/08\/02_railway_industry-768x433.jpg 768w\" sizes=\"auto, (max-width: 780px) 100vw, 780px\" \/><\/a>\n<p>ITSA se sp\u00e9cialise dans la conception, l&#8217;ing\u00e9nierie et la fabrication de composants cl\u00e9s en main pour l&#8217;int\u00e9rieurisme ferroviaire. Nous offrons des composants, des solutions et des services pour des projets dans le monde entier.<\/p>\n<p>En outre, ITSA d\u00e9veloppe des proc\u00e9d\u00e9s de pultrusion, laminage \u00e0 la main, le thermoformage, sous-composants et les processus de traitement des m\u00e9taux par des fournisseurs sp\u00e9cialis\u00e9s.<\/p>\n<p>Notre position est fond\u00e9e sur un partenariat \u00e0 long terme avec les leaders du march\u00e9 et notre savoir-faire ainsi que l&#8217;exp\u00e9rience au niveau technique, acquise non seulement sur le march\u00e9 du transport ferroviaire, mais aussi dans d&#8217;autres secteurs de haute technologie (photovolta\u00efque, de l&#8217;a\u00e9rospatiale, de l&#8217;automobile et de la signalisation fiole).<\/p>\n<hr \/>\n<div id=\"railway-products\"><\/div>\n<h2>Produits<\/h2>\n<p>ITSA cr\u00e9e, con\u00e7oit et fabrique des composants sp\u00e9cifiques pour le secteur ferroviaire. Des propositions innovantes pr\u00eates \u00e0 assembler qui allient fonctionnalit\u00e9 et design.<\/p>\n<p>Nos solutions comprennent:<\/p>\n<ul>\n<li>Panneaux lat\u00e9raux<\/li>\n<li>Plafonds<\/li>\n<li>luminaires<\/li>\n<li>si\u00e8ges<\/li>\n<li>sols<\/li>\n<li>Les portes d&#8217;acc\u00e8s<\/li>\n<\/ul>\n<hr \/>\n<div id=\"railway-services\"><\/div>\n<h2>Services<\/h2>\n<p>Nous g\u00e9rons toutes les phases du projet:<\/p>\n<ul>\n<li>Ing\u00e9nierie<\/li>\n<li>Conception de moules et d&#8217;outils<\/li>\n<li>Fabrication<\/li>\n<li>Finition et assemblage<\/li>\n<li>Emballage et de livraison<\/li>\n<li>Attention au client<\/li>\n<\/ul>\n<hr \/>\n<div id=\"railway-design\"><\/div>\n<h2>Conception et ing\u00e9nierie<\/h2>\n<p>R\u00e9duction des co\u00fbts gr\u00e2ce \u00e0 la conception et \u00e0 l&#8217;innovation<\/p>\n<p>ITSA a un haut niveau de l&#8217;ing\u00e9nierie et de la capacit\u00e9 technique dans la gestion de projets ferroviaires d\u2019int\u00e9rieurisme (train, grande vitesse, m\u00e9tro et tram). R\u00e9duction des co\u00fbts, des poids et des souscomposants est un objectif r\u00e9alisable gr\u00e2ce \u00e0 l\u2019efficace conception et la fonctionnalit\u00e9 de ses composants dont l&#8217;industrialisation est optimis\u00e9e.<\/p>\n<p>L&#8217;exp\u00e9rience et la haute qualification de nos ing\u00e9nieurs couvrent tous les niveaux de croquis de conception \u00e0 la mise au point de l&#8217;outillage et de fabrication.<\/p>\n<hr \/>\n<div id=\"railway-clients\"><\/div>\n<h2>Clients<\/h2>\n<div id=\"logos-clients\"><a href=\"http:\/\/www.bombardier.com\/en\/transportation.html\" target=\"_blank\"><img loading=\"lazy\" decoding=\"async\" class=\"alignnone wp-image-352 size-full\" src=\"http:\/\/www.itsa.es\/wp-content\/uploads\/2016\/08\/over_0004_Objeto-inteligente-vectorial.jpg\" width=\"254\" height=\"150\" \/><\/a><a href=\"http:\/\/www.caf.net\" target=\"_blank\"><img loading=\"lazy\" decoding=\"async\" class=\"alignnone wp-image-353 size-full\" src=\"http:\/\/www.itsa.es\/wp-content\/uploads\/2016\/08\/over_0003_Objeto-inteligente-vectorial.jpg\" width=\"254\" height=\"150\" \/><\/a><a href=\"https:\/\/www.siemens.com\" target=\"_blank\"><img loading=\"lazy\" decoding=\"async\" class=\"alignnone wp-image-355 size-full\" src=\"http:\/\/www.itsa.es\/wp-content\/uploads\/2016\/08\/over_0002_Objeto-inteligente-vectorial.jpg\" width=\"254\" height=\"150\" \/><\/a><a href=\"http:\/\/www.stadlerrail.com\/\" target=\"_blank\"><img loading=\"lazy\" decoding=\"async\" class=\"alignnone wp-image-356 size-full\" src=\"http:\/\/www.itsa.es\/wp-content\/uploads\/2016\/08\/over_0001_Objeto-inteligente-vectorial.jpg\" width=\"254\" height=\"150\" \/><\/a><a href=\"http:\/\/ulkm.ru\/\" target=\"_blank\"><img loading=\"lazy\" decoding=\"async\" class=\"alignnone wp-image-357 size-full\" src=\"http:\/\/www.itsa.es\/wp-content\/uploads\/2016\/08\/over_0000_Objeto-inteligente-vectorial.jpg\" width=\"254\" height=\"150\" \/><\/a><a href=\"https:\/\/www.skoda.cz\/en\/\"><img loading=\"lazy\" decoding=\"async\" class=\"alignnone size-full wp-image-3648\" src=\"https:\/\/www.itsa.es\/wp-content\/uploads\/2016\/08\/SKODA-logo-e1614595120388.jpg\" width=\"254\" height=\"150\" \/><\/a><\/div>\n<hr \/>\n","protected":false},"excerpt":{"rendered":"<p>Con\u00e7u pour les personnes, on fabrique qualit\u00e9 ITSA se sp\u00e9cialise dans la conception, l&#8217;ing\u00e9nierie et la fabrication de composants cl\u00e9s en main pour l&#8217;int\u00e9rieurisme ferroviaire. Nous offrons des composants, des solutions et des services pour des projets dans le monde entier. En outre, ITSA d\u00e9veloppe des proc\u00e9d\u00e9s de pultrusion, laminage \u00e0 la main, le thermoformage,&#8230;  <a class=\"excerpt-read-more\" href=\"https:\/\/www.itsa.es\/fr\/secteurs\/ferroviaire\/\" title=\"LireFerroviaire\">Lire la suite &raquo;<\/a><\/p>\n","protected":false},"author":1,"featured_media":0,"parent":2054,"menu_order":161,"comment_status":"closed","ping_status":"closed","template":"page-sectors.php","meta":{"_monsterinsights_skip_tracking":false,"_monsterinsights_sitenote_active":false,"_monsterinsights_sitenote_note":"","_monsterinsights_sitenote_category":0,"footnotes":""},"class_list":["post-2082","page","type-page","status-publish","hentry"],"_links":{"self":[{"href":"https:\/\/www.itsa.es\/fr\/wp-json\/wp\/v2\/pages\/2082","targetHints":{"allow":["GET"]}}],"collection":[{"href":"https:\/\/www.itsa.es\/fr\/wp-json\/wp\/v2\/pages"}],"about":[{"href":"https:\/\/www.itsa.es\/fr\/wp-json\/wp\/v2\/types\/page"}],"author":[{"embeddable":true,"href":"https:\/\/www.itsa.es\/fr\/wp-json\/wp\/v2\/users\/1"}],"replies":[{"embeddable":true,"href":"https:\/\/www.itsa.es\/fr\/wp-json\/wp\/v2\/comments?post=2082"}],"version-history":[{"count":5,"href":"https:\/\/www.itsa.es\/fr\/wp-json\/wp\/v2\/pages\/2082\/revisions"}],"predecessor-version":[{"id":3659,"href":"https:\/\/www.itsa.es\/fr\/wp-json\/wp\/v2\/pages\/2082\/revisions\/3659"}],"up":[{"embeddable":true,"href":"https:\/\/www.itsa.es\/fr\/wp-json\/wp\/v2\/pages\/2054"}],"wp:attachment":[{"href":"https:\/\/www.itsa.es\/fr\/wp-json\/wp\/v2\/media?parent=2082"}],"curies":[{"name":"wp","href":"https:\/\/api.w.org\/{rel}","templated":true}]}}